{"id":632,"date":"2024-10-21T19:27:49","date_gmt":"2024-10-21T17:27:49","guid":{"rendered":"https:\/\/slctorcy.fr\/WorldPress\/?page_id=632"},"modified":"2026-03-01T22:27:28","modified_gmt":"2026-03-01T21:27:28","slug":"ecole-des-chiots","status":"publish","type":"page","link":"https:\/\/slctorcy.fr\/WorldPress\/ecole-des-chiots\/","title":{"rendered":"Ecole des chiots"},"content":{"rendered":"\t\t<div data-elementor-type=\"wp-page\" data-elementor-id=\"632\" class=\"elementor elementor-632\">\n\t\t\t\t<div class=\"elementor-element elementor-element-cc20c56 e-con-full e-flex e-con e-child\" data-id=\"cc20c56\" data-element_type=\"container\" data-settings=\"{&quot;background_background&quot;:&quot;classic&quot;,&quot;shape_divider_top&quot;:&quot;curve&quot;}\">\n\t\t\t\t<div class=\"elementor-shape elementor-shape-top\" data-negative=\"false\">\n\t\t\t<svg xmlns=\"http:\/\/www.w3.org\/2000\/svg\" viewBox=\"0 0 1000 100\" preserveAspectRatio=\"none\">\n    <path class=\"elementor-shape-fill\" d=\"M1000,4.3V0H0v4.3C0.9,23.1,126.7,99.2,500,100S1000,22.7,1000,4.3z\"\/>\n<\/svg>\t\t<\/div>\n\t\t\t\t<div class=\"elementor-element elementor-element-d7e74e0 elementor-widget__width-initial elementor-widget elementor-widget-image\" data-id=\"d7e74e0\" data-element_type=\"widget\" data-widget_type=\"image.default\">\n\t\t\t\t<div class=\"elementor-widget-container\">\n\t\t\t\t\t\t\t\t\t\t\t\t\t<img fetchpriority=\"high\" decoding=\"async\" width=\"343\" height=\"315\" src=\"https:\/\/slctorcy.fr\/WorldPress\/wp-content\/uploads\/2024\/11\/Logo-ecole-chiot.jpg\" class=\"attachment-full size-full wp-image-2553\" alt=\"\" srcset=\"https:\/\/slctorcy.fr\/WorldPress\/wp-content\/uploads\/2024\/11\/Logo-ecole-chiot.jpg 343w, https:\/\/slctorcy.fr\/WorldPress\/wp-content\/uploads\/2024\/11\/Logo-ecole-chiot-300x276.jpg 300w\" sizes=\"(max-width: 343px) 100vw, 343px\" \/>\t\t\t\t\t\t\t\t\t\t\t\t\t<\/div>\n\t\t\t\t<\/div>\n\t\t\t\t<div class=\"elementor-element elementor-element-c1948a5 elementor-widget elementor-widget-heading\" data-id=\"c1948a5\" data-element_type=\"widget\" data-widget_type=\"heading.default\">\n\t\t\t\t<div class=\"elementor-widget-container\">\n\t\t\t<h2 class=\"elementor-heading-title elementor-size-default\">ECOLES DES CHIOTS<\/h2>\t\t<\/div>\n\t\t\t\t<\/div>\n\t\t\t\t<\/div>\n\t\t<div class=\"elementor-element elementor-element-3293496 e-flex e-con-boxed e-con e-parent\" data-id=\"3293496\" data-element_type=\"container\">\n\t\t\t\t\t<div class=\"e-con-inner\">\n\t\t<div class=\"elementor-element elementor-element-8be35f6 e-con-full elementor-hidden-mobile e-flex e-con e-child\" data-id=\"8be35f6\" data-element_type=\"container\" data-settings=\"{&quot;background_background&quot;:&quot;classic&quot;}\">\n\t\t\t\t<\/div>\n\t\t<div class=\"elementor-element elementor-element-ab796b8 e-con-full elementor-hidden-mobile e-flex e-con e-child\" data-id=\"ab796b8\" data-element_type=\"container\" data-settings=\"{&quot;background_background&quot;:&quot;classic&quot;}\">\n\t\t\t\t<\/div>\n\t\t<div class=\"elementor-element elementor-element-aed2537 e-con-full e-flex e-con e-child\" data-id=\"aed2537\" data-element_type=\"container\" data-settings=\"{&quot;background_background&quot;:&quot;classic&quot;}\">\n\t\t\t\t<div class=\"elementor-element elementor-element-294d614 elementor-widget__width-initial elementor-widget-tablet__width-initial elementor-widget elementor-widget-text-editor\" data-id=\"294d614\" data-element_type=\"widget\" data-widget_type=\"text-editor.default\">\n\t\t\t\t<div class=\"elementor-widget-container\">\n\t\t\t\t\t\t\t<p>Les horaires des cours sont en fonction de l&rsquo;\u00e2ge du chiot :<\/p><ul><li>Chiots 3 mois \u00e0 4 mois (r\u00e9volus) : Samedi \/ Dimanche\u00a0 9h30 &#8211; 10h15<\/li><li>Chiots 4 mois \u00e0 5 mois (r\u00e9volus) : Samedi \/ Dimanche\u00a0 10h30 &#8211; 11h15<\/li><li>Chiots 5 mois \u00e0 6 mois (r\u00e9volus) : Samedi \/ Dimanche\u00a0 11h30 &#8211; 12h15<\/li><\/ul>\t\t\t\t\t\t<\/div>\n\t\t\t\t<\/div>\n\t\t\t\t<div class=\"elementor-element elementor-element-ba92f79 elementor-widget elementor-widget-button\" data-id=\"ba92f79\" data-element_type=\"widget\" data-widget_type=\"button.default\">\n\t\t\t\t<div class=\"elementor-widget-container\">\n\t\t\t\t\t\t\t<div class=\"elementor-button-wrapper\">\n\t\t\t\t\t<a class=\"elementor-button elementor-button-link elementor-size-sm\" href=\"http:\/\/slctorcy.fr\/WorldPress\/planning\/\">\n\t\t\t\t\t\t<span class=\"elementor-button-content-wrapper\">\n\t\t\t\t\t\t<span class=\"elementor-button-icon\">\n\t\t\t\t<svg aria-hidden=\"true\" class=\"e-font-icon-svg e-far-hand-paper\" viewBox=\"0 0 448 512\" xmlns=\"http:\/\/www.w3.org\/2000\/svg\"><path d=\"M372.57 112.641v-10.825c0-43.612-40.52-76.691-83.039-65.546-25.629-49.5-94.09-47.45-117.982.747C130.269 26.456 89.144 57.945 89.144 102v126.13c-19.953-7.427-43.308-5.068-62.083 8.871-29.355 21.796-35.794 63.333-14.55 93.153L132.48 498.569a32 32 0 0 0 26.062 13.432h222.897c14.904 0 27.835-10.289 31.182-24.813l30.184-130.958A203.637 203.637 0 0 0 448 310.564V179c0-40.62-35.523-71.992-75.43-66.359zm27.427 197.922c0 11.731-1.334 23.469-3.965 34.886L368.707 464h-201.92L51.591 302.303c-14.439-20.27 15.023-42.776 29.394-22.605l27.128 38.079c8.995 12.626 29.031 6.287 29.031-9.283V102c0-25.645 36.571-24.81 36.571.691V256c0 8.837 7.163 16 16 16h6.856c8.837 0 16-7.163 16-16V67c0-25.663 36.571-24.81 36.571.691V256c0 8.837 7.163 16 16 16h6.856c8.837 0 16-7.163 16-16V101.125c0-25.672 36.57-24.81 36.57.691V256c0 8.837 7.163 16 16 16h6.857c8.837 0 16-7.163 16-16v-76.309c0-26.242 36.57-25.64 36.57-.691v131.563z\"><\/path><\/svg>\t\t\t<\/span>\n\t\t\t\t\t\t\t\t\t<span class=\"elementor-button-text\">Pensez \u00e0 vous inscrire ici<\/span>\n\t\t\t\t\t<\/span>\n\t\t\t\t\t<\/a>\n\t\t\t\t<\/div>\n\t\t\t\t\t\t<\/div>\n\t\t\t\t<\/div>\n\t\t\t\t<\/div>\n\t\t\t\t\t<\/div>\n\t\t\t\t<\/div>\n\t\t<div class=\"elementor-element elementor-element-6823de5 e-flex e-con-boxed e-con e-parent\" data-id=\"6823de5\" data-element_type=\"container\">\n\t\t\t\t\t<div class=\"e-con-inner\">\n\t\t<div class=\"elementor-element elementor-element-dba4268 e-con-full e-flex e-con e-child\" data-id=\"dba4268\" data-element_type=\"container\" data-settings=\"{&quot;background_background&quot;:&quot;classic&quot;}\">\n\t\t\t\t<\/div>\n\t\t<div class=\"elementor-element elementor-element-97fad92 e-con-full e-flex e-con e-child\" data-id=\"97fad92\" data-element_type=\"container\" data-settings=\"{&quot;background_background&quot;:&quot;classic&quot;}\">\n\t\t\t\t<div class=\"elementor-element elementor-element-d0f9a00 elementor-widget__width-initial elementor-widget elementor-widget-image\" data-id=\"d0f9a00\" data-element_type=\"widget\" data-widget_type=\"image.default\">\n\t\t\t\t<div class=\"elementor-widget-container\">\n\t\t\t\t\t\t\t\t\t\t\t\t\t<img decoding=\"async\" width=\"400\" height=\"300\" src=\"https:\/\/slctorcy.fr\/WorldPress\/wp-content\/uploads\/2024\/10\/Ecole-chiot_2_400x300.jpg\" class=\"attachment-large size-large wp-image-458\" alt=\"\" srcset=\"https:\/\/slctorcy.fr\/WorldPress\/wp-content\/uploads\/2024\/10\/Ecole-chiot_2_400x300.jpg 400w, https:\/\/slctorcy.fr\/WorldPress\/wp-content\/uploads\/2024\/10\/Ecole-chiot_2_400x300-300x225.jpg 300w\" sizes=\"(max-width: 400px) 100vw, 400px\" \/>\t\t\t\t\t\t\t\t\t\t\t\t\t<\/div>\n\t\t\t\t<\/div>\n\t\t\t\t<div class=\"elementor-element elementor-element-acc1e71 elementor-widget elementor-widget-text-editor\" data-id=\"acc1e71\" data-element_type=\"widget\" data-widget_type=\"text-editor.default\">\n\t\t\t\t<div class=\"elementor-widget-container\">\n\t\t\t\t\t\t\t<p>Le chiot va apprendre les rudiments de l\u2019\u00e9ducation\u00a0et \u00e0 vivre avec ses cong\u00e9n\u00e8res.<br \/>On le soumet \u00e0 des stimulations vari\u00e9es :<\/p><ul><li>Pr\u00e9sentation \u00e0 diff\u00e9rents individus (enfants, hommes, femmes)<\/li><li>Sociabilit\u00e9 avec les autres chiots<\/li><li>Manipulations<\/li><li>Marche sur des sols de diff\u00e9rentes natures<\/li><li>Bruits de plus ou moins forte intensit\u00e9<\/li><li>Rappel<\/li><li>Rapport du jouet<\/li><li>Suivi naturel<\/li><li>D\u00e9couverte du parcours chiot<\/li><li>Marche en laisse<\/li><li>Assis, couch\u00e9<\/li><li>Mises en situations inhabituelles<\/li><li style=\"list-style-type: none;\">\u00a0<\/li><\/ul>\t\t\t\t\t\t<\/div>\n\t\t\t\t<\/div>\n\t\t\t\t<\/div>\n\t\t\t\t\t<\/div>\n\t\t\t\t<\/div>\n\t\t<div class=\"elementor-element elementor-element-ccc76d9 e-con-full e-flex e-con e-parent\" data-id=\"ccc76d9\" data-element_type=\"container\" data-settings=\"{&quot;background_background&quot;:&quot;classic&quot;}\">\n\t\t\t\t<div class=\"elementor-element elementor-element-2a59f45 elementor-widget elementor-widget-heading\" data-id=\"2a59f45\" data-element_type=\"widget\" data-widget_type=\"heading.default\">\n\t\t\t\t<div class=\"elementor-widget-container\">\n\t\t\t<h2 class=\"elementor-heading-title elementor-size-default\">Pr\u00e9voir dans son sac<\/h2>\t\t<\/div>\n\t\t\t\t<\/div>\n\t\t\t\t<div class=\"elementor-element elementor-element-91db108 elementor-widget elementor-widget-eael-feature-list\" data-id=\"91db108\" data-element_type=\"widget\" data-widget_type=\"eael-feature-list.default\">\n\t\t\t\t<div class=\"elementor-widget-container\">\n\t\t\t\t\t<div class=\"-icon-position-left -tablet-icon-position-left -mobile-icon-position-left\">\n\t\t\t<ul id=\"eael-feature-list-91db108\" class=\"eael-feature-list-items circle stacked  eael-feature-list-vertical\">\n\t\t\t                <li class=\"eael-feature-list-item elementor-repeater-item-2acd81b\">\n                    \n\t\t\t\t\t\t<div class=\"eael-feature-list-icon-box\">\n\t\t\t\t\t\t\t<div class=\"eael-feature-list-icon-inner\">\n\n\t\t\t\t\t\t\t\t<span class=\"eael-feature-list-icon fl-icon-0\">\n\n\t\t<img decoding=\"async\" src=\"http:\/\/slctorcy.fr\/WorldPress\/wp-content\/uploads\/2024\/11\/Logo-laisse.jpg\" class=\"eael-feature-list-img\" alt=\"\">\t\t\t\t\t\t\t\t<\/span>\n\t\t\t\t\t\t\t<\/div>\n\t\t\t\t\t\t<\/div>\n\t\t\t\t\t\t<div class=\"eael-feature-list-content-box\">\n                            <h2 class=\"eael-feature-list-title\"><\/h2>\t\t\t\t\t\t<p class=\"eael-feature-list-content\">Un collier plat ou harnais ainsi qu'une laisse courte (longe et enrouleur interdit)<\/p>\n\t\t\t\t\t\t<\/div>\n\n\t\t\t\t\t<\/li>\n\t\t\t\t                <li class=\"eael-feature-list-item elementor-repeater-item-4166b5d\">\n                    \n\t\t\t\t\t\t<div class=\"eael-feature-list-icon-box\">\n\t\t\t\t\t\t\t<div class=\"eael-feature-list-icon-inner\">\n\n\t\t\t\t\t\t\t\t<span class=\"eael-feature-list-icon fl-icon-1\">\n\n\t\t<img decoding=\"async\" src=\"http:\/\/slctorcy.fr\/WorldPress\/wp-content\/uploads\/2024\/11\/logo-friandise-club-scaled.jpg\" class=\"eael-feature-list-img\" alt=\"\">\t\t\t\t\t\t\t\t<\/span>\n\t\t\t\t\t\t\t<\/div>\n\t\t\t\t\t\t<\/div>\n\t\t\t\t\t\t<div class=\"eael-feature-list-content-box\">\n                            <h2 class=\"eael-feature-list-title\"><\/h2>\t\t\t\t\t\t<p class=\"eael-feature-list-content\">Des friandises tr\u00e8s app\u00e9tentes et\/ou le jouet pr\u00e9f\u00e9r\u00e9 de votre chien.<\/p>\n\t\t\t\t\t\t<\/div>\n\n\t\t\t\t\t<\/li>\n\t\t\t\t                <li class=\"eael-feature-list-item elementor-repeater-item-8a88bc4\">\n                    \n\t\t\t\t\t\t<div class=\"eael-feature-list-icon-box\">\n\t\t\t\t\t\t\t<div class=\"eael-feature-list-icon-inner\">\n\n\t\t\t\t\t\t\t\t<span class=\"eael-feature-list-icon fl-icon-2\">\n\n\t\t<img decoding=\"async\" src=\"http:\/\/slctorcy.fr\/WorldPress\/wp-content\/uploads\/2024\/11\/Logo-gamelle.jpg\" class=\"eael-feature-list-img\" alt=\"\">\t\t\t\t\t\t\t\t<\/span>\n\t\t\t\t\t\t\t<\/div>\n\t\t\t\t\t\t<\/div>\n\t\t\t\t\t\t<div class=\"eael-feature-list-content-box\">\n                            <h2 class=\"eael-feature-list-title\"><\/h2>\t\t\t\t\t\t<p class=\"eael-feature-list-content\">Une gamelle d'eau en cas de forte chaleur (pas d'eau potable au club)<\/p>\n\t\t\t\t\t\t<\/div>\n\n\t\t\t\t\t<\/li>\n\t\t\t\t                <li class=\"eael-feature-list-item elementor-repeater-item-a32f707\">\n                    \n\t\t\t\t\t\t<div class=\"eael-feature-list-icon-box\">\n\t\t\t\t\t\t\t<div class=\"eael-feature-list-icon-inner\">\n\n\t\t\t\t\t\t\t\t<span class=\"eael-feature-list-icon fl-icon-3\">\n\n\t\t<img decoding=\"async\" src=\"http:\/\/slctorcy.fr\/WorldPress\/wp-content\/uploads\/2024\/11\/Logo-crotte-club.jpg\" class=\"eael-feature-list-img\" alt=\"\">\t\t\t\t\t\t\t\t<\/span>\n\t\t\t\t\t\t\t<\/div>\n\t\t\t\t\t\t<\/div>\n\t\t\t\t\t\t<div class=\"eael-feature-list-content-box\">\n                            <h2 class=\"eael-feature-list-title\"><\/h2>\t\t\t\t\t\t<p class=\"eael-feature-list-content\">Sac \u00e0 d\u00e9jection canine<\/p>\n\t\t\t\t\t\t<\/div>\n\n\t\t\t\t\t<\/li>\n\t\t\t\t\t\t\t<\/ul>\n\t\t<\/div>\n\t\t\t\t<\/div>\n\t\t\t\t<\/div>\n\t\t\t\t<\/div>\n\t\t<div class=\"elementor-element elementor-element-53f22fa e-con-full e-flex e-con e-child\" data-id=\"53f22fa\" data-element_type=\"container\" data-settings=\"{&quot;background_background&quot;:&quot;classic&quot;,&quot;shape_divider_top&quot;:&quot;curve&quot;}\">\n\t\t\t\t<div class=\"elementor-shape elementor-shape-top\" data-negative=\"false\">\n\t\t\t<svg xmlns=\"http:\/\/www.w3.org\/2000\/svg\" viewBox=\"0 0 1000 100\" preserveAspectRatio=\"none\">\n    <path class=\"elementor-shape-fill\" d=\"M1000,4.3V0H0v4.3C0.9,23.1,126.7,99.2,500,100S1000,22.7,1000,4.3z\"\/>\n<\/svg>\t\t<\/div>\n\t\t\t\t<div class=\"elementor-element elementor-element-3c351d9 elementor-widget elementor-widget-heading\" data-id=\"3c351d9\" data-element_type=\"widget\" data-widget_type=\"heading.default\">\n\t\t\t\t<div class=\"elementor-widget-container\">\n\t\t\t<h2 class=\"elementor-heading-title elementor-size-default\">Nos moniteurs pour vous accueillir <\/h2>\t\t<\/div>\n\t\t\t\t<\/div>\n\t\t\t\t<\/div>\n\t\t<div class=\"elementor-element elementor-element-8855b6b e-flex e-con-boxed e-con e-parent\" data-id=\"8855b6b\" data-element_type=\"container\">\n\t\t\t\t\t<div class=\"e-con-inner\">\n\t\t\t\t<div class=\"elementor-element elementor-element-0f60263 elementor-position-top elementor-widget elementor-widget-image-box\" data-id=\"0f60263\" data-element_type=\"widget\" data-widget_type=\"image-box.default\">\n\t\t\t\t<div class=\"elementor-widget-container\">\n\t\t\t<div class=\"elementor-image-box-wrapper\"><figure class=\"elementor-image-box-img\"><img decoding=\"async\" width=\"591\" height=\"591\" src=\"https:\/\/slctorcy.fr\/WorldPress\/wp-content\/uploads\/2024\/10\/Muriel.jpg\" class=\"attachment-full size-full wp-image-421\" alt=\"\" srcset=\"https:\/\/slctorcy.fr\/WorldPress\/wp-content\/uploads\/2024\/10\/Muriel.jpg 591w, https:\/\/slctorcy.fr\/WorldPress\/wp-content\/uploads\/2024\/10\/Muriel-300x300.jpg 300w, https:\/\/slctorcy.fr\/WorldPress\/wp-content\/uploads\/2024\/10\/Muriel-150x150.jpg 150w\" sizes=\"(max-width: 591px) 100vw, 591px\" \/><\/figure><div class=\"elementor-image-box-content\"><h3 class=\"elementor-image-box-title\">Muriel<\/h3><p class=\"elementor-image-box-description\">Responsable<\/p><\/div><\/div>\t\t<\/div>\n\t\t\t\t<\/div>\n\t\t\t\t<div class=\"elementor-element elementor-element-0b91af0 elementor-position-top elementor-widget elementor-widget-image-box\" data-id=\"0b91af0\" data-element_type=\"widget\" data-widget_type=\"image-box.default\">\n\t\t\t\t<div class=\"elementor-widget-container\">\n\t\t\t<div class=\"elementor-image-box-wrapper\"><figure class=\"elementor-image-box-img\"><img loading=\"lazy\" decoding=\"async\" width=\"540\" height=\"480\" src=\"https:\/\/slctorcy.fr\/WorldPress\/wp-content\/uploads\/2026\/03\/Anne-Laure.png\" class=\"attachment-full size-full wp-image-4750\" alt=\"\" srcset=\"https:\/\/slctorcy.fr\/WorldPress\/wp-content\/uploads\/2026\/03\/Anne-Laure.png 540w, https:\/\/slctorcy.fr\/WorldPress\/wp-content\/uploads\/2026\/03\/Anne-Laure-300x267.png 300w\" sizes=\"(max-width: 540px) 100vw, 540px\" \/><\/figure><div class=\"elementor-image-box-content\"><h3 class=\"elementor-image-box-title\">Anne Laure<\/h3><\/div><\/div>\t\t<\/div>\n\t\t\t\t<\/div>\n\t\t\t\t<div class=\"elementor-element elementor-element-20af7ea elementor-position-top elementor-widget elementor-widget-image-box\" data-id=\"20af7ea\" data-element_type=\"widget\" data-widget_type=\"image-box.default\">\n\t\t\t\t<div class=\"elementor-widget-container\">\n\t\t\t<div class=\"elementor-image-box-wrapper\"><figure class=\"elementor-image-box-img\"><img loading=\"lazy\" decoding=\"async\" width=\"591\" height=\"591\" src=\"https:\/\/slctorcy.fr\/WorldPress\/wp-content\/uploads\/2024\/10\/Annecy.jpg\" class=\"attachment-full size-full wp-image-410\" alt=\"\" srcset=\"https:\/\/slctorcy.fr\/WorldPress\/wp-content\/uploads\/2024\/10\/Annecy.jpg 591w, https:\/\/slctorcy.fr\/WorldPress\/wp-content\/uploads\/2024\/10\/Annecy-300x300.jpg 300w, https:\/\/slctorcy.fr\/WorldPress\/wp-content\/uploads\/2024\/10\/Annecy-150x150.jpg 150w\" sizes=\"(max-width: 591px) 100vw, 591px\" \/><\/figure><div class=\"elementor-image-box-content\"><h3 class=\"elementor-image-box-title\">Annecy<\/h3><\/div><\/div>\t\t<\/div>\n\t\t\t\t<\/div>\n\t\t\t\t<div class=\"elementor-element elementor-element-f135d39 elementor-position-top elementor-widget elementor-widget-image-box\" data-id=\"f135d39\" data-element_type=\"widget\" data-widget_type=\"image-box.default\">\n\t\t\t\t<div class=\"elementor-widget-container\">\n\t\t\t<div class=\"elementor-image-box-wrapper\"><figure class=\"elementor-image-box-img\"><img loading=\"lazy\" decoding=\"async\" width=\"591\" height=\"591\" src=\"https:\/\/slctorcy.fr\/WorldPress\/wp-content\/uploads\/2024\/10\/Christian.jpg\" class=\"attachment-full size-full wp-image-412\" alt=\"\" srcset=\"https:\/\/slctorcy.fr\/WorldPress\/wp-content\/uploads\/2024\/10\/Christian.jpg 591w, https:\/\/slctorcy.fr\/WorldPress\/wp-content\/uploads\/2024\/10\/Christian-300x300.jpg 300w, https:\/\/slctorcy.fr\/WorldPress\/wp-content\/uploads\/2024\/10\/Christian-150x150.jpg 150w\" sizes=\"(max-width: 591px) 100vw, 591px\" \/><\/figure><div class=\"elementor-image-box-content\"><h3 class=\"elementor-image-box-title\">Christian<\/h3><\/div><\/div>\t\t<\/div>\n\t\t\t\t<\/div>\n\t\t\t\t<div class=\"elementor-element elementor-element-2373487 elementor-position-top elementor-widget elementor-widget-image-box\" data-id=\"2373487\" data-element_type=\"widget\" data-widget_type=\"image-box.default\">\n\t\t\t\t<div class=\"elementor-widget-container\">\n\t\t\t<div class=\"elementor-image-box-wrapper\"><figure class=\"elementor-image-box-img\"><img loading=\"lazy\" decoding=\"async\" width=\"591\" height=\"591\" src=\"https:\/\/slctorcy.fr\/WorldPress\/wp-content\/uploads\/2024\/10\/Cyril.jpg\" class=\"attachment-full size-full wp-image-415\" alt=\"\" srcset=\"https:\/\/slctorcy.fr\/WorldPress\/wp-content\/uploads\/2024\/10\/Cyril.jpg 591w, https:\/\/slctorcy.fr\/WorldPress\/wp-content\/uploads\/2024\/10\/Cyril-300x300.jpg 300w, https:\/\/slctorcy.fr\/WorldPress\/wp-content\/uploads\/2024\/10\/Cyril-150x150.jpg 150w\" sizes=\"(max-width: 591px) 100vw, 591px\" \/><\/figure><div class=\"elementor-image-box-content\"><h3 class=\"elementor-image-box-title\">Cyrille<\/h3><\/div><\/div>\t\t<\/div>\n\t\t\t\t<\/div>\n\t\t\t\t<div class=\"elementor-element elementor-element-029c1de elementor-position-top elementor-widget elementor-widget-image-box\" data-id=\"029c1de\" data-element_type=\"widget\" data-widget_type=\"image-box.default\">\n\t\t\t\t<div class=\"elementor-widget-container\">\n\t\t\t<div class=\"elementor-image-box-wrapper\"><figure class=\"elementor-image-box-img\"><img loading=\"lazy\" decoding=\"async\" width=\"591\" height=\"591\" src=\"https:\/\/slctorcy.fr\/WorldPress\/wp-content\/uploads\/2024\/10\/Philippe.jpg\" class=\"attachment-full size-full wp-image-423\" alt=\"\" srcset=\"https:\/\/slctorcy.fr\/WorldPress\/wp-content\/uploads\/2024\/10\/Philippe.jpg 591w, https:\/\/slctorcy.fr\/WorldPress\/wp-content\/uploads\/2024\/10\/Philippe-300x300.jpg 300w, https:\/\/slctorcy.fr\/WorldPress\/wp-content\/uploads\/2024\/10\/Philippe-150x150.jpg 150w\" sizes=\"(max-width: 591px) 100vw, 591px\" \/><\/figure><div class=\"elementor-image-box-content\"><h3 class=\"elementor-image-box-title\">Philippe<\/h3><\/div><\/div>\t\t<\/div>\n\t\t\t\t<\/div>\n\t\t\t\t\t<\/div>\n\t\t\t\t<\/div>\n\t\t<div class=\"elementor-element elementor-element-47f9fe8 e-flex e-con-boxed e-con e-parent\" data-id=\"47f9fe8\" data-element_type=\"container\">\n\t\t\t\t\t<div class=\"e-con-inner\">\n\t\t\t\t<div class=\"elementor-element elementor-element-71d791d elementor-widget-divider--view-line elementor-widget elementor-widget-divider\" data-id=\"71d791d\" data-element_type=\"widget\" data-widget_type=\"divider.default\">\n\t\t\t\t<div class=\"elementor-widget-container\">\n\t\t\t\t\t<div class=\"elementor-divider\">\n\t\t\t<span class=\"elementor-divider-separator\">\n\t\t\t\t\t\t<\/span>\n\t\t<\/div>\n\t\t\t\t<\/div>\n\t\t\t\t<\/div>\n\t\t\t\t\t<\/div>\n\t\t\t\t<\/div>\n\t\t<div class=\"elementor-element elementor-element-29cd531 e-con-full e-flex e-con e-parent\" data-id=\"29cd531\" data-element_type=\"container\" data-settings=\"{&quot;background_background&quot;:&quot;gradient&quot;}\">\n\t\t\t\t<div class=\"elementor-element elementor-element-e1f56f7 elementor-arrows-position-inside elementor-pagination-position-outside elementor-widget elementor-widget-image-carousel\" data-id=\"e1f56f7\" data-element_type=\"widget\" data-settings=\"{&quot;slides_to_show&quot;:&quot;2&quot;,&quot;slides_to_show_tablet&quot;:&quot;2&quot;,&quot;navigation&quot;:&quot;both&quot;,&quot;autoplay&quot;:&quot;yes&quot;,&quot;pause_on_hover&quot;:&quot;yes&quot;,&quot;pause_on_interaction&quot;:&quot;yes&quot;,&quot;autoplay_speed&quot;:5000,&quot;infinite&quot;:&quot;yes&quot;,&quot;speed&quot;:500}\" data-widget_type=\"image-carousel.default\">\n\t\t\t\t<div class=\"elementor-widget-container\">\n\t\t\t\t\t<div class=\"elementor-image-carousel-wrapper swiper\" dir=\"ltr\">\n\t\t\t<div class=\"elementor-image-carousel swiper-wrapper\" aria-live=\"off\">\n\t\t\t\t\t\t\t\t<div class=\"swiper-slide\" role=\"group\" aria-roledescription=\"slide\" aria-label=\"1 sur 5\"><figure class=\"swiper-slide-inner\"><img decoding=\"async\" class=\"swiper-slide-image\" src=\"https:\/\/slctorcy.fr\/WorldPress\/wp-content\/uploads\/2024\/10\/Terrain-chiot_2_400x300.jpg\" alt=\"Terrain chiot_2_400x300\" \/><\/figure><\/div><div class=\"swiper-slide\" role=\"group\" aria-roledescription=\"slide\" aria-label=\"2 sur 5\"><figure class=\"swiper-slide-inner\"><img decoding=\"async\" class=\"swiper-slide-image\" src=\"https:\/\/slctorcy.fr\/WorldPress\/wp-content\/uploads\/2024\/10\/Ecole-chiot_7_400x300.jpg\" alt=\"Ecole chiot_7_400x300\" \/><\/figure><\/div><div class=\"swiper-slide\" role=\"group\" aria-roledescription=\"slide\" aria-label=\"3 sur 5\"><figure class=\"swiper-slide-inner\"><img decoding=\"async\" class=\"swiper-slide-image\" src=\"https:\/\/slctorcy.fr\/WorldPress\/wp-content\/uploads\/2024\/10\/Ecole-chiot_5_400x300.jpg\" alt=\"Ecole chiot_5_400x300\" \/><\/figure><\/div><div class=\"swiper-slide\" role=\"group\" aria-roledescription=\"slide\" aria-label=\"4 sur 5\"><figure class=\"swiper-slide-inner\"><img decoding=\"async\" class=\"swiper-slide-image\" src=\"https:\/\/slctorcy.fr\/WorldPress\/wp-content\/uploads\/2024\/10\/Ecole-chiot_4_400x300.jpg\" alt=\"Ecole chiot_4_400x300\" \/><\/figure><\/div><div class=\"swiper-slide\" role=\"group\" aria-roledescription=\"slide\" aria-label=\"5 sur 5\"><figure class=\"swiper-slide-inner\"><img decoding=\"async\" class=\"swiper-slide-image\" src=\"https:\/\/slctorcy.fr\/WorldPress\/wp-content\/uploads\/2024\/10\/Ecole-chiot_2_400x300.jpg\" alt=\"Ecole chiot_2_400x300\" \/><\/figure><\/div>\t\t\t<\/div>\n\t\t\t\t\t\t\t\t\t\t\t\t<div class=\"elementor-swiper-button elementor-swiper-button-prev\" role=\"button\" tabindex=\"0\">\n\t\t\t\t\t\t<svg aria-hidden=\"true\" class=\"e-font-icon-svg e-eicon-chevron-left\" viewBox=\"0 0 1000 1000\" xmlns=\"http:\/\/www.w3.org\/2000\/svg\"><path d=\"M646 125C629 125 613 133 604 142L308 442C296 454 292 471 292 487 292 504 296 521 308 533L604 854C617 867 629 875 646 875 663 875 679 871 692 858 704 846 713 829 713 812 713 796 708 779 692 767L438 487 692 225C700 217 708 204 708 187 708 171 704 154 692 142 675 129 663 125 646 125Z\"><\/path><\/svg>\t\t\t\t\t<\/div>\n\t\t\t\t\t<div class=\"elementor-swiper-button elementor-swiper-button-next\" role=\"button\" tabindex=\"0\">\n\t\t\t\t\t\t<svg aria-hidden=\"true\" class=\"e-font-icon-svg e-eicon-chevron-right\" viewBox=\"0 0 1000 1000\" xmlns=\"http:\/\/www.w3.org\/2000\/svg\"><path d=\"M696 533C708 521 713 504 713 487 713 471 708 454 696 446L400 146C388 133 375 125 354 125 338 125 325 129 313 142 300 154 292 171 292 187 292 204 296 221 308 233L563 492 304 771C292 783 288 800 288 817 288 833 296 850 308 863 321 871 338 875 354 875 371 875 388 867 400 854L696 533Z\"><\/path><\/svg>\t\t\t\t\t<\/div>\n\t\t\t\t\n\t\t\t\t\t\t\t\t\t<div class=\"swiper-pagination\"><\/div>\n\t\t\t\t\t\t\t\t\t<\/div>\n\t\t\t\t<\/div>\n\t\t\t\t<\/div>\n\t\t\t\t<\/div>\n\t\t\t\t<\/div>\n\t\t","protected":false},"excerpt":{"rendered":"<p>ECOLES DES CHIOTS Les horaires des cours sont en fonction de l&rsquo;\u00e2ge du chiot : Chiots 3 mois \u00e0 4 mois (r\u00e9volus) : Samedi \/ Dimanche\u00a0 9h30 &#8211; 10h15 Chiots&#8230;<\/p>\n","protected":false},"author":1,"featured_media":0,"parent":0,"menu_order":0,"comment_status":"closed","ping_status":"closed","template":"","meta":{"_kad_post_transparent":"","_kad_post_title":"hide","_kad_post_layout":"fullwidth","_kad_post_sidebar_id":"","_kad_post_content_style":"unboxed","_kad_post_vertical_padding":"hide","_kad_post_feature":"hide","_kad_post_feature_position":"","_kad_post_header":false,"_kad_post_footer":false,"footnotes":""},"folder":[24],"class_list":["post-632","page","type-page","status-publish","hentry"],"_links":{"self":[{"href":"https:\/\/slctorcy.fr\/WorldPress\/wp-json\/wp\/v2\/pages\/632","targetHints":{"allow":["GET"]}}],"collection":[{"href":"https:\/\/slctorcy.fr\/WorldPress\/wp-json\/wp\/v2\/pages"}],"about":[{"href":"https:\/\/slctorcy.fr\/WorldPress\/wp-json\/wp\/v2\/types\/page"}],"author":[{"embeddable":true,"href":"https:\/\/slctorcy.fr\/WorldPress\/wp-json\/wp\/v2\/users\/1"}],"replies":[{"embeddable":true,"href":"https:\/\/slctorcy.fr\/WorldPress\/wp-json\/wp\/v2\/comments?post=632"}],"version-history":[{"count":130,"href":"https:\/\/slctorcy.fr\/WorldPress\/wp-json\/wp\/v2\/pages\/632\/revisions"}],"predecessor-version":[{"id":4773,"href":"https:\/\/slctorcy.fr\/WorldPress\/wp-json\/wp\/v2\/pages\/632\/revisions\/4773"}],"wp:attachment":[{"href":"https:\/\/slctorcy.fr\/WorldPress\/wp-json\/wp\/v2\/media?parent=632"}],"wp:term":[{"taxonomy":"folder","embeddable":true,"href":"https:\/\/slctorcy.fr\/WorldPress\/wp-json\/wp\/v2\/folder?post=632"}],"curies":[{"name":"wp","href":"https:\/\/api.w.org\/{rel}","templated":true}]}}