{"id":516,"date":"2024-10-19T22:27:49","date_gmt":"2024-10-19T20:27:49","guid":{"rendered":"https:\/\/slctorcy.fr\/WorldPress\/?page_id=516"},"modified":"2026-02-28T16:40:47","modified_gmt":"2026-02-28T15:40:47","slug":"adhesion","status":"publish","type":"page","link":"https:\/\/slctorcy.fr\/WorldPress\/adhesion\/","title":{"rendered":"Adh\u00e9sion"},"content":{"rendered":"\t\t<div data-elementor-type=\"wp-page\" data-elementor-id=\"516\" class=\"elementor elementor-516\">\n\t\t\t\t<div class=\"elementor-element elementor-element-ae2887c e-con-full e-flex e-con e-child\" data-id=\"ae2887c\" data-element_type=\"container\" data-settings=\"{&quot;background_background&quot;:&quot;classic&quot;,&quot;shape_divider_top&quot;:&quot;curve&quot;}\">\n\t\t\t\t<div class=\"elementor-shape elementor-shape-top\" data-negative=\"false\">\n\t\t\t<svg xmlns=\"http:\/\/www.w3.org\/2000\/svg\" viewBox=\"0 0 1000 100\" preserveAspectRatio=\"none\">\n    <path class=\"elementor-shape-fill\" d=\"M1000,4.3V0H0v4.3C0.9,23.1,126.7,99.2,500,100S1000,22.7,1000,4.3z\"\/>\n<\/svg>\t\t<\/div>\n\t\t\t\t<div class=\"elementor-element elementor-element-73d060c elementor-widget elementor-widget-heading\" data-id=\"73d060c\" data-element_type=\"widget\" data-widget_type=\"heading.default\">\n\t\t\t\t<div class=\"elementor-widget-container\">\n\t\t\t<h2 class=\"elementor-heading-title elementor-size-default\">Adh\u00e9sion au club<\/h2>\t\t<\/div>\n\t\t\t\t<\/div>\n\t\t\t\t<\/div>\n\t\t<div class=\"elementor-element elementor-element-6ff8601 e-flex e-con-boxed e-con e-parent\" data-id=\"6ff8601\" data-element_type=\"container\">\n\t\t\t\t\t<div class=\"e-con-inner\">\n\t\t\t\t<div class=\"elementor-element elementor-element-036278a elementor-widget elementor-widget-text-editor\" data-id=\"036278a\" data-element_type=\"widget\" data-widget_type=\"text-editor.default\">\n\t\t\t\t<div class=\"elementor-widget-container\">\n\t\t\t\t\t\t\t<p>L&rsquo;accueil du club est ouvert tous les samedi et dimanche matin pour tous renseignements<\/p>\t\t\t\t\t\t<\/div>\n\t\t\t\t<\/div>\n\t\t\t\t\t<\/div>\n\t\t\t\t<\/div>\n\t\t<div class=\"elementor-element elementor-element-eeab127 e-flex e-con-boxed e-con e-parent\" data-id=\"eeab127\" data-element_type=\"container\">\n\t\t\t\t\t<div class=\"e-con-inner\">\n\t\t\t\t<div class=\"elementor-element elementor-element-38306d1 elementor-widget-divider--view-line elementor-widget elementor-widget-divider\" data-id=\"38306d1\" data-element_type=\"widget\" data-widget_type=\"divider.default\">\n\t\t\t\t<div class=\"elementor-widget-container\">\n\t\t\t\t\t<div class=\"elementor-divider\">\n\t\t\t<span class=\"elementor-divider-separator\">\n\t\t\t\t\t\t<\/span>\n\t\t<\/div>\n\t\t\t\t<\/div>\n\t\t\t\t<\/div>\n\t\t\t\t\t<\/div>\n\t\t\t\t<\/div>\n\t\t<div class=\"elementor-element elementor-element-76b1d60 e-con-full e-flex e-con e-parent\" data-id=\"76b1d60\" data-element_type=\"container\">\n\t\t<div class=\"elementor-element elementor-element-aca8ee2 e-con-full e-flex e-con e-child\" data-id=\"aca8ee2\" data-element_type=\"container\">\n\t\t\t\t<div class=\"elementor-element elementor-element-c9eb7e6 elementor-widget elementor-widget-image\" data-id=\"c9eb7e6\" data-element_type=\"widget\" data-widget_type=\"image.default\">\n\t\t\t\t<div class=\"elementor-widget-container\">\n\t\t\t\t\t\t\t\t\t\t\t\t\t<img fetchpriority=\"high\" decoding=\"async\" width=\"768\" height=\"768\" src=\"https:\/\/slctorcy.fr\/WorldPress\/wp-content\/uploads\/2024\/11\/Adhesion.jpg\" class=\"attachment-large size-large wp-image-2329\" alt=\"\" srcset=\"https:\/\/slctorcy.fr\/WorldPress\/wp-content\/uploads\/2024\/11\/Adhesion.jpg 768w, https:\/\/slctorcy.fr\/WorldPress\/wp-content\/uploads\/2024\/11\/Adhesion-300x300.jpg 300w, https:\/\/slctorcy.fr\/WorldPress\/wp-content\/uploads\/2024\/11\/Adhesion-150x150.jpg 150w\" sizes=\"(max-width: 768px) 100vw, 768px\" \/>\t\t\t\t\t\t\t\t\t\t\t\t\t<\/div>\n\t\t\t\t<\/div>\n\t\t\t\t<\/div>\n\t\t<div class=\"elementor-element elementor-element-9605ed2 e-con-full e-flex e-con e-child\" data-id=\"9605ed2\" data-element_type=\"container\">\n\t\t<div class=\"elementor-element elementor-element-bf7cd99 e-con-full e-flex e-con e-child\" data-id=\"bf7cd99\" data-element_type=\"container\">\n\t\t\t\t<div class=\"elementor-element elementor-element-497c4e5 elementor-widget elementor-widget-heading\" data-id=\"497c4e5\" data-element_type=\"widget\" data-widget_type=\"heading.default\">\n\t\t\t\t<div class=\"elementor-widget-container\">\n\t\t\t<h2 class=\"elementor-heading-title elementor-size-default\">Premi\u00e8re s\u00e9ance de d\u00e9couverte<\/h2>\t\t<\/div>\n\t\t\t\t<\/div>\n\t\t\t\t<div class=\"elementor-element elementor-element-993b9a4 elementor-widget elementor-widget-text-editor\" data-id=\"993b9a4\" data-element_type=\"widget\" data-widget_type=\"text-editor.default\">\n\t\t\t\t<div class=\"elementor-widget-container\">\n\t\t\t\t\t\t\t<p>La premi\u00e8re s\u00e9ance pour d\u00e9couvrir le club est gratuite et sans engagement. Pour participer \u00e0 ce premier cours, il suffit de nous envoyer un mail ou de nous contacter par t\u00e9l\u00e9phone au pr\u00e9alable.<\/p>\t\t\t\t\t\t<\/div>\n\t\t\t\t<\/div>\n\t\t\t\t<\/div>\n\t\t<div class=\"elementor-element elementor-element-93bce8b e-con-full e-flex e-con e-child\" data-id=\"93bce8b\" data-element_type=\"container\">\n\t\t\t\t<div class=\"elementor-element elementor-element-cca0de7 elementor-widget elementor-widget-heading\" data-id=\"cca0de7\" data-element_type=\"widget\" data-widget_type=\"heading.default\">\n\t\t\t\t<div class=\"elementor-widget-container\">\n\t\t\t<h2 class=\"elementor-heading-title elementor-size-default\">Pour la s\u00e9ance<\/h2>\t\t<\/div>\n\t\t\t\t<\/div>\n\t\t\t\t<div class=\"elementor-element elementor-element-f53dbca elementor-widget elementor-widget-text-editor\" data-id=\"f53dbca\" data-element_type=\"widget\" data-widget_type=\"text-editor.default\">\n\t\t\t\t<div class=\"elementor-widget-container\">\n\t\t\t\t\t\t\t<p>Apporter le carnet de vaccination ou le passeport europ\u00e9en, des friandises tr\u00e8s app\u00e9tentes en quantit\u00e9 suffisante, des sachets pour ramasser les petits oublis sur le terrain,\u00a0\u00a0laisse et collier.\u00a0<\/p>\t\t\t\t\t\t<\/div>\n\t\t\t\t<\/div>\n\t\t\t\t<\/div>\n\t\t\t\t<\/div>\n\t\t\t\t<\/div>\n\t\t<div class=\"elementor-element elementor-element-6f1ab53 e-flex e-con-boxed e-con e-parent\" data-id=\"6f1ab53\" data-element_type=\"container\">\n\t\t\t\t\t<div class=\"e-con-inner\">\n\t\t\t\t<div class=\"elementor-element elementor-element-fe5b6b7 elementor-widget elementor-widget-spacer\" data-id=\"fe5b6b7\" data-element_type=\"widget\" data-widget_type=\"spacer.default\">\n\t\t\t\t<div class=\"elementor-widget-container\">\n\t\t\t\t\t<div class=\"elementor-spacer\">\n\t\t\t<div class=\"elementor-spacer-inner\"><\/div>\n\t\t<\/div>\n\t\t\t\t<\/div>\n\t\t\t\t<\/div>\n\t\t\t\t\t<\/div>\n\t\t\t\t<\/div>\n\t\t<div class=\"elementor-element elementor-element-beb8fdf e-con-full e-flex e-con e-parent\" data-id=\"beb8fdf\" data-element_type=\"container\">\n\t\t<div class=\"elementor-element elementor-element-9c440fa e-con-full e-flex e-con e-child\" data-id=\"9c440fa\" data-element_type=\"container\" data-settings=\"{&quot;background_background&quot;:&quot;classic&quot;}\">\n\t\t\t\t<div class=\"elementor-element elementor-element-8ba6c02 elementor-widget elementor-widget-heading\" data-id=\"8ba6c02\" data-element_type=\"widget\" data-widget_type=\"heading.default\">\n\t\t\t\t<div class=\"elementor-widget-container\">\n\t\t\t<h2 class=\"elementor-heading-title elementor-size-default\">Adh\u00e9sion<\/h2>\t\t<\/div>\n\t\t\t\t<\/div>\n\t\t\t\t<div class=\"elementor-element elementor-element-1bd07b6 elementor-widget elementor-widget-text-editor\" data-id=\"1bd07b6\" data-element_type=\"widget\" data-widget_type=\"text-editor.default\">\n\t\t\t\t<div class=\"elementor-widget-container\">\n\t\t\t\t\t\t\t<p>Elle comprend l&rsquo;acc\u00e8s au cours d&rsquo;\u00e9ducation en fonction \u00e2ge et niveau chien mais aussi l&rsquo;acc\u00e8s aux disciplines sportives (en fonction validation)\u00a0<\/p>\t\t\t\t\t\t<\/div>\n\t\t\t\t<\/div>\n\t\t\t\t<\/div>\n\t\t<div class=\"elementor-element elementor-element-d1495de e-con-full e-flex e-con e-child\" data-id=\"d1495de\" data-element_type=\"container\">\n\t\t\t\t<\/div>\n\t\t<div class=\"elementor-element elementor-element-df6cfbf e-con-full e-flex e-con e-child\" data-id=\"df6cfbf\" data-element_type=\"container\" data-settings=\"{&quot;background_background&quot;:&quot;classic&quot;}\">\n\t\t\t\t<div class=\"elementor-element elementor-element-713ced3 elementor-view-default elementor-position-top elementor-mobile-position-top elementor-widget elementor-widget-icon-box\" data-id=\"713ced3\" data-element_type=\"widget\" data-widget_type=\"icon-box.default\">\n\t\t\t\t<div class=\"elementor-widget-container\">\n\t\t\t\t\t<div class=\"elementor-icon-box-wrapper\">\n\n\t\t\t\t\t\t<div class=\"elementor-icon-box-icon\">\n\t\t\t\t<span  class=\"elementor-icon elementor-animation-\">\n\t\t\t\t<svg aria-hidden=\"true\" class=\"e-font-icon-svg e-fab-amazon-pay\" viewBox=\"0 0 640 512\" xmlns=\"http:\/\/www.w3.org\/2000\/svg\"><path d=\"M14 325.3c2.3-4.2 5.2-4.9 9.7-2.5 10.4 5.6 20.6 11.4 31.2 16.7a595.88 595.88 0 0 0 127.4 46.3 616.61 616.61 0 0 0 63.2 11.8 603.33 603.33 0 0 0 95 5.2c17.4-.4 34.8-1.8 52.1-3.8a603.66 603.66 0 0 0 163.3-42.8c2.9-1.2 5.9-2 9.1-1.2 6.7 1.8 9 9 4.1 13.9a70 70 0 0 1-9.6 7.4c-30.7 21.1-64.2 36.4-99.6 47.9a473.31 473.31 0 0 1-75.1 17.6 431 431 0 0 1-53.2 4.8 21.3 21.3 0 0 0-2.5.3H308a21.3 21.3 0 0 0-2.5-.3c-3.6-.2-7.2-.3-10.7-.4a426.3 426.3 0 0 1-50.4-5.3A448.4 448.4 0 0 1 164 420a443.33 443.33 0 0 1-145.6-87c-1.8-1.6-3-3.8-4.4-5.7zM172 65.1l-4.3.6a80.92 80.92 0 0 0-38 15.1c-2.4 1.7-4.6 3.5-7.1 5.4a4.29 4.29 0 0 1-.4-1.4c-.4-2.7-.8-5.5-1.3-8.2-.7-4.6-3-6.6-7.6-6.6h-11.5c-6.9 0-8.2 1.3-8.2 8.2v209.3c0 1 0 2 .1 3 .2 3 2 4.9 4.9 5 7 .1 14.1.1 21.1 0 2.9 0 4.7-2 5-5 .1-1 .1-2 .1-3v-72.4c1.1.9 1.7 1.4 2.2 1.9 17.9 14.9 38.5 19.8 61 15.4 20.4-4 34.6-16.5 43.8-34.9 7-13.9 9.9-28.7 10.3-44.1.5-17.1-1.2-33.9-8.1-49.8-8.5-19.6-22.6-32.5-43.9-36.9-3.2-.7-6.5-1-9.8-1.5-2.8-.1-5.5-.1-8.3-.1zM124.6 107a3.48 3.48 0 0 1 1.7-3.3c13.7-9.5 28.8-14.5 45.6-13.2 14.9 1.1 27.1 8.4 33.5 25.9 3.9 10.7 4.9 21.8 4.9 33 0 10.4-.8 20.6-4 30.6-6.8 21.3-22.4 29.4-42.6 28.5-14-.6-26.2-6-37.4-13.9a3.57 3.57 0 0 1-1.7-3.3c.1-14.1 0-28.1 0-42.2s.1-28 0-42.1zm205.7-41.9c-1 .1-2 .3-2.9.4a148 148 0 0 0-28.9 4.1c-6.1 1.6-12 3.8-17.9 5.8-3.6 1.2-5.4 3.8-5.3 7.7.1 3.3-.1 6.6 0 9.9.1 4.8 2.1 6.1 6.8 4.9 7.8-2 15.6-4.2 23.5-5.7 12.3-2.3 24.7-3.3 37.2-1.4 6.5 1 12.6 2.9 16.8 8.4 3.7 4.8 5.1 10.5 5.3 16.4.3 8.3.2 16.6.3 24.9a7.84 7.84 0 0 1-.2 1.4c-.5-.1-.9 0-1.3-.1a180.56 180.56 0 0 0-32-4.9c-11.3-.6-22.5.1-33.3 3.9-12.9 4.5-23.3 12.3-29.4 24.9-4.7 9.8-5.4 20.2-3.9 30.7 2 14 9 24.8 21.4 31.7 11.9 6.6 24.8 7.4 37.9 5.4 15.1-2.3 28.5-8.7 40.3-18.4a7.36 7.36 0 0 1 1.6-1.1c.6 3.8 1.1 7.4 1.8 11 .6 3.1 2.5 5.1 5.4 5.2 5.4.1 10.9.1 16.3 0a4.84 4.84 0 0 0 4.8-4.7 26.2 26.2 0 0 0 .1-2.8v-106a80 80 0 0 0-.9-12.9c-1.9-12.9-7.4-23.5-19-30.4-6.7-4-14.1-6-21.8-7.1-3.6-.5-7.2-.8-10.8-1.3-3.9.1-7.9.1-11.9.1zm35 127.7a3.33 3.33 0 0 1-1.5 3c-11.2 8.1-23.5 13.5-37.4 14.9-5.7.6-11.4.4-16.8-1.8a20.08 20.08 0 0 1-12.4-13.3 32.9 32.9 0 0 1-.1-19.4c2.5-8.3 8.4-13 16.4-15.6a61.33 61.33 0 0 1 24.8-2.2c8.4.7 16.6 2.3 25 3.4 1.6.2 2.1 1 2.1 2.6-.1 4.8 0 9.5 0 14.3s-.2 9.4-.1 14.1zm259.9 129.4c-1-5-4.8-6.9-9.1-8.3a88.42 88.42 0 0 0-21-3.9 147.32 147.32 0 0 0-39.2 1.9c-14.3 2.7-27.9 7.3-40 15.6a13.75 13.75 0 0 0-3.7 3.5 5.11 5.11 0 0 0-.5 4c.4 1.5 2.1 1.9 3.6 1.8a16.2 16.2 0 0 0 2.2-.1c7.8-.8 15.5-1.7 23.3-2.5 11.4-1.1 22.9-1.8 34.3-.9a71.64 71.64 0 0 1 14.4 2.7c5.1 1.4 7.4 5.2 7.6 10.4.4 8-1.4 15.7-3.5 23.3-4.1 15.4-10 30.3-15.8 45.1a17.6 17.6 0 0 0-1 3c-.5 2.9 1.2 4.8 4.1 4.1a10.56 10.56 0 0 0 4.8-2.5 145.91 145.91 0 0 0 12.7-13.4c12.8-16.4 20.3-35.3 24.7-55.6.8-3.6 1.4-7.3 2.1-10.9v-17.3zM493.1 199q-19.35-53.55-38.7-107.2c-2-5.7-4.2-11.3-6.3-16.9-1.1-2.9-3.2-4.8-6.4-4.8-7.6-.1-15.2-.2-22.9-.1-2.5 0-3.7 2-3.2 4.5a43.1 43.1 0 0 0 1.9 6.1q29.4 72.75 59.1 145.5c1.7 4.1 2.1 7.6.2 11.8-3.3 7.3-5.9 15-9.3 22.3-3 6.5-8 11.4-15.2 13.3a42.13 42.13 0 0 1-15.4 1.1c-2.5-.2-5-.8-7.5-1-3.4-.2-5.1 1.3-5.2 4.8q-.15 5 0 9.9c.1 5.5 2 8 7.4 8.9a108.18 108.18 0 0 0 16.9 2c17.1.4 30.7-6.5 39.5-21.4a131.63 131.63 0 0 0 9.2-18.4q35.55-89.7 70.6-179.6a26.62 26.62 0 0 0 1.6-5.5c.4-2.8-.9-4.4-3.7-4.4-6.6-.1-13.3 0-19.9 0a7.54 7.54 0 0 0-7.7 5.2c-.5 1.4-1.1 2.7-1.6 4.1l-34.8 100c-2.5 7.2-5.1 14.5-7.7 22.2-.4-1.1-.6-1.7-.9-2.4z\"><\/path><\/svg>\t\t\t\t<\/span>\n\t\t\t<\/div>\n\t\t\t\n\t\t\t\t\t\t<div class=\"elementor-icon-box-content\">\n\n\t\t\t\t\t\t\t\t\t<h3 class=\"elementor-icon-box-title\">\n\t\t\t\t\t\t<span  >\n\t\t\t\t\t\t\tTarif\t\t\t\t\t\t<\/span>\n\t\t\t\t\t<\/h3>\n\t\t\t\t\n\t\t\t\t\n\t\t\t<\/div>\n\t\t\t\n\t\t<\/div>\n\t\t\t\t<\/div>\n\t\t\t\t<\/div>\n\t\t\t\t<div class=\"elementor-element elementor-element-189af81 elementor-widget elementor-widget-text-editor\" data-id=\"189af81\" data-element_type=\"widget\" data-widget_type=\"text-editor.default\">\n\t\t\t\t<div class=\"elementor-widget-container\">\n\t\t\t\t\t\t\t<p>L\u2019adh\u00e9sion annuelle est fix\u00e9e sur l\u2019ann\u00e9e civile du 1er janvier<span class=\"Apple-converted-space\">\u00a0 <\/span>au 31 d\u00e9cembre pour un montant de 270\u20ac (ann\u00e9e 2026)<span class=\"Apple-converted-space\">\u00a0 <\/span>tous cours confondus samedi et dimanche inclus. Ce dernier est d\u00e9gressif la 1ere ann\u00e9e en fonction du mois d\u2019inscription. <span style=\"font-family: var(--global-body-font-family);\">Elle permet \u00e0 l\u2019adh\u00e9rent d\u2019assister aux cours d\u2019\u00e9ducation (en fonction \u00e2ge et niveau du chien) ainsi qu\u2019aux diff\u00e9rentes activit\u00e9s (apr\u00e8s accord du responsable) et en fonction du planning propos\u00e9 chaque semaine. Se <\/span>r\u00e9f\u00e9rer<span style=\"font-family: var(--global-body-font-family);\"> \u00e0 la page Planning\/Inscription.<\/span><\/p>\t\t\t\t\t\t<\/div>\n\t\t\t\t<\/div>\n\t\t\t\t<\/div>\n\t\t<div class=\"elementor-element elementor-element-d561a48 e-con-full e-flex e-con e-child\" data-id=\"d561a48\" data-element_type=\"container\" data-settings=\"{&quot;background_background&quot;:&quot;classic&quot;}\">\n\t\t\t\t<div class=\"elementor-element elementor-element-6bf3714 elementor-view-default elementor-position-top elementor-mobile-position-top elementor-widget elementor-widget-icon-box\" data-id=\"6bf3714\" data-element_type=\"widget\" data-widget_type=\"icon-box.default\">\n\t\t\t\t<div class=\"elementor-widget-container\">\n\t\t\t\t\t<div class=\"elementor-icon-box-wrapper\">\n\n\t\t\t\t\t\t<div class=\"elementor-icon-box-icon\">\n\t\t\t\t<span  class=\"elementor-icon elementor-animation-\">\n\t\t\t\t<svg aria-hidden=\"true\" class=\"e-font-icon-svg e-fab-wpforms\" viewBox=\"0 0 448 512\" xmlns=\"http:\/\/www.w3.org\/2000\/svg\"><path d=\"M448 75.2v361.7c0 24.3-19 43.2-43.2 43.2H43.2C19.3 480 0 461.4 0 436.8V75.2C0 51.1 18.8 32 43.2 32h361.7c24 0 43.1 18.8 43.1 43.2zm-37.3 361.6V75.2c0-3-2.6-5.8-5.8-5.8h-9.3L285.3 144 224 94.1 162.8 144 52.5 69.3h-9.3c-3.2 0-5.8 2.8-5.8 5.8v361.7c0 3 2.6 5.8 5.8 5.8h361.7c3.2.1 5.8-2.7 5.8-5.8zM150.2 186v37H76.7v-37h73.5zm0 74.4v37.3H76.7v-37.3h73.5zm11.1-147.3l54-43.7H96.8l64.5 43.7zm210 72.9v37h-196v-37h196zm0 74.4v37.3h-196v-37.3h196zm-84.6-147.3l64.5-43.7H232.8l53.9 43.7zM371.3 335v37.3h-99.4V335h99.4z\"><\/path><\/svg>\t\t\t\t<\/span>\n\t\t\t<\/div>\n\t\t\t\n\t\t\t\t\t\t<div class=\"elementor-icon-box-content\">\n\n\t\t\t\t\t\t\t\t\t<h3 class=\"elementor-icon-box-title\">\n\t\t\t\t\t\t<span  >\n\t\t\t\t\t\t\tPapiers \u00e0 fournir\t\t\t\t\t\t<\/span>\n\t\t\t\t\t<\/h3>\n\t\t\t\t\n\t\t\t\t\n\t\t\t<\/div>\n\t\t\t\n\t\t<\/div>\n\t\t\t\t<\/div>\n\t\t\t\t<\/div>\n\t\t\t\t<div class=\"elementor-element elementor-element-ba82d66 elementor-widget elementor-widget-text-editor\" data-id=\"ba82d66\" data-element_type=\"widget\" data-widget_type=\"text-editor.default\">\n\t\t\t\t<div class=\"elementor-widget-container\">\n\t\t\t\t\t\t\t<ul><li>Copie carnet de sant\u00e9 du chien<\/li><li>Copie ICAD<\/li><li>Copie p\u00e9digr\u00e9s (si vous l\u2019avez)<\/li><li>Copie assurance responsabilit\u00e9 civile<\/li><li>R\u00e8glement int\u00e9rieur sign\u00e9 (voir plus bas pour le t\u00e9l\u00e9charg\u00e9)<\/li><li>Enveloppe timbr\u00e9e<\/li><li>Ch\u00e8que du montant de l\u2019adh\u00e9sion<\/li><li>Photo identit\u00e9e du maitre<\/li><\/ul>\t\t\t\t\t\t<\/div>\n\t\t\t\t<\/div>\n\t\t\t\t<div class=\"elementor-element elementor-element-9a179dc elementor-widget elementor-widget-button\" data-id=\"9a179dc\" data-element_type=\"widget\" data-widget_type=\"button.default\">\n\t\t\t\t<div class=\"elementor-widget-container\">\n\t\t\t\t\t\t\t<div class=\"elementor-button-wrapper\">\n\t\t\t\t\t<a class=\"elementor-button elementor-button-link elementor-size-sm\" href=\"http:\/\/slctorcy.fr\/WorldPress\/wp-content\/uploads\/2026\/01\/REGLEMENT-INTERIEUR.pdf\" target=\"_blank\">\n\t\t\t\t\t\t<span class=\"elementor-button-content-wrapper\">\n\t\t\t\t\t\t\t\t\t<span class=\"elementor-button-text\">R\u00e8glement int\u00e9rieur<\/span>\n\t\t\t\t\t<\/span>\n\t\t\t\t\t<\/a>\n\t\t\t\t<\/div>\n\t\t\t\t\t\t<\/div>\n\t\t\t\t<\/div>\n\t\t\t\t<\/div>\n\t\t\t\t<\/div>\n\t\t\t\t<\/div>\n\t\t","protected":false},"excerpt":{"rendered":"<p>Adh\u00e9sion au club L&rsquo;accueil du club est ouvert tous les samedi et dimanche matin pour tous renseignements Premi\u00e8re s\u00e9ance de d\u00e9couverte La premi\u00e8re s\u00e9ance pour d\u00e9couvrir le club est gratuite&#8230;<\/p>\n","protected":false},"author":1,"featured_media":0,"parent":0,"menu_order":0,"comment_status":"closed","ping_status":"closed","template":"","meta":{"_kad_post_transparent":"","_kad_post_title":"hide","_kad_post_layout":"fullwidth","_kad_post_sidebar_id":"","_kad_post_content_style":"unboxed","_kad_post_vertical_padding":"hide","_kad_post_feature":"hide","_kad_post_feature_position":"","_kad_post_header":false,"_kad_post_footer":false,"footnotes":""},"folder":[22],"class_list":["post-516","page","type-page","status-publish","hentry"],"_links":{"self":[{"href":"https:\/\/slctorcy.fr\/WorldPress\/wp-json\/wp\/v2\/pages\/516","targetHints":{"allow":["GET"]}}],"collection":[{"href":"https:\/\/slctorcy.fr\/WorldPress\/wp-json\/wp\/v2\/pages"}],"about":[{"href":"https:\/\/slctorcy.fr\/WorldPress\/wp-json\/wp\/v2\/types\/page"}],"author":[{"embeddable":true,"href":"https:\/\/slctorcy.fr\/WorldPress\/wp-json\/wp\/v2\/users\/1"}],"replies":[{"embeddable":true,"href":"https:\/\/slctorcy.fr\/WorldPress\/wp-json\/wp\/v2\/comments?post=516"}],"version-history":[{"count":43,"href":"https:\/\/slctorcy.fr\/WorldPress\/wp-json\/wp\/v2\/pages\/516\/revisions"}],"predecessor-version":[{"id":4741,"href":"https:\/\/slctorcy.fr\/WorldPress\/wp-json\/wp\/v2\/pages\/516\/revisions\/4741"}],"wp:attachment":[{"href":"https:\/\/slctorcy.fr\/WorldPress\/wp-json\/wp\/v2\/media?parent=516"}],"wp:term":[{"taxonomy":"folder","embeddable":true,"href":"https:\/\/slctorcy.fr\/WorldPress\/wp-json\/wp\/v2\/folder?post=516"}],"curies":[{"name":"wp","href":"https:\/\/api.w.org\/{rel}","templated":true}]}}