{"id":4196,"date":"2025-08-10T17:15:54","date_gmt":"2025-08-10T15:15:54","guid":{"rendered":"https:\/\/slctorcy.fr\/WorldPress\/?page_id=4196"},"modified":"2025-08-10T17:32:41","modified_gmt":"2025-08-10T15:32:41","slug":"gpf_salle","status":"publish","type":"page","link":"https:\/\/slctorcy.fr\/WorldPress\/gpf_salle\/","title":{"rendered":"GPF_Salle"},"content":{"rendered":"\t\t<div data-elementor-type=\"wp-page\" data-elementor-id=\"4196\" class=\"elementor elementor-4196\">\n\t\t\t\t<div class=\"elementor-element elementor-element-ed2b8b5 e-con-full e-flex e-con e-child\" data-id=\"ed2b8b5\" data-element_type=\"container\" data-settings=\"{&quot;background_background&quot;:&quot;classic&quot;,&quot;shape_divider_top&quot;:&quot;curve&quot;}\">\n\t\t\t\t<div class=\"elementor-shape elementor-shape-top\" data-negative=\"false\">\n\t\t\t<svg xmlns=\"http:\/\/www.w3.org\/2000\/svg\" viewBox=\"0 0 1000 100\" preserveAspectRatio=\"none\">\n    <path class=\"elementor-shape-fill\" d=\"M1000,4.3V0H0v4.3C0.9,23.1,126.7,99.2,500,100S1000,22.7,1000,4.3z\"\/>\n<\/svg>\t\t<\/div>\n\t\t\t\t<div class=\"elementor-element elementor-element-9cf666c elementor-widget elementor-widget-heading\" data-id=\"9cf666c\" data-element_type=\"widget\" data-widget_type=\"heading.default\">\n\t\t\t\t<div class=\"elementor-widget-container\">\n\t\t\t<h2 class=\"elementor-heading-title elementor-size-default\">Championnat et Grand Prix de France Dog Dancing<\/h2>\t\t<\/div>\n\t\t\t\t<\/div>\n\t\t\t\t<\/div>\n\t\t<div class=\"elementor-element elementor-element-5b13bcf e-flex e-con-boxed e-con e-parent\" data-id=\"5b13bcf\" data-element_type=\"container\">\n\t\t\t\t\t<div class=\"e-con-inner\">\n\t\t\t\t<div class=\"elementor-element elementor-element-f31d244 elementor-widget elementor-widget-heading\" data-id=\"f31d244\" data-element_type=\"widget\" data-widget_type=\"heading.default\">\n\t\t\t\t<div class=\"elementor-widget-container\">\n\t\t\t<h2 class=\"elementor-heading-title elementor-size-default\">Pr\u00e9sentation salle<\/h2>\t\t<\/div>\n\t\t\t\t<\/div>\n\t\t\t\t\t<\/div>\n\t\t\t\t<\/div>\n\t\t<div class=\"elementor-element elementor-element-87e6224 e-flex e-con-boxed e-con e-parent\" data-id=\"87e6224\" data-element_type=\"container\">\n\t\t\t\t\t<div class=\"e-con-inner\">\n\t\t\t\t<div class=\"elementor-element elementor-element-ca0a3c5 elementor-widget elementor-widget-spacer\" data-id=\"ca0a3c5\" data-element_type=\"widget\" data-widget_type=\"spacer.default\">\n\t\t\t\t<div class=\"elementor-widget-container\">\n\t\t\t\t\t<div class=\"elementor-spacer\">\n\t\t\t<div class=\"elementor-spacer-inner\"><\/div>\n\t\t<\/div>\n\t\t\t\t<\/div>\n\t\t\t\t<\/div>\n\t\t\t\t\t<\/div>\n\t\t\t\t<\/div>\n\t\t<div class=\"elementor-element elementor-element-0a20d31 e-flex e-con-boxed e-con e-parent\" data-id=\"0a20d31\" data-element_type=\"container\">\n\t\t\t\t\t<div class=\"e-con-inner\">\n\t\t<div class=\"elementor-element elementor-element-186bf74 e-con-full e-flex e-con e-child\" data-id=\"186bf74\" data-element_type=\"container\" data-settings=\"{&quot;background_background&quot;:&quot;classic&quot;}\">\n\t\t\t\t<\/div>\n\t\t<div class=\"elementor-element elementor-element-9b4d59b e-con-full e-flex e-con e-child\" data-id=\"9b4d59b\" data-element_type=\"container\">\n\t\t<div class=\"elementor-element elementor-element-4266ed5 e-con-full e-flex e-con e-child\" data-id=\"4266ed5\" data-element_type=\"container\">\n\t\t\t\t<div class=\"elementor-element elementor-element-15831c8 elementor-widget elementor-widget-heading\" data-id=\"15831c8\" data-element_type=\"widget\" data-widget_type=\"heading.default\">\n\t\t\t\t<div class=\"elementor-widget-container\">\n\t\t\t<h2 class=\"elementor-heading-title elementor-size-default\">Lieu<\/h2>\t\t<\/div>\n\t\t\t\t<\/div>\n\t\t\t\t<div class=\"elementor-element elementor-element-a65f256 elementor-widget elementor-widget-text-editor\" data-id=\"a65f256\" data-element_type=\"widget\" data-widget_type=\"text-editor.default\">\n\t\t\t\t<div class=\"elementor-widget-container\">\n\t\t\t\t\t\t\t<p>Le Grand Prix et le Championnat de France auront lieu dans la salle situ\u00e9e au 28 avenue Jean Moulin 77 200 Torcy<\/p>\t\t\t\t\t\t<\/div>\n\t\t\t\t<\/div>\n\t\t\t\t<div class=\"elementor-element elementor-element-a677acb elementor-widget elementor-widget-image\" data-id=\"a677acb\" data-element_type=\"widget\" data-widget_type=\"image.default\">\n\t\t\t\t<div class=\"elementor-widget-container\">\n\t\t\t\t\t\t\t\t\t\t\t\t\t<img fetchpriority=\"high\" decoding=\"async\" width=\"768\" height=\"500\" src=\"https:\/\/slctorcy.fr\/WorldPress\/wp-content\/uploads\/2025\/03\/Salle-et-Hotels-GPF-768x500-1.jpg\" class=\"attachment-large size-large wp-image-3400\" alt=\"\" srcset=\"https:\/\/slctorcy.fr\/WorldPress\/wp-content\/uploads\/2025\/03\/Salle-et-Hotels-GPF-768x500-1.jpg 768w, https:\/\/slctorcy.fr\/WorldPress\/wp-content\/uploads\/2025\/03\/Salle-et-Hotels-GPF-768x500-1-300x195.jpg 300w\" sizes=\"(max-width: 768px) 100vw, 768px\" \/>\t\t\t\t\t\t\t\t\t\t\t\t\t<\/div>\n\t\t\t\t<\/div>\n\t\t\t\t<\/div>\n\t\t<div class=\"elementor-element elementor-element-419b478 e-con-full e-flex e-con e-child\" data-id=\"419b478\" data-element_type=\"container\">\n\t\t<div class=\"elementor-element elementor-element-790e4b0 e-con-full e-flex e-con e-child\" data-id=\"790e4b0\" data-element_type=\"container\">\n\t\t\t\t<div class=\"elementor-element elementor-element-0cbb59a elementor-widget elementor-widget-google_maps\" data-id=\"0cbb59a\" data-element_type=\"widget\" data-widget_type=\"google_maps.default\">\n\t\t\t\t<div class=\"elementor-widget-container\">\n\t\t\t\t\t<div class=\"elementor-custom-embed\">\n\t\t\t<iframe loading=\"lazy\"\n\t\t\t\t\tsrc=\"https:\/\/maps.google.com\/maps?q=28%20avenue%20Jean%20Moulin%2077%20200%20Torcy&#038;t=m&#038;z=11&#038;output=embed&#038;iwloc=near\"\n\t\t\t\t\ttitle=\"28 avenue Jean Moulin 77 200 Torcy\"\n\t\t\t\t\taria-label=\"28 avenue Jean Moulin 77 200 Torcy\"\n\t\t\t><\/iframe>\n\t\t<\/div>\n\t\t\t\t<\/div>\n\t\t\t\t<\/div>\n\t\t\t\t<\/div>\n\t\t\t\t<\/div>\n\t\t\t\t<\/div>\n\t\t\t\t\t<\/div>\n\t\t\t\t<\/div>\n\t\t<div class=\"elementor-element elementor-element-b8aa89c e-flex e-con-boxed e-con e-parent\" data-id=\"b8aa89c\" data-element_type=\"container\">\n\t\t\t\t\t<div class=\"e-con-inner\">\n\t\t\t\t<div class=\"elementor-element elementor-element-08c10ad elementor-widget elementor-widget-spacer\" data-id=\"08c10ad\" data-element_type=\"widget\" data-widget_type=\"spacer.default\">\n\t\t\t\t<div class=\"elementor-widget-container\">\n\t\t\t\t\t<div class=\"elementor-spacer\">\n\t\t\t<div class=\"elementor-spacer-inner\"><\/div>\n\t\t<\/div>\n\t\t\t\t<\/div>\n\t\t\t\t<\/div>\n\t\t\t\t\t<\/div>\n\t\t\t\t<\/div>\n\t\t<div class=\"elementor-element elementor-element-22d26ea e-flex e-con-boxed e-con e-parent\" data-id=\"22d26ea\" data-element_type=\"container\">\n\t\t\t\t\t<div class=\"e-con-inner\">\n\t\t<div class=\"elementor-element elementor-element-5e79212 e-con-full e-flex e-con e-child\" data-id=\"5e79212\" data-element_type=\"container\">\n\t\t<div class=\"elementor-element elementor-element-d5dcfac e-con-full e-flex e-con e-child\" data-id=\"d5dcfac\" data-element_type=\"container\">\n\t\t\t\t<div class=\"elementor-element elementor-element-602463e elementor-widget elementor-widget-text-editor\" data-id=\"602463e\" data-element_type=\"widget\" data-widget_type=\"text-editor.default\">\n\t\t\t\t<div class=\"elementor-widget-container\">\n\t\t\t\t\t\t\t<p>Entr\u00e9e de la salle<\/p>\t\t\t\t\t\t<\/div>\n\t\t\t\t<\/div>\n\t\t\t\t<div class=\"elementor-element elementor-element-0618573 elementor-widget elementor-widget-image\" data-id=\"0618573\" data-element_type=\"widget\" data-widget_type=\"image.default\">\n\t\t\t\t<div class=\"elementor-widget-container\">\n\t\t\t\t\t\t\t\t\t\t\t\t\t<img decoding=\"async\" src=\"https:\/\/slctorcy.fr\/WorldPress\/wp-content\/uploads\/2025\/04\/GPF_entree-salle_768X500.jpg\" title=\"GPF_entr\u00e9e-salle_768X500\" alt=\"GPF_entr\u00e9e-salle_768X500\" loading=\"lazy\" \/>\t\t\t\t\t\t\t\t\t\t\t\t\t<\/div>\n\t\t\t\t<\/div>\n\t\t\t\t<\/div>\n\t\t<div class=\"elementor-element elementor-element-4337d43 e-con-full e-flex e-con e-child\" data-id=\"4337d43\" data-element_type=\"container\">\n\t\t\t\t<div class=\"elementor-element elementor-element-3c08023 elementor-widget elementor-widget-text-editor\" data-id=\"3c08023\" data-element_type=\"widget\" data-widget_type=\"text-editor.default\">\n\t\t\t\t<div class=\"elementor-widget-container\">\n\t\t\t\t\t\t\t<p>Int\u00e9rieur de la salle<\/p>\t\t\t\t\t\t<\/div>\n\t\t\t\t<\/div>\n\t\t\t\t<div class=\"elementor-element elementor-element-ca4f6fb elementor-widget elementor-widget-image\" data-id=\"ca4f6fb\" data-element_type=\"widget\" data-widget_type=\"image.default\">\n\t\t\t\t<div class=\"elementor-widget-container\">\n\t\t\t\t\t\t\t\t\t\t\t\t\t<img decoding=\"async\" src=\"https:\/\/slctorcy.fr\/WorldPress\/wp-content\/uploads\/2025\/04\/GPF_salle-3-_768X500.jpg\" title=\"GPF_salle 3 _768X500\" alt=\"GPF_salle 3 _768X500\" loading=\"lazy\" \/>\t\t\t\t\t\t\t\t\t\t\t\t\t<\/div>\n\t\t\t\t<\/div>\n\t\t\t\t<\/div>\n\t\t<div class=\"elementor-element elementor-element-94c5472 e-con-full e-flex e-con e-child\" data-id=\"94c5472\" data-element_type=\"container\">\n\t\t\t\t<div class=\"elementor-element elementor-element-1d2e1a0 elementor-widget elementor-widget-text-editor\" data-id=\"1d2e1a0\" data-element_type=\"widget\" data-widget_type=\"text-editor.default\">\n\t\t\t\t<div class=\"elementor-widget-container\">\n\t\t\t\t\t\t\t<p>Stationnement voiture<\/p>\t\t\t\t\t\t<\/div>\n\t\t\t\t<\/div>\n\t\t\t\t<div class=\"elementor-element elementor-element-5415836 elementor-widget elementor-widget-image\" data-id=\"5415836\" data-element_type=\"widget\" data-widget_type=\"image.default\">\n\t\t\t\t<div class=\"elementor-widget-container\">\n\t\t\t\t\t\t\t\t\t\t\t\t\t<img decoding=\"async\" src=\"https:\/\/slctorcy.fr\/WorldPress\/wp-content\/uploads\/2025\/04\/GPF-PKG_1_768X500.jpg\" title=\"GPF PKG_1_768X500\" alt=\"GPF PKG_1_768X500\" loading=\"lazy\" \/>\t\t\t\t\t\t\t\t\t\t\t\t\t<\/div>\n\t\t\t\t<\/div>\n\t\t\t\t<\/div>\n\t\t<div class=\"elementor-element elementor-element-610a843 e-con-full e-flex e-con e-child\" data-id=\"610a843\" data-element_type=\"container\">\n\t\t\t\t<div class=\"elementor-element elementor-element-07ef49f elementor-widget elementor-widget-text-editor\" data-id=\"07ef49f\" data-element_type=\"widget\" data-widget_type=\"text-editor.default\">\n\t\t\t\t<div class=\"elementor-widget-container\">\n\t\t\t\t\t\t\t<p>Acc\u00e8s salle depuis parking<\/p>\t\t\t\t\t\t<\/div>\n\t\t\t\t<\/div>\n\t\t\t\t<div class=\"elementor-element elementor-element-b07d379 elementor-widget elementor-widget-image\" data-id=\"b07d379\" data-element_type=\"widget\" data-widget_type=\"image.default\">\n\t\t\t\t<div class=\"elementor-widget-container\">\n\t\t\t\t\t\t\t\t\t\t\t\t\t<img decoding=\"async\" src=\"https:\/\/slctorcy.fr\/WorldPress\/wp-content\/uploads\/2025\/04\/GPF-acces-depuis-PKG-2-768x500-1.jpg\" title=\"GPF-acc\u00e9s depuis PKG-2-768&#215;500\" alt=\"GPF-acc\u00e9s depuis PKG-2-768x500\" loading=\"lazy\" \/>\t\t\t\t\t\t\t\t\t\t\t\t\t<\/div>\n\t\t\t\t<\/div>\n\t\t\t\t<\/div>\n\t\t<div class=\"elementor-element elementor-element-88f5e72 e-con-full e-flex e-con e-child\" data-id=\"88f5e72\" data-element_type=\"container\">\n\t\t\t\t<div class=\"elementor-element elementor-element-962e29e elementor-widget elementor-widget-text-editor\" data-id=\"962e29e\" data-element_type=\"widget\" data-widget_type=\"text-editor.default\">\n\t\t\t\t<div class=\"elementor-widget-container\">\n\t\t\t\t\t\t\t<div class=\"page\" title=\"Page 5\"><div class=\"layoutArea\"><div class=\"column\"><p>Parc du Segrais \u00e0 c\u00f4t\u00e9 de la salle<\/p><\/div><\/div><\/div>\t\t\t\t\t\t<\/div>\n\t\t\t\t<\/div>\n\t\t\t\t<div class=\"elementor-element elementor-element-fb5d241 elementor-widget elementor-widget-image\" data-id=\"fb5d241\" data-element_type=\"widget\" data-widget_type=\"image.default\">\n\t\t\t\t<div class=\"elementor-widget-container\">\n\t\t\t\t\t\t\t\t\t\t\t\t\t<img decoding=\"async\" src=\"https:\/\/slctorcy.fr\/WorldPress\/wp-content\/uploads\/2025\/04\/GPF_Parc-du-segrais-2_768X500.jpg\" title=\"GPF_Parc du segrais-2_768X500\" alt=\"GPF_Parc du segrais-2_768X500\" loading=\"lazy\" \/>\t\t\t\t\t\t\t\t\t\t\t\t\t<\/div>\n\t\t\t\t<\/div>\n\t\t\t\t<\/div>\n\t\t\t\t<\/div>\n\t\t<div class=\"elementor-element elementor-element-58a21e1 e-con-full e-flex e-con e-child\" data-id=\"58a21e1\" data-element_type=\"container\">\n\t\t<div class=\"elementor-element elementor-element-b73b35a e-con-full e-flex e-con e-child\" data-id=\"b73b35a\" data-element_type=\"container\">\n\t\t\t\t<div class=\"elementor-element elementor-element-540bc93 elementor-widget elementor-widget-text-editor\" data-id=\"540bc93\" data-element_type=\"widget\" data-widget_type=\"text-editor.default\">\n\t\t\t\t<div class=\"elementor-widget-container\">\n\t\t\t\t\t\t\t<p>Ext\u00e9rieur de la salle avec acc\u00e8s priv\u00e9<\/p>\t\t\t\t\t\t<\/div>\n\t\t\t\t<\/div>\n\t\t\t\t<div class=\"elementor-element elementor-element-1f39da9 elementor-widget elementor-widget-image\" data-id=\"1f39da9\" data-element_type=\"widget\" data-widget_type=\"image.default\">\n\t\t\t\t<div class=\"elementor-widget-container\">\n\t\t\t\t\t\t\t\t\t\t\t\t\t<img decoding=\"async\" src=\"https:\/\/slctorcy.fr\/WorldPress\/wp-content\/uploads\/2025\/04\/GPF_abord-salle-3_768X500.jpg\" title=\"GPF_abord-salle-3_768X500\" alt=\"GPF_abord-salle-3_768X500\" loading=\"lazy\" \/>\t\t\t\t\t\t\t\t\t\t\t\t\t<\/div>\n\t\t\t\t<\/div>\n\t\t\t\t<\/div>\n\t\t<div class=\"elementor-element elementor-element-4bb1079 e-con-full e-flex e-con e-child\" data-id=\"4bb1079\" data-element_type=\"container\">\n\t\t\t\t<div class=\"elementor-element elementor-element-7a67276 elementor-widget elementor-widget-text-editor\" data-id=\"7a67276\" data-element_type=\"widget\" data-widget_type=\"text-editor.default\">\n\t\t\t\t<div class=\"elementor-widget-container\">\n\t\t\t\t\t\t\t<p>Int\u00e9rieur de la salle\u00a0<\/p>\t\t\t\t\t\t<\/div>\n\t\t\t\t<\/div>\n\t\t\t\t<div class=\"elementor-element elementor-element-68830e9 elementor-widget elementor-widget-image\" data-id=\"68830e9\" data-element_type=\"widget\" data-widget_type=\"image.default\">\n\t\t\t\t<div class=\"elementor-widget-container\">\n\t\t\t\t\t\t\t\t\t\t\t\t\t<img decoding=\"async\" src=\"https:\/\/slctorcy.fr\/WorldPress\/wp-content\/uploads\/2025\/04\/GPF_salle-2-_768X500.jpg\" title=\"GPF_salle 2 _768X500\" alt=\"GPF_salle 2 _768X500\" loading=\"lazy\" \/>\t\t\t\t\t\t\t\t\t\t\t\t\t<\/div>\n\t\t\t\t<\/div>\n\t\t\t\t<\/div>\n\t\t<div class=\"elementor-element elementor-element-935c863 e-con-full e-flex e-con e-child\" data-id=\"935c863\" data-element_type=\"container\">\n\t\t\t\t<div class=\"elementor-element elementor-element-88c958a elementor-widget elementor-widget-text-editor\" data-id=\"88c958a\" data-element_type=\"widget\" data-widget_type=\"text-editor.default\">\n\t\t\t\t<div class=\"elementor-widget-container\">\n\t\t\t\t\t\t\t<p>Stationnement camping car<\/p>\t\t\t\t\t\t<\/div>\n\t\t\t\t<\/div>\n\t\t\t\t<div class=\"elementor-element elementor-element-385754e elementor-widget elementor-widget-image\" data-id=\"385754e\" data-element_type=\"widget\" data-widget_type=\"image.default\">\n\t\t\t\t<div class=\"elementor-widget-container\">\n\t\t\t\t\t\t\t\t\t\t\t\t\t<img decoding=\"async\" src=\"https:\/\/slctorcy.fr\/WorldPress\/wp-content\/uploads\/2025\/04\/GPF-PKG_2_768X500.jpg\" title=\"GPF PKG_2_768X500\" alt=\"GPF PKG_2_768X500\" loading=\"lazy\" \/>\t\t\t\t\t\t\t\t\t\t\t\t\t<\/div>\n\t\t\t\t<\/div>\n\t\t\t\t<\/div>\n\t\t<div class=\"elementor-element elementor-element-e282e37 e-con-full e-flex e-con e-child\" data-id=\"e282e37\" data-element_type=\"container\">\n\t\t\t\t<div class=\"elementor-element elementor-element-bcac951 elementor-widget elementor-widget-text-editor\" data-id=\"bcac951\" data-element_type=\"widget\" data-widget_type=\"text-editor.default\">\n\t\t\t\t<div class=\"elementor-widget-container\">\n\t\t\t\t\t\t\t<p>Acc\u00e8s salle depuis parking<\/p>\t\t\t\t\t\t<\/div>\n\t\t\t\t<\/div>\n\t\t\t\t<div class=\"elementor-element elementor-element-0baa55e elementor-widget elementor-widget-image\" data-id=\"0baa55e\" data-element_type=\"widget\" data-widget_type=\"image.default\">\n\t\t\t\t<div class=\"elementor-widget-container\">\n\t\t\t\t\t\t\t\t\t\t\t\t\t<img decoding=\"async\" src=\"https:\/\/slctorcy.fr\/WorldPress\/wp-content\/uploads\/2025\/04\/GPF-acces-depuis-PKG-1-768x500-1.jpg\" title=\"GPF-acc\u00e9s depuis PKG-1-768&#215;500\" alt=\"GPF-acc\u00e9s depuis PKG-1-768x500\" loading=\"lazy\" \/>\t\t\t\t\t\t\t\t\t\t\t\t\t<\/div>\n\t\t\t\t<\/div>\n\t\t\t\t<\/div>\n\t\t<div class=\"elementor-element elementor-element-aa5ebdc e-con-full e-flex e-con e-child\" data-id=\"aa5ebdc\" data-element_type=\"container\">\n\t\t\t\t<div class=\"elementor-element elementor-element-b41e109 elementor-widget elementor-widget-text-editor\" data-id=\"b41e109\" data-element_type=\"widget\" data-widget_type=\"text-editor.default\">\n\t\t\t\t<div class=\"elementor-widget-container\">\n\t\t\t\t\t\t\t<p>Parc du Segrais \u00e0 c\u00f4t\u00e9 de la salle<\/p>\t\t\t\t\t\t<\/div>\n\t\t\t\t<\/div>\n\t\t\t\t<div class=\"elementor-element elementor-element-2b24324 elementor-widget elementor-widget-image\" data-id=\"2b24324\" data-element_type=\"widget\" data-widget_type=\"image.default\">\n\t\t\t\t<div class=\"elementor-widget-container\">\n\t\t\t\t\t\t\t\t\t\t\t\t\t<img decoding=\"async\" src=\"https:\/\/slctorcy.fr\/WorldPress\/wp-content\/uploads\/2025\/04\/GPF_Parc-du-segrais-1_768X500.jpg\" title=\"GPF_Parc du segrais-1_768X500\" alt=\"GPF_Parc du segrais-1_768X500\" loading=\"lazy\" \/>\t\t\t\t\t\t\t\t\t\t\t\t\t<\/div>\n\t\t\t\t<\/div>\n\t\t\t\t<\/div>\n\t\t\t\t<\/div>\n\t\t\t\t\t<\/div>\n\t\t\t\t<\/div>\n\t\t<div class=\"elementor-element elementor-element-3dda31c e-flex e-con-boxed e-con e-parent\" data-id=\"3dda31c\" data-element_type=\"container\">\n\t\t\t\t\t<div class=\"e-con-inner\">\n\t\t\t\t<div class=\"elementor-element elementor-element-ad30edb elementor-widget elementor-widget-spacer\" data-id=\"ad30edb\" data-element_type=\"widget\" data-widget_type=\"spacer.default\">\n\t\t\t\t<div class=\"elementor-widget-container\">\n\t\t\t\t\t<div class=\"elementor-spacer\">\n\t\t\t<div class=\"elementor-spacer-inner\"><\/div>\n\t\t<\/div>\n\t\t\t\t<\/div>\n\t\t\t\t<\/div>\n\t\t\t\t\t<\/div>\n\t\t\t\t<\/div>\n\t\t<div class=\"elementor-element elementor-element-67cd50f e-flex e-con-boxed e-con e-parent\" data-id=\"67cd50f\" data-element_type=\"container\">\n\t\t\t\t\t<div class=\"e-con-inner\">\n\t\t\t\t<div class=\"elementor-element elementor-element-a634042 elementor-align-center elementor-widget__width-initial elementor-widget elementor-widget-button\" data-id=\"a634042\" data-element_type=\"widget\" data-widget_type=\"button.default\">\n\t\t\t\t<div class=\"elementor-widget-container\">\n\t\t\t\t\t\t\t<div class=\"elementor-button-wrapper\">\n\t\t\t\t\t<a class=\"elementor-button elementor-button-link elementor-size-sm\" href=\"https:\/\/slctorcy.fr\/WorldPress\/championnat-et-grand-prix-de-france-dog-dancing\/\">\n\t\t\t\t\t\t<span class=\"elementor-button-content-wrapper\">\n\t\t\t\t\t\t\t\t\t<span class=\"elementor-button-text\">Retour page GPF<\/span>\n\t\t\t\t\t<\/span>\n\t\t\t\t\t<\/a>\n\t\t\t\t<\/div>\n\t\t\t\t\t\t<\/div>\n\t\t\t\t<\/div>\n\t\t\t\t\t<\/div>\n\t\t\t\t<\/div>\n\t\t\t\t<\/div>\n\t\t","protected":false},"excerpt":{"rendered":"<p>Championnat et Grand Prix de France Dog Dancing Pr\u00e9sentation salle Lieu Le Grand Prix et le Championnat de France auront lieu dans la salle situ\u00e9e au 28 avenue Jean Moulin&#8230;<\/p>\n","protected":false},"author":1,"featured_media":0,"parent":0,"menu_order":0,"comment_status":"closed","ping_status":"closed","template":"","meta":{"_kad_post_transparent":"","_kad_post_title":"hide","_kad_post_layout":"fullwidth","_kad_post_sidebar_id":"","_kad_post_content_style":"unboxed","_kad_post_vertical_padding":"hide","_kad_post_feature":"hide","_kad_post_feature_position":"","_kad_post_header":false,"_kad_post_footer":false,"footnotes":""},"folder":[37],"class_list":["post-4196","page","type-page","status-publish","hentry"],"_links":{"self":[{"href":"https:\/\/slctorcy.fr\/WorldPress\/wp-json\/wp\/v2\/pages\/4196","targetHints":{"allow":["GET"]}}],"collection":[{"href":"https:\/\/slctorcy.fr\/WorldPress\/wp-json\/wp\/v2\/pages"}],"about":[{"href":"https:\/\/slctorcy.fr\/WorldPress\/wp-json\/wp\/v2\/types\/page"}],"author":[{"embeddable":true,"href":"https:\/\/slctorcy.fr\/WorldPress\/wp-json\/wp\/v2\/users\/1"}],"replies":[{"embeddable":true,"href":"https:\/\/slctorcy.fr\/WorldPress\/wp-json\/wp\/v2\/comments?post=4196"}],"version-history":[{"count":10,"href":"https:\/\/slctorcy.fr\/WorldPress\/wp-json\/wp\/v2\/pages\/4196\/revisions"}],"predecessor-version":[{"id":4214,"href":"https:\/\/slctorcy.fr\/WorldPress\/wp-json\/wp\/v2\/pages\/4196\/revisions\/4214"}],"wp:attachment":[{"href":"https:\/\/slctorcy.fr\/WorldPress\/wp-json\/wp\/v2\/media?parent=4196"}],"wp:term":[{"taxonomy":"folder","embeddable":true,"href":"https:\/\/slctorcy.fr\/WorldPress\/wp-json\/wp\/v2\/folder?post=4196"}],"curies":[{"name":"wp","href":"https:\/\/api.w.org\/{rel}","templated":true}]}}