{"id":3777,"date":"2025-06-27T21:02:35","date_gmt":"2025-06-27T19:02:35","guid":{"rendered":"https:\/\/slctorcy.fr\/WorldPress\/?page_id=3777"},"modified":"2025-11-05T18:32:50","modified_gmt":"2025-11-05T17:32:50","slug":"stage-obeissance-1-et-2-nov-25","status":"publish","type":"page","link":"https:\/\/slctorcy.fr\/WorldPress\/stage-obeissance-1-et-2-nov-25\/","title":{"rendered":"Stage Obeissance 1 et 2 nov 25"},"content":{"rendered":"\t\t<div data-elementor-type=\"wp-page\" data-elementor-id=\"3777\" class=\"elementor elementor-3777\">\n\t\t\t\t<div class=\"elementor-element elementor-element-c6b16f2 e-con-full e-flex e-con e-child\" data-id=\"c6b16f2\" data-element_type=\"container\" data-settings=\"{&quot;background_background&quot;:&quot;classic&quot;,&quot;shape_divider_top&quot;:&quot;curve&quot;}\">\n\t\t\t\t<div class=\"elementor-shape elementor-shape-top\" data-negative=\"false\">\n\t\t\t<svg xmlns=\"http:\/\/www.w3.org\/2000\/svg\" viewBox=\"0 0 1000 100\" preserveAspectRatio=\"none\">\n    <path class=\"elementor-shape-fill\" d=\"M1000,4.3V0H0v4.3C0.9,23.1,126.7,99.2,500,100S1000,22.7,1000,4.3z\"\/>\n<\/svg>\t\t<\/div>\n\t\t\t\t<div class=\"elementor-element elementor-element-c20c9e1 elementor-widget elementor-widget-heading\" data-id=\"c20c9e1\" data-element_type=\"widget\" data-widget_type=\"heading.default\">\n\t\t\t\t<div class=\"elementor-widget-container\">\n\t\t\t<h2 class=\"elementor-heading-title elementor-size-default\">STAGE OBEISSANCE\n<\/h2>\t\t<\/div>\n\t\t\t\t<\/div>\n\t\t\t\t<div class=\"elementor-element elementor-element-81550c7 elementor-widget elementor-widget-heading\" data-id=\"81550c7\" data-element_type=\"widget\" data-widget_type=\"heading.default\">\n\t\t\t\t<div class=\"elementor-widget-container\">\n\t\t\t<h2 class=\"elementor-heading-title elementor-size-default\">Samedi 1 et Dimanche 2 Novembre 2025<\/h2>\t\t<\/div>\n\t\t\t\t<\/div>\n\t\t\t\t<\/div>\n\t\t<div class=\"elementor-element elementor-element-b3124d9 e-flex e-con-boxed e-con e-parent\" data-id=\"b3124d9\" data-element_type=\"container\">\n\t\t\t\t\t<div class=\"e-con-inner\">\n\t\t<div class=\"elementor-element elementor-element-ababfce e-con-full e-flex e-con e-child\" data-id=\"ababfce\" data-element_type=\"container\" data-settings=\"{&quot;background_background&quot;:&quot;classic&quot;}\">\n\t\t\t\t<\/div>\n\t\t<div class=\"elementor-element elementor-element-e08cd34 e-con-full e-flex e-con e-child\" data-id=\"e08cd34\" data-element_type=\"container\">\n\t\t<div class=\"elementor-element elementor-element-04590ff e-con-full e-flex e-con e-child\" data-id=\"04590ff\" data-element_type=\"container\" data-settings=\"{&quot;background_background&quot;:&quot;classic&quot;}\">\n\t\t<div class=\"elementor-element elementor-element-e229d33 e-con-full e-flex e-con e-child\" data-id=\"e229d33\" data-element_type=\"container\">\n\t\t\t\t<div class=\"elementor-element elementor-element-d5bf449 elementor-widget__width-initial elementor-widget-tablet__width-initial elementor-widget elementor-widget-text-editor\" data-id=\"d5bf449\" data-element_type=\"widget\" data-widget_type=\"text-editor.default\">\n\t\t\t\t<div class=\"elementor-widget-container\">\n\t\t\t\t\t\t\t<p>Sur le week-end du 1-2 novembre nous avons eu le plaisir d\u2019organiser un stage d\u2019ob\u00e9issance anim\u00e9 par Ga\u00ebl Carpentier. Les huit participants avec chien (dont quatre du club de Torcy) par jour et les \u00e9coutants ne sont pas tout \u00e0 fait pass\u00e9s entre les gouttes mais cela ne les a pas emp\u00each\u00e9s de profiter au maximum des conseils prodigu\u00e9s. Bref ! Un bon week end pour progresser dans la discipline &#8230;<\/p>\t\t\t\t\t\t<\/div>\n\t\t\t\t<\/div>\n\t\t\t\t<div class=\"elementor-element elementor-element-cc77d9c elementor-widget elementor-widget-image\" data-id=\"cc77d9c\" data-element_type=\"widget\" data-widget_type=\"image.default\">\n\t\t\t\t<div class=\"elementor-widget-container\">\n\t\t\t\t\t\t\t\t\t\t\t\t\t<img fetchpriority=\"high\" decoding=\"async\" width=\"1024\" height=\"658\" src=\"https:\/\/slctorcy.fr\/WorldPress\/wp-content\/uploads\/2025\/11\/StageOB25Carpentier-3-1024x658.jpeg\" class=\"attachment-large size-large wp-image-4511\" alt=\"\" srcset=\"https:\/\/slctorcy.fr\/WorldPress\/wp-content\/uploads\/2025\/11\/StageOB25Carpentier-3-1024x658.jpeg 1024w, https:\/\/slctorcy.fr\/WorldPress\/wp-content\/uploads\/2025\/11\/StageOB25Carpentier-3-300x193.jpeg 300w, https:\/\/slctorcy.fr\/WorldPress\/wp-content\/uploads\/2025\/11\/StageOB25Carpentier-3-768x493.jpeg 768w, https:\/\/slctorcy.fr\/WorldPress\/wp-content\/uploads\/2025\/11\/StageOB25Carpentier-3-1536x987.jpeg 1536w, https:\/\/slctorcy.fr\/WorldPress\/wp-content\/uploads\/2025\/11\/StageOB25Carpentier-3.jpeg 1829w\" sizes=\"(max-width: 1024px) 100vw, 1024px\" \/>\t\t\t\t\t\t\t\t\t\t\t\t\t<\/div>\n\t\t\t\t<\/div>\n\t\t\t\t<\/div>\n\t\t\t\t<\/div>\n\t\t\t\t<\/div>\n\t\t\t\t\t<\/div>\n\t\t\t\t<\/div>\n\t\t<div class=\"elementor-element elementor-element-e0e5b8d e-flex e-con-boxed e-con e-parent\" data-id=\"e0e5b8d\" data-element_type=\"container\">\n\t\t\t\t\t<div class=\"e-con-inner\">\n\t\t\t\t<div class=\"elementor-element elementor-element-f0efa9f elementor-widget elementor-widget-heading\" data-id=\"f0efa9f\" data-element_type=\"widget\" data-widget_type=\"heading.default\">\n\t\t\t\t<div class=\"elementor-widget-container\">\n\t\t\t<h2 class=\"elementor-heading-title elementor-size-default\">Retrouver le photos de ce super week-end<\/h2>\t\t<\/div>\n\t\t\t\t<\/div>\n\t\t\t\t\t<\/div>\n\t\t\t\t<\/div>\n\t\t<div class=\"elementor-element elementor-element-2773244 e-flex e-con-boxed e-con e-parent\" data-id=\"2773244\" data-element_type=\"container\">\n\t\t\t\t\t<div class=\"e-con-inner\">\n\t\t\t\t<div class=\"elementor-element elementor-element-573c043 elementor-widget elementor-widget-image-gallery\" data-id=\"573c043\" data-element_type=\"widget\" data-widget_type=\"image-gallery.default\">\n\t\t\t\t<div class=\"elementor-widget-container\">\n\t\t\t\t\t<div class=\"elementor-image-gallery\">\n\t\t\t<div id='gallery-1' class='gallery galleryid-3777 gallery-columns-4 gallery-size-thumbnail'><figure class='gallery-item'>\n\t\t\t<div class='gallery-icon portrait'>\n\t\t\t\t<a data-elementor-open-lightbox=\"yes\" data-elementor-lightbox-slideshow=\"573c043\" data-elementor-lightbox-title=\"StageOB25Carpentier (14)\" data-e-action-hash=\"#elementor-action%3Aaction%3Dlightbox%26settings%3DeyJpZCI6NDUyMywidXJsIjoiaHR0cHM6XC9cL3NsY3RvcmN5LmZyXC9Xb3JsZFByZXNzXC93cC1jb250ZW50XC91cGxvYWRzXC8yMDI1XC8xMVwvU3RhZ2VPQjI1Q2FycGVudGllci0xNC5qcGVnIiwic2xpZGVzaG93IjoiNTczYzA0MyJ9\" href='https:\/\/slctorcy.fr\/WorldPress\/wp-content\/uploads\/2025\/11\/StageOB25Carpentier-14.jpeg'><img decoding=\"async\" width=\"150\" height=\"150\" src=\"https:\/\/slctorcy.fr\/WorldPress\/wp-content\/uploads\/2025\/11\/StageOB25Carpentier-14-150x150.jpeg\" class=\"attachment-thumbnail size-thumbnail\" alt=\"\" \/><\/a>\n\t\t\t<\/div><\/figure><figure class='gallery-item'>\n\t\t\t<div class='gallery-icon landscape'>\n\t\t\t\t<a data-elementor-open-lightbox=\"yes\" data-elementor-lightbox-slideshow=\"573c043\" data-elementor-lightbox-title=\"StageOB25Carpentier (13)\" data-e-action-hash=\"#elementor-action%3Aaction%3Dlightbox%26settings%3DeyJpZCI6NDUyMiwidXJsIjoiaHR0cHM6XC9cL3NsY3RvcmN5LmZyXC9Xb3JsZFByZXNzXC93cC1jb250ZW50XC91cGxvYWRzXC8yMDI1XC8xMVwvU3RhZ2VPQjI1Q2FycGVudGllci0xMy5qcGVnIiwic2xpZGVzaG93IjoiNTczYzA0MyJ9\" href='https:\/\/slctorcy.fr\/WorldPress\/wp-content\/uploads\/2025\/11\/StageOB25Carpentier-13.jpeg'><img decoding=\"async\" width=\"150\" height=\"150\" src=\"https:\/\/slctorcy.fr\/WorldPress\/wp-content\/uploads\/2025\/11\/StageOB25Carpentier-13-150x150.jpeg\" class=\"attachment-thumbnail size-thumbnail\" alt=\"\" \/><\/a>\n\t\t\t<\/div><\/figure><figure class='gallery-item'>\n\t\t\t<div class='gallery-icon portrait'>\n\t\t\t\t<a data-elementor-open-lightbox=\"yes\" data-elementor-lightbox-slideshow=\"573c043\" data-elementor-lightbox-title=\"StageOB25Carpentier (12)\" data-e-action-hash=\"#elementor-action%3Aaction%3Dlightbox%26settings%3DeyJpZCI6NDUyMSwidXJsIjoiaHR0cHM6XC9cL3NsY3RvcmN5LmZyXC9Xb3JsZFByZXNzXC93cC1jb250ZW50XC91cGxvYWRzXC8yMDI1XC8xMVwvU3RhZ2VPQjI1Q2FycGVudGllci0xMi5qcGVnIiwic2xpZGVzaG93IjoiNTczYzA0MyJ9\" href='https:\/\/slctorcy.fr\/WorldPress\/wp-content\/uploads\/2025\/11\/StageOB25Carpentier-12.jpeg'><img loading=\"lazy\" decoding=\"async\" width=\"150\" height=\"150\" src=\"https:\/\/slctorcy.fr\/WorldPress\/wp-content\/uploads\/2025\/11\/StageOB25Carpentier-12-150x150.jpeg\" class=\"attachment-thumbnail size-thumbnail\" alt=\"\" \/><\/a>\n\t\t\t<\/div><\/figure><figure class='gallery-item'>\n\t\t\t<div class='gallery-icon landscape'>\n\t\t\t\t<a data-elementor-open-lightbox=\"yes\" data-elementor-lightbox-slideshow=\"573c043\" data-elementor-lightbox-title=\"StageOB25Carpentier (11)\" data-e-action-hash=\"#elementor-action%3Aaction%3Dlightbox%26settings%3DeyJpZCI6NDUyMCwidXJsIjoiaHR0cHM6XC9cL3NsY3RvcmN5LmZyXC9Xb3JsZFByZXNzXC93cC1jb250ZW50XC91cGxvYWRzXC8yMDI1XC8xMVwvU3RhZ2VPQjI1Q2FycGVudGllci0xMS5qcGVnIiwic2xpZGVzaG93IjoiNTczYzA0MyJ9\" href='https:\/\/slctorcy.fr\/WorldPress\/wp-content\/uploads\/2025\/11\/StageOB25Carpentier-11.jpeg'><img loading=\"lazy\" decoding=\"async\" width=\"150\" height=\"150\" src=\"https:\/\/slctorcy.fr\/WorldPress\/wp-content\/uploads\/2025\/11\/StageOB25Carpentier-11-150x150.jpeg\" class=\"attachment-thumbnail size-thumbnail\" alt=\"\" \/><\/a>\n\t\t\t<\/div><\/figure><figure class='gallery-item'>\n\t\t\t<div class='gallery-icon portrait'>\n\t\t\t\t<a data-elementor-open-lightbox=\"yes\" data-elementor-lightbox-slideshow=\"573c043\" data-elementor-lightbox-title=\"StageOB25Carpentier (10)\" data-e-action-hash=\"#elementor-action%3Aaction%3Dlightbox%26settings%3DeyJpZCI6NDUxOSwidXJsIjoiaHR0cHM6XC9cL3NsY3RvcmN5LmZyXC9Xb3JsZFByZXNzXC93cC1jb250ZW50XC91cGxvYWRzXC8yMDI1XC8xMVwvU3RhZ2VPQjI1Q2FycGVudGllci0xMC5qcGVnIiwic2xpZGVzaG93IjoiNTczYzA0MyJ9\" href='https:\/\/slctorcy.fr\/WorldPress\/wp-content\/uploads\/2025\/11\/StageOB25Carpentier-10.jpeg'><img loading=\"lazy\" decoding=\"async\" width=\"150\" height=\"150\" src=\"https:\/\/slctorcy.fr\/WorldPress\/wp-content\/uploads\/2025\/11\/StageOB25Carpentier-10-150x150.jpeg\" class=\"attachment-thumbnail size-thumbnail\" alt=\"\" \/><\/a>\n\t\t\t<\/div><\/figure><figure class='gallery-item'>\n\t\t\t<div class='gallery-icon landscape'>\n\t\t\t\t<a data-elementor-open-lightbox=\"yes\" data-elementor-lightbox-slideshow=\"573c043\" data-elementor-lightbox-title=\"StageOB25Carpentier (9)\" data-e-action-hash=\"#elementor-action%3Aaction%3Dlightbox%26settings%3DeyJpZCI6NDUxOCwidXJsIjoiaHR0cHM6XC9cL3NsY3RvcmN5LmZyXC9Xb3JsZFByZXNzXC93cC1jb250ZW50XC91cGxvYWRzXC8yMDI1XC8xMVwvU3RhZ2VPQjI1Q2FycGVudGllci05LmpwZWciLCJzbGlkZXNob3ciOiI1NzNjMDQzIn0%3D\" href='https:\/\/slctorcy.fr\/WorldPress\/wp-content\/uploads\/2025\/11\/StageOB25Carpentier-9.jpeg'><img loading=\"lazy\" decoding=\"async\" width=\"150\" height=\"150\" src=\"https:\/\/slctorcy.fr\/WorldPress\/wp-content\/uploads\/2025\/11\/StageOB25Carpentier-9-150x150.jpeg\" class=\"attachment-thumbnail size-thumbnail\" alt=\"\" \/><\/a>\n\t\t\t<\/div><\/figure><figure class='gallery-item'>\n\t\t\t<div class='gallery-icon portrait'>\n\t\t\t\t<a data-elementor-open-lightbox=\"yes\" data-elementor-lightbox-slideshow=\"573c043\" data-elementor-lightbox-title=\"StageOB25Carpentier (8)\" data-e-action-hash=\"#elementor-action%3Aaction%3Dlightbox%26settings%3DeyJpZCI6NDUxNywidXJsIjoiaHR0cHM6XC9cL3NsY3RvcmN5LmZyXC9Xb3JsZFByZXNzXC93cC1jb250ZW50XC91cGxvYWRzXC8yMDI1XC8xMVwvU3RhZ2VPQjI1Q2FycGVudGllci04LmpwZWciLCJzbGlkZXNob3ciOiI1NzNjMDQzIn0%3D\" href='https:\/\/slctorcy.fr\/WorldPress\/wp-content\/uploads\/2025\/11\/StageOB25Carpentier-8.jpeg'><img loading=\"lazy\" decoding=\"async\" width=\"150\" height=\"150\" src=\"https:\/\/slctorcy.fr\/WorldPress\/wp-content\/uploads\/2025\/11\/StageOB25Carpentier-8-150x150.jpeg\" class=\"attachment-thumbnail size-thumbnail\" alt=\"\" \/><\/a>\n\t\t\t<\/div><\/figure><figure class='gallery-item'>\n\t\t\t<div class='gallery-icon portrait'>\n\t\t\t\t<a data-elementor-open-lightbox=\"yes\" data-elementor-lightbox-slideshow=\"573c043\" data-elementor-lightbox-title=\"StageOB25Carpentier (7)\" data-e-action-hash=\"#elementor-action%3Aaction%3Dlightbox%26settings%3DeyJpZCI6NDUxNiwidXJsIjoiaHR0cHM6XC9cL3NsY3RvcmN5LmZyXC9Xb3JsZFByZXNzXC93cC1jb250ZW50XC91cGxvYWRzXC8yMDI1XC8xMVwvU3RhZ2VPQjI1Q2FycGVudGllci03LmpwZWciLCJzbGlkZXNob3ciOiI1NzNjMDQzIn0%3D\" href='https:\/\/slctorcy.fr\/WorldPress\/wp-content\/uploads\/2025\/11\/StageOB25Carpentier-7.jpeg'><img loading=\"lazy\" decoding=\"async\" width=\"150\" height=\"150\" src=\"https:\/\/slctorcy.fr\/WorldPress\/wp-content\/uploads\/2025\/11\/StageOB25Carpentier-7-150x150.jpeg\" class=\"attachment-thumbnail size-thumbnail\" alt=\"\" \/><\/a>\n\t\t\t<\/div><\/figure><figure class='gallery-item'>\n\t\t\t<div class='gallery-icon portrait'>\n\t\t\t\t<a data-elementor-open-lightbox=\"yes\" data-elementor-lightbox-slideshow=\"573c043\" data-elementor-lightbox-title=\"StageOB25Carpentier (6)\" data-e-action-hash=\"#elementor-action%3Aaction%3Dlightbox%26settings%3DeyJpZCI6NDUxNSwidXJsIjoiaHR0cHM6XC9cL3NsY3RvcmN5LmZyXC9Xb3JsZFByZXNzXC93cC1jb250ZW50XC91cGxvYWRzXC8yMDI1XC8xMVwvU3RhZ2VPQjI1Q2FycGVudGllci02LmpwZWciLCJzbGlkZXNob3ciOiI1NzNjMDQzIn0%3D\" href='https:\/\/slctorcy.fr\/WorldPress\/wp-content\/uploads\/2025\/11\/StageOB25Carpentier-6.jpeg'><img loading=\"lazy\" decoding=\"async\" width=\"150\" height=\"150\" src=\"https:\/\/slctorcy.fr\/WorldPress\/wp-content\/uploads\/2025\/11\/StageOB25Carpentier-6-150x150.jpeg\" class=\"attachment-thumbnail size-thumbnail\" alt=\"\" \/><\/a>\n\t\t\t<\/div><\/figure><figure class='gallery-item'>\n\t\t\t<div class='gallery-icon portrait'>\n\t\t\t\t<a data-elementor-open-lightbox=\"yes\" data-elementor-lightbox-slideshow=\"573c043\" data-elementor-lightbox-title=\"StageOB25Carpentier (5)\" data-e-action-hash=\"#elementor-action%3Aaction%3Dlightbox%26settings%3DeyJpZCI6NDUxNCwidXJsIjoiaHR0cHM6XC9cL3NsY3RvcmN5LmZyXC9Xb3JsZFByZXNzXC93cC1jb250ZW50XC91cGxvYWRzXC8yMDI1XC8xMVwvU3RhZ2VPQjI1Q2FycGVudGllci01LmpwZWciLCJzbGlkZXNob3ciOiI1NzNjMDQzIn0%3D\" href='https:\/\/slctorcy.fr\/WorldPress\/wp-content\/uploads\/2025\/11\/StageOB25Carpentier-5.jpeg'><img loading=\"lazy\" decoding=\"async\" width=\"150\" height=\"150\" src=\"https:\/\/slctorcy.fr\/WorldPress\/wp-content\/uploads\/2025\/11\/StageOB25Carpentier-5-150x150.jpeg\" class=\"attachment-thumbnail size-thumbnail\" alt=\"\" \/><\/a>\n\t\t\t<\/div><\/figure><figure class='gallery-item'>\n\t\t\t<div class='gallery-icon portrait'>\n\t\t\t\t<a data-elementor-open-lightbox=\"yes\" data-elementor-lightbox-slideshow=\"573c043\" data-elementor-lightbox-title=\"StageOB25Carpentier (4)\" data-e-action-hash=\"#elementor-action%3Aaction%3Dlightbox%26settings%3DeyJpZCI6NDUxMiwidXJsIjoiaHR0cHM6XC9cL3NsY3RvcmN5LmZyXC9Xb3JsZFByZXNzXC93cC1jb250ZW50XC91cGxvYWRzXC8yMDI1XC8xMVwvU3RhZ2VPQjI1Q2FycGVudGllci00LmpwZWciLCJzbGlkZXNob3ciOiI1NzNjMDQzIn0%3D\" href='https:\/\/slctorcy.fr\/WorldPress\/wp-content\/uploads\/2025\/11\/StageOB25Carpentier-4.jpeg'><img loading=\"lazy\" decoding=\"async\" width=\"150\" height=\"150\" src=\"https:\/\/slctorcy.fr\/WorldPress\/wp-content\/uploads\/2025\/11\/StageOB25Carpentier-4-150x150.jpeg\" class=\"attachment-thumbnail size-thumbnail\" alt=\"\" \/><\/a>\n\t\t\t<\/div><\/figure><figure class='gallery-item'>\n\t\t\t<div class='gallery-icon landscape'>\n\t\t\t\t<a data-elementor-open-lightbox=\"yes\" data-elementor-lightbox-slideshow=\"573c043\" data-elementor-lightbox-title=\"StageOB25Carpentier (3)\" data-e-action-hash=\"#elementor-action%3Aaction%3Dlightbox%26settings%3DeyJpZCI6NDUxMSwidXJsIjoiaHR0cHM6XC9cL3NsY3RvcmN5LmZyXC9Xb3JsZFByZXNzXC93cC1jb250ZW50XC91cGxvYWRzXC8yMDI1XC8xMVwvU3RhZ2VPQjI1Q2FycGVudGllci0zLmpwZWciLCJzbGlkZXNob3ciOiI1NzNjMDQzIn0%3D\" href='https:\/\/slctorcy.fr\/WorldPress\/wp-content\/uploads\/2025\/11\/StageOB25Carpentier-3.jpeg'><img loading=\"lazy\" decoding=\"async\" width=\"150\" height=\"150\" src=\"https:\/\/slctorcy.fr\/WorldPress\/wp-content\/uploads\/2025\/11\/StageOB25Carpentier-3-150x150.jpeg\" class=\"attachment-thumbnail size-thumbnail\" alt=\"\" \/><\/a>\n\t\t\t<\/div><\/figure><figure class='gallery-item'>\n\t\t\t<div class='gallery-icon landscape'>\n\t\t\t\t<a data-elementor-open-lightbox=\"yes\" data-elementor-lightbox-slideshow=\"573c043\" data-elementor-lightbox-title=\"StageOB25Carpentier (2)\" data-e-action-hash=\"#elementor-action%3Aaction%3Dlightbox%26settings%3DeyJpZCI6NDUxMCwidXJsIjoiaHR0cHM6XC9cL3NsY3RvcmN5LmZyXC9Xb3JsZFByZXNzXC93cC1jb250ZW50XC91cGxvYWRzXC8yMDI1XC8xMVwvU3RhZ2VPQjI1Q2FycGVudGllci0yLmpwZWciLCJzbGlkZXNob3ciOiI1NzNjMDQzIn0%3D\" href='https:\/\/slctorcy.fr\/WorldPress\/wp-content\/uploads\/2025\/11\/StageOB25Carpentier-2.jpeg'><img loading=\"lazy\" decoding=\"async\" width=\"150\" height=\"150\" src=\"https:\/\/slctorcy.fr\/WorldPress\/wp-content\/uploads\/2025\/11\/StageOB25Carpentier-2-150x150.jpeg\" class=\"attachment-thumbnail size-thumbnail\" alt=\"\" \/><\/a>\n\t\t\t<\/div><\/figure><figure class='gallery-item'>\n\t\t\t<div class='gallery-icon landscape'>\n\t\t\t\t<a data-elementor-open-lightbox=\"yes\" data-elementor-lightbox-slideshow=\"573c043\" data-elementor-lightbox-title=\"StageOB25Carpentier (1)\" data-e-action-hash=\"#elementor-action%3Aaction%3Dlightbox%26settings%3DeyJpZCI6NDUwOSwidXJsIjoiaHR0cHM6XC9cL3NsY3RvcmN5LmZyXC9Xb3JsZFByZXNzXC93cC1jb250ZW50XC91cGxvYWRzXC8yMDI1XC8xMVwvU3RhZ2VPQjI1Q2FycGVudGllci0xLmpwZWciLCJzbGlkZXNob3ciOiI1NzNjMDQzIn0%3D\" href='https:\/\/slctorcy.fr\/WorldPress\/wp-content\/uploads\/2025\/11\/StageOB25Carpentier-1.jpeg'><img loading=\"lazy\" decoding=\"async\" width=\"150\" height=\"150\" src=\"https:\/\/slctorcy.fr\/WorldPress\/wp-content\/uploads\/2025\/11\/StageOB25Carpentier-1-150x150.jpeg\" class=\"attachment-thumbnail size-thumbnail\" alt=\"\" \/><\/a>\n\t\t\t<\/div><\/figure>\n\t\t<\/div>\n\t\t<\/div>\n\t\t\t\t<\/div>\n\t\t\t\t<\/div>\n\t\t\t\t\t<\/div>\n\t\t\t\t<\/div>\n\t\t\t\t<\/div>\n\t\t","protected":false},"excerpt":{"rendered":"<p>STAGE OBEISSANCE Samedi 1 et Dimanche 2 Novembre 2025 Sur le week-end du 1-2 novembre nous avons eu le plaisir d\u2019organiser un stage d\u2019ob\u00e9issance anim\u00e9 par Ga\u00ebl Carpentier. Les huit&#8230;<\/p>\n","protected":false},"author":1,"featured_media":0,"parent":0,"menu_order":0,"comment_status":"closed","ping_status":"closed","template":"","meta":{"_kad_post_transparent":"","_kad_post_title":"hide","_kad_post_layout":"fullwidth","_kad_post_sidebar_id":"","_kad_post_content_style":"unboxed","_kad_post_vertical_padding":"hide","_kad_post_feature":"hide","_kad_post_feature_position":"","_kad_post_header":false,"_kad_post_footer":false,"footnotes":""},"folder":[37],"class_list":["post-3777","page","type-page","status-publish","hentry"],"_links":{"self":[{"href":"https:\/\/slctorcy.fr\/WorldPress\/wp-json\/wp\/v2\/pages\/3777","targetHints":{"allow":["GET"]}}],"collection":[{"href":"https:\/\/slctorcy.fr\/WorldPress\/wp-json\/wp\/v2\/pages"}],"about":[{"href":"https:\/\/slctorcy.fr\/WorldPress\/wp-json\/wp\/v2\/types\/page"}],"author":[{"embeddable":true,"href":"https:\/\/slctorcy.fr\/WorldPress\/wp-json\/wp\/v2\/users\/1"}],"replies":[{"embeddable":true,"href":"https:\/\/slctorcy.fr\/WorldPress\/wp-json\/wp\/v2\/comments?post=3777"}],"version-history":[{"count":13,"href":"https:\/\/slctorcy.fr\/WorldPress\/wp-json\/wp\/v2\/pages\/3777\/revisions"}],"predecessor-version":[{"id":4530,"href":"https:\/\/slctorcy.fr\/WorldPress\/wp-json\/wp\/v2\/pages\/3777\/revisions\/4530"}],"wp:attachment":[{"href":"https:\/\/slctorcy.fr\/WorldPress\/wp-json\/wp\/v2\/media?parent=3777"}],"wp:term":[{"taxonomy":"folder","embeddable":true,"href":"https:\/\/slctorcy.fr\/WorldPress\/wp-json\/wp\/v2\/folder?post=3777"}],"curies":[{"name":"wp","href":"https:\/\/api.w.org\/{rel}","templated":true}]}}