{"id":3690,"date":"2026-05-05T17:08:25","date_gmt":"2026-05-05T15:08:25","guid":{"rendered":"https:\/\/slctorcy.fr\/WorldPress\/?page_id=3690"},"modified":"2026-05-05T17:21:09","modified_gmt":"2026-05-05T15:21:09","slug":"assemblee-generale","status":"publish","type":"page","link":"https:\/\/slctorcy.fr\/WorldPress\/assemblee-generale\/","title":{"rendered":"Assembl\u00e9e g\u00e9n\u00e9rale"},"content":{"rendered":"\t\t<div data-elementor-type=\"wp-page\" data-elementor-id=\"3690\" class=\"elementor elementor-3690\">\n\t\t\t\t<div class=\"elementor-element elementor-element-13c0842 e-con-full e-flex e-con e-child\" data-id=\"13c0842\" data-element_type=\"container\" data-settings=\"{&quot;background_background&quot;:&quot;classic&quot;,&quot;shape_divider_top&quot;:&quot;curve&quot;}\">\n\t\t\t\t<div class=\"elementor-shape elementor-shape-top\" data-negative=\"false\">\n\t\t\t<svg xmlns=\"http:\/\/www.w3.org\/2000\/svg\" viewBox=\"0 0 1000 100\" preserveAspectRatio=\"none\">\n    <path class=\"elementor-shape-fill\" d=\"M1000,4.3V0H0v4.3C0.9,23.1,126.7,99.2,500,100S1000,22.7,1000,4.3z\"\/>\n<\/svg>\t\t<\/div>\n\t\t\t\t<div class=\"elementor-element elementor-element-c1bc7df elementor-widget elementor-widget-heading\" data-id=\"c1bc7df\" data-element_type=\"widget\" data-widget_type=\"heading.default\">\n\t\t\t\t<div class=\"elementor-widget-container\">\n\t\t\t<h2 class=\"elementor-heading-title elementor-size-default\">Assembl\u00e9e g\u00e9n\u00e9rale<\/h2>\t\t<\/div>\n\t\t\t\t<\/div>\n\t\t\t\t<div class=\"elementor-element elementor-element-7ee1c5f elementor-widget elementor-widget-text-editor\" data-id=\"7ee1c5f\" data-element_type=\"widget\" data-widget_type=\"text-editor.default\">\n\t\t\t\t<div class=\"elementor-widget-container\">\n\t\t\t\t\t\t\t<p>25 AVRIL 2026<\/p>\t\t\t\t\t\t<\/div>\n\t\t\t\t<\/div>\n\t\t\t\t<\/div>\n\t\t<div class=\"elementor-element elementor-element-ba3e36c e-flex e-con-boxed e-con e-parent\" data-id=\"ba3e36c\" data-element_type=\"container\">\n\t\t\t\t\t<div class=\"e-con-inner\">\n\t\t\t\t<div class=\"elementor-element elementor-element-efbc5d3 elementor-widget elementor-widget-spacer\" data-id=\"efbc5d3\" data-element_type=\"widget\" data-widget_type=\"spacer.default\">\n\t\t\t\t<div class=\"elementor-widget-container\">\n\t\t\t\t\t<div class=\"elementor-spacer\">\n\t\t\t<div class=\"elementor-spacer-inner\"><\/div>\n\t\t<\/div>\n\t\t\t\t<\/div>\n\t\t\t\t<\/div>\n\t\t\t\t<div class=\"elementor-element elementor-element-c1dbf5a elementor-widget elementor-widget-image-gallery\" data-id=\"c1dbf5a\" data-element_type=\"widget\" data-widget_type=\"image-gallery.default\">\n\t\t\t\t<div class=\"elementor-widget-container\">\n\t\t\t\t\t<div class=\"elementor-image-gallery\">\n\t\t\t<div id='gallery-1' class='gallery galleryid-3690 gallery-columns-4 gallery-size-thumbnail'><figure class='gallery-item'>\n\t\t\t<div class='gallery-icon landscape'>\n\t\t\t\t<a data-elementor-open-lightbox=\"yes\" data-elementor-lightbox-slideshow=\"c1dbf5a\" data-elementor-lightbox-title=\"AG_25-avr-26_1\" data-e-action-hash=\"#elementor-action%3Aaction%3Dlightbox%26settings%3DeyJpZCI6NDk2NCwidXJsIjoiaHR0cHM6XC9cL3NsY3RvcmN5LmZyXC9Xb3JsZFByZXNzXC93cC1jb250ZW50XC91cGxvYWRzXC8yMDI2XC8wNVwvQUdfMjUtYXZyLTI2XzEuanBlZyIsInNsaWRlc2hvdyI6ImMxZGJmNWEifQ%3D%3D\" href='https:\/\/slctorcy.fr\/WorldPress\/wp-content\/uploads\/2026\/05\/AG_25-avr-26_1.jpeg'><img decoding=\"async\" width=\"150\" height=\"150\" src=\"https:\/\/slctorcy.fr\/WorldPress\/wp-content\/uploads\/2026\/05\/AG_25-avr-26_1-150x150.jpeg\" class=\"attachment-thumbnail size-thumbnail\" alt=\"\" \/><\/a>\n\t\t\t<\/div><\/figure><figure class='gallery-item'>\n\t\t\t<div class='gallery-icon portrait'>\n\t\t\t\t<a data-elementor-open-lightbox=\"yes\" data-elementor-lightbox-slideshow=\"c1dbf5a\" data-elementor-lightbox-title=\"AG_25-avr-26_2\" data-e-action-hash=\"#elementor-action%3Aaction%3Dlightbox%26settings%3DeyJpZCI6NDk2NSwidXJsIjoiaHR0cHM6XC9cL3NsY3RvcmN5LmZyXC9Xb3JsZFByZXNzXC93cC1jb250ZW50XC91cGxvYWRzXC8yMDI2XC8wNVwvQUdfMjUtYXZyLTI2XzIuanBlZyIsInNsaWRlc2hvdyI6ImMxZGJmNWEifQ%3D%3D\" href='https:\/\/slctorcy.fr\/WorldPress\/wp-content\/uploads\/2026\/05\/AG_25-avr-26_2.jpeg'><img decoding=\"async\" width=\"150\" height=\"150\" src=\"https:\/\/slctorcy.fr\/WorldPress\/wp-content\/uploads\/2026\/05\/AG_25-avr-26_2-150x150.jpeg\" class=\"attachment-thumbnail size-thumbnail\" alt=\"\" srcset=\"https:\/\/slctorcy.fr\/WorldPress\/wp-content\/uploads\/2026\/05\/AG_25-avr-26_2-150x150.jpeg 150w, https:\/\/slctorcy.fr\/WorldPress\/wp-content\/uploads\/2026\/05\/AG_25-avr-26_2-300x300.jpeg 300w, https:\/\/slctorcy.fr\/WorldPress\/wp-content\/uploads\/2026\/05\/AG_25-avr-26_2-1024x1024.jpeg 1024w, https:\/\/slctorcy.fr\/WorldPress\/wp-content\/uploads\/2026\/05\/AG_25-avr-26_2-768x768.jpeg 768w, https:\/\/slctorcy.fr\/WorldPress\/wp-content\/uploads\/2026\/05\/AG_25-avr-26_2-1536x1536.jpeg 1536w, https:\/\/slctorcy.fr\/WorldPress\/wp-content\/uploads\/2026\/05\/AG_25-avr-26_2.jpeg 2047w\" sizes=\"(max-width: 150px) 100vw, 150px\" \/><\/a>\n\t\t\t<\/div><\/figure><figure class='gallery-item'>\n\t\t\t<div class='gallery-icon landscape'>\n\t\t\t\t<a data-elementor-open-lightbox=\"yes\" data-elementor-lightbox-slideshow=\"c1dbf5a\" data-elementor-lightbox-title=\"AG_25-avr-26_3\" data-e-action-hash=\"#elementor-action%3Aaction%3Dlightbox%26settings%3DeyJpZCI6NDk2NiwidXJsIjoiaHR0cHM6XC9cL3NsY3RvcmN5LmZyXC9Xb3JsZFByZXNzXC93cC1jb250ZW50XC91cGxvYWRzXC8yMDI2XC8wNVwvQUdfMjUtYXZyLTI2XzMuanBlZyIsInNsaWRlc2hvdyI6ImMxZGJmNWEifQ%3D%3D\" href='https:\/\/slctorcy.fr\/WorldPress\/wp-content\/uploads\/2026\/05\/AG_25-avr-26_3.jpeg'><img decoding=\"async\" width=\"150\" height=\"150\" src=\"https:\/\/slctorcy.fr\/WorldPress\/wp-content\/uploads\/2026\/05\/AG_25-avr-26_3-150x150.jpeg\" class=\"attachment-thumbnail size-thumbnail\" alt=\"\" \/><\/a>\n\t\t\t<\/div><\/figure><figure class='gallery-item'>\n\t\t\t<div class='gallery-icon portrait'>\n\t\t\t\t<a data-elementor-open-lightbox=\"yes\" data-elementor-lightbox-slideshow=\"c1dbf5a\" data-elementor-lightbox-title=\"AG_25-avr-26_4\" data-e-action-hash=\"#elementor-action%3Aaction%3Dlightbox%26settings%3DeyJpZCI6NDk2NywidXJsIjoiaHR0cHM6XC9cL3NsY3RvcmN5LmZyXC9Xb3JsZFByZXNzXC93cC1jb250ZW50XC91cGxvYWRzXC8yMDI2XC8wNVwvQUdfMjUtYXZyLTI2XzQuanBlZyIsInNsaWRlc2hvdyI6ImMxZGJmNWEifQ%3D%3D\" href='https:\/\/slctorcy.fr\/WorldPress\/wp-content\/uploads\/2026\/05\/AG_25-avr-26_4.jpeg'><img loading=\"lazy\" decoding=\"async\" width=\"150\" height=\"150\" src=\"https:\/\/slctorcy.fr\/WorldPress\/wp-content\/uploads\/2026\/05\/AG_25-avr-26_4-150x150.jpeg\" class=\"attachment-thumbnail size-thumbnail\" alt=\"\" \/><\/a>\n\t\t\t<\/div><\/figure>\n\t\t<\/div>\n\t\t<\/div>\n\t\t\t\t<\/div>\n\t\t\t\t<\/div>\n\t\t\t\t\t<\/div>\n\t\t\t\t<\/div>\n\t\t<div class=\"elementor-element elementor-element-0027a91 e-flex e-con-boxed e-con e-parent\" data-id=\"0027a91\" data-element_type=\"container\">\n\t\t\t\t\t<div class=\"e-con-inner\">\n\t\t\t\t<div class=\"elementor-element elementor-element-3d6fc2b elementor-widget elementor-widget-text-editor\" data-id=\"3d6fc2b\" data-element_type=\"widget\" data-widget_type=\"text-editor.default\">\n\t\t\t\t<div class=\"elementor-widget-container\">\n\t\t\t\t\t\t\t<p>Vous trouverez ci dessous le PV<\/p>\t\t\t\t\t\t<\/div>\n\t\t\t\t<\/div>\n\t\t\t\t<div class=\"elementor-element elementor-element-37d816a elementor-button-info elementor-align-center elementor-widget elementor-widget-button\" data-id=\"37d816a\" data-element_type=\"widget\" data-widget_type=\"button.default\">\n\t\t\t\t<div class=\"elementor-widget-container\">\n\t\t\t\t\t\t\t<div class=\"elementor-button-wrapper\">\n\t\t\t\t\t<a class=\"elementor-button elementor-button-link elementor-size-sm\" href=\"http:\/\/slctorcy.fr\/WorldPress\/wp-content\/uploads\/2026\/05\/P.V-AssemblA\u0192A\u00a9e-gA\u0192A\u00a9nA\u0192A\u00a9rale-ordinaire-du-25-avrile-2026.pdf\">\n\t\t\t\t\t\t<span class=\"elementor-button-content-wrapper\">\n\t\t\t\t\t\t\t\t\t<span class=\"elementor-button-text\">Cliquez ici<\/span>\n\t\t\t\t\t<\/span>\n\t\t\t\t\t<\/a>\n\t\t\t\t<\/div>\n\t\t\t\t\t\t<\/div>\n\t\t\t\t<\/div>\n\t\t\t\t\t<\/div>\n\t\t\t\t<\/div>\n\t\t\t\t<\/div>\n\t\t","protected":false},"excerpt":{"rendered":"<p>Assembl\u00e9e g\u00e9n\u00e9rale 25 AVRIL 2026 Vous trouverez ci dessous le PV Cliquez ici<\/p>\n","protected":false},"author":1,"featured_media":0,"parent":0,"menu_order":0,"comment_status":"closed","ping_status":"closed","template":"","meta":{"_kad_post_transparent":"","_kad_post_title":"hide","_kad_post_layout":"fullwidth","_kad_post_sidebar_id":"","_kad_post_content_style":"unboxed","_kad_post_vertical_padding":"hide","_kad_post_feature":"hide","_kad_post_feature_position":"","_kad_post_header":false,"_kad_post_footer":false,"footnotes":""},"folder":[22],"class_list":["post-3690","page","type-page","status-publish","hentry"],"_links":{"self":[{"href":"https:\/\/slctorcy.fr\/WorldPress\/wp-json\/wp\/v2\/pages\/3690","targetHints":{"allow":["GET"]}}],"collection":[{"href":"https:\/\/slctorcy.fr\/WorldPress\/wp-json\/wp\/v2\/pages"}],"about":[{"href":"https:\/\/slctorcy.fr\/WorldPress\/wp-json\/wp\/v2\/types\/page"}],"author":[{"embeddable":true,"href":"https:\/\/slctorcy.fr\/WorldPress\/wp-json\/wp\/v2\/users\/1"}],"replies":[{"embeddable":true,"href":"https:\/\/slctorcy.fr\/WorldPress\/wp-json\/wp\/v2\/comments?post=3690"}],"version-history":[{"count":11,"href":"https:\/\/slctorcy.fr\/WorldPress\/wp-json\/wp\/v2\/pages\/3690\/revisions"}],"predecessor-version":[{"id":4983,"href":"https:\/\/slctorcy.fr\/WorldPress\/wp-json\/wp\/v2\/pages\/3690\/revisions\/4983"}],"wp:attachment":[{"href":"https:\/\/slctorcy.fr\/WorldPress\/wp-json\/wp\/v2\/media?parent=3690"}],"wp:term":[{"taxonomy":"folder","embeddable":true,"href":"https:\/\/slctorcy.fr\/WorldPress\/wp-json\/wp\/v2\/folder?post=3690"}],"curies":[{"name":"wp","href":"https:\/\/api.w.org\/{rel}","templated":true}]}}