{"id":2391,"date":"2024-11-01T20:09:48","date_gmt":"2024-11-01T19:09:48","guid":{"rendered":"http:\/\/slctorcy.fr\/WorldPress\/?page_id=2391"},"modified":"2024-11-02T18:41:45","modified_gmt":"2024-11-02T17:41:45","slug":"venir-aux-cours","status":"publish","type":"page","link":"https:\/\/slctorcy.fr\/WorldPress\/venir-aux-cours\/","title":{"rendered":"Venir aux cours"},"content":{"rendered":"\t\t<div data-elementor-type=\"wp-page\" data-elementor-id=\"2391\" class=\"elementor elementor-2391\">\n\t\t\t\t<div class=\"elementor-element elementor-element-bf9bb9c e-con-full e-flex e-con e-child\" data-id=\"bf9bb9c\" data-element_type=\"container\" data-settings=\"{&quot;background_background&quot;:&quot;classic&quot;,&quot;shape_divider_top&quot;:&quot;curve&quot;}\">\n\t\t\t\t<div class=\"elementor-shape elementor-shape-top\" data-negative=\"false\">\n\t\t\t<svg xmlns=\"http:\/\/www.w3.org\/2000\/svg\" viewBox=\"0 0 1000 100\" preserveAspectRatio=\"none\">\n    <path class=\"elementor-shape-fill\" d=\"M1000,4.3V0H0v4.3C0.9,23.1,126.7,99.2,500,100S1000,22.7,1000,4.3z\"\/>\n<\/svg>\t\t<\/div>\n\t\t\t\t<div class=\"elementor-element elementor-element-da749d0 elementor-widget elementor-widget-heading\" data-id=\"da749d0\" data-element_type=\"widget\" data-widget_type=\"heading.default\">\n\t\t\t\t<div class=\"elementor-widget-container\">\n\t\t\t<h2 class=\"elementor-heading-title elementor-size-default\">J'arrive<\/h2>\t\t<\/div>\n\t\t\t\t<\/div>\n\t\t\t\t<\/div>\n\t\t<div class=\"elementor-element elementor-element-5706294 e-flex e-con-boxed e-con e-parent\" data-id=\"5706294\" data-element_type=\"container\">\n\t\t\t\t\t<div class=\"e-con-inner\">\n\t\t\t\t<div class=\"elementor-element elementor-element-b8963f2 elementor-widget elementor-widget-spacer\" data-id=\"b8963f2\" data-element_type=\"widget\" data-widget_type=\"spacer.default\">\n\t\t\t\t<div class=\"elementor-widget-container\">\n\t\t\t\t\t<div class=\"elementor-spacer\">\n\t\t\t<div class=\"elementor-spacer-inner\"><\/div>\n\t\t<\/div>\n\t\t\t\t<\/div>\n\t\t\t\t<\/div>\n\t\t\t\t\t<\/div>\n\t\t\t\t<\/div>\n\t\t<div class=\"elementor-element elementor-element-f2d27f5 e-con-full e-flex e-con e-parent\" data-id=\"f2d27f5\" data-element_type=\"container\">\n\t\t\t\t<div class=\"elementor-element elementor-element-cf25982 elementor-widget elementor-widget-text-editor\" data-id=\"cf25982\" data-element_type=\"widget\" data-widget_type=\"text-editor.default\">\n\t\t\t\t<div class=\"elementor-widget-container\">\n\t\t\t\t\t\t\t<p>J&rsquo;arrive aux cours ou \u00e0 toutes activit\u00e9s en avance afin que mon chien ait le temps de se d\u00e9tendre et de faire ses besoins.\u00a0<\/p><p>Le parking est r\u00e9serv\u00e9 aux b\u00e9n\u00e9voles. Veuillez vous garer dans les rues adjacentes.<\/p><p>Si c&rsquo;est mon premier cours ou mon cours de d\u00e9couverte, j&rsquo;arrive encore plus t\u00f4t. Un nouvel environement peut apporter du stress au chien. Mieux vaut qu&rsquo;il ait senti les diff\u00e9rentes odeurs avant.<\/p>\t\t\t\t\t\t<\/div>\n\t\t\t\t<\/div>\n\t\t\t\t<\/div>\n\t\t<div class=\"elementor-element elementor-element-5be222d e-flex e-con-boxed e-con e-parent\" data-id=\"5be222d\" data-element_type=\"container\">\n\t\t\t\t\t<div class=\"e-con-inner\">\n\t\t\t\t<div class=\"elementor-element elementor-element-87f5ac6 elementor-widget elementor-widget-spacer\" data-id=\"87f5ac6\" data-element_type=\"widget\" data-widget_type=\"spacer.default\">\n\t\t\t\t<div class=\"elementor-widget-container\">\n\t\t\t\t\t<div class=\"elementor-spacer\">\n\t\t\t<div class=\"elementor-spacer-inner\"><\/div>\n\t\t<\/div>\n\t\t\t\t<\/div>\n\t\t\t\t<\/div>\n\t\t\t\t\t<\/div>\n\t\t\t\t<\/div>\n\t\t<div class=\"elementor-element elementor-element-61fa075 e-con-full e-flex e-con e-child\" data-id=\"61fa075\" data-element_type=\"container\" data-settings=\"{&quot;background_background&quot;:&quot;classic&quot;,&quot;shape_divider_top&quot;:&quot;curve&quot;}\">\n\t\t\t\t<div class=\"elementor-shape elementor-shape-top\" data-negative=\"false\">\n\t\t\t<svg xmlns=\"http:\/\/www.w3.org\/2000\/svg\" viewBox=\"0 0 1000 100\" preserveAspectRatio=\"none\">\n    <path class=\"elementor-shape-fill\" d=\"M1000,4.3V0H0v4.3C0.9,23.1,126.7,99.2,500,100S1000,22.7,1000,4.3z\"\/>\n<\/svg>\t\t<\/div>\n\t\t\t\t<div class=\"elementor-element elementor-element-4a5e4a8 elementor-widget elementor-widget-heading\" data-id=\"4a5e4a8\" data-element_type=\"widget\" data-widget_type=\"heading.default\">\n\t\t\t\t<div class=\"elementor-widget-container\">\n\t\t\t<h2 class=\"elementor-heading-title elementor-size-default\">Dans mon sac, je pense \u00e0 prendre<\/h2>\t\t<\/div>\n\t\t\t\t<\/div>\n\t\t\t\t<\/div>\n\t\t<div class=\"elementor-element elementor-element-48f2574 e-flex e-con-boxed e-con e-parent\" data-id=\"48f2574\" data-element_type=\"container\">\n\t\t\t\t\t<div class=\"e-con-inner\">\n\t\t\t\t<div class=\"elementor-element elementor-element-2cc48f4 elementor-widget elementor-widget-spacer\" data-id=\"2cc48f4\" data-element_type=\"widget\" data-widget_type=\"spacer.default\">\n\t\t\t\t<div class=\"elementor-widget-container\">\n\t\t\t\t\t<div class=\"elementor-spacer\">\n\t\t\t<div class=\"elementor-spacer-inner\"><\/div>\n\t\t<\/div>\n\t\t\t\t<\/div>\n\t\t\t\t<\/div>\n\t\t\t\t\t<\/div>\n\t\t\t\t<\/div>\n\t\t<div class=\"elementor-element elementor-element-713f7c7 e-con-full e-flex e-con e-parent\" data-id=\"713f7c7\" data-element_type=\"container\" data-settings=\"{&quot;background_background&quot;:&quot;classic&quot;}\">\n\t\t\t\t<div class=\"elementor-element elementor-element-da010ba elementor-widget elementor-widget-eael-feature-list\" data-id=\"da010ba\" data-element_type=\"widget\" data-widget_type=\"eael-feature-list.default\">\n\t\t\t\t<div class=\"elementor-widget-container\">\n\t\t\t\t\t<div class=\"-icon-position-left -tablet-icon-position-left -mobile-icon-position-left\">\n\t\t\t<ul id=\"eael-feature-list-da010ba\" class=\"eael-feature-list-items circle stacked  eael-feature-list-vertical\">\n\t\t\t                <li class=\"eael-feature-list-item elementor-repeater-item-2acd81b\">\n                    \n\t\t\t\t\t\t<div class=\"eael-feature-list-icon-box\">\n\t\t\t\t\t\t\t<div class=\"eael-feature-list-icon-inner\">\n\n\t\t\t\t\t\t\t\t<span class=\"eael-feature-list-icon fl-icon-0\">\n\n\t\t<img decoding=\"async\" src=\"http:\/\/slctorcy.fr\/WorldPress\/wp-content\/uploads\/2024\/10\/Prevoir_Enfant-avec-chien-laisse.jpeg\" class=\"eael-feature-list-img\" alt=\"\">\t\t\t\t\t\t\t\t<\/span>\n\t\t\t\t\t\t\t<\/div>\n\t\t\t\t\t\t<\/div>\n\t\t\t\t\t\t<div class=\"eael-feature-list-content-box\">\n                            <h2 class=\"eael-feature-list-title\"><\/h2>\t\t\t\t\t\t<p class=\"eael-feature-list-content\">Un collier plat ou harnais ainsi qu'une laisse courte (longe et enrouleur interdit)<\/p>\n\t\t\t\t\t\t<\/div>\n\n\t\t\t\t\t<\/li>\n\t\t\t\t                <li class=\"eael-feature-list-item elementor-repeater-item-4166b5d\">\n                    \n\t\t\t\t\t\t<div class=\"eael-feature-list-icon-box\">\n\t\t\t\t\t\t\t<div class=\"eael-feature-list-icon-inner\">\n\n\t\t\t\t\t\t\t\t<span class=\"eael-feature-list-icon fl-icon-1\">\n\n\t\t<img decoding=\"async\" src=\"http:\/\/slctorcy.fr\/WorldPress\/wp-content\/uploads\/2024\/11\/logo-friandise-club-scaled.jpg\" class=\"eael-feature-list-img\" alt=\"\">\t\t\t\t\t\t\t\t<\/span>\n\t\t\t\t\t\t\t<\/div>\n\t\t\t\t\t\t<\/div>\n\t\t\t\t\t\t<div class=\"eael-feature-list-content-box\">\n                            <h2 class=\"eael-feature-list-title\"><\/h2>\t\t\t\t\t\t<p class=\"eael-feature-list-content\">Des friandises tr\u00e8s app\u00e9tentes et\/ou le jouet pr\u00e9f\u00e9r\u00e9 de votre chien.<\/p>\n\t\t\t\t\t\t<\/div>\n\n\t\t\t\t\t<\/li>\n\t\t\t\t                <li class=\"eael-feature-list-item elementor-repeater-item-8a88bc4\">\n                    \n\t\t\t\t\t\t<div class=\"eael-feature-list-icon-box\">\n\t\t\t\t\t\t\t<div class=\"eael-feature-list-icon-inner\">\n\n\t\t\t\t\t\t\t\t<span class=\"eael-feature-list-icon fl-icon-2\">\n\n\t\t<img decoding=\"async\" src=\"http:\/\/slctorcy.fr\/WorldPress\/wp-content\/uploads\/2024\/10\/Prevoir_gamelle-eau-.jpeg\" class=\"eael-feature-list-img\" alt=\"\">\t\t\t\t\t\t\t\t<\/span>\n\t\t\t\t\t\t\t<\/div>\n\t\t\t\t\t\t<\/div>\n\t\t\t\t\t\t<div class=\"eael-feature-list-content-box\">\n                            <h2 class=\"eael-feature-list-title\"><\/h2>\t\t\t\t\t\t<p class=\"eael-feature-list-content\">Une gamelle d'eau en cas de forte chaleur (pas d'eau potable au club)<\/p>\n\t\t\t\t\t\t<\/div>\n\n\t\t\t\t\t<\/li>\n\t\t\t\t                <li class=\"eael-feature-list-item elementor-repeater-item-a32f707\">\n                    \n\t\t\t\t\t\t<div class=\"eael-feature-list-icon-box\">\n\t\t\t\t\t\t\t<div class=\"eael-feature-list-icon-inner\">\n\n\t\t\t\t\t\t\t\t<span class=\"eael-feature-list-icon fl-icon-3\">\n\n\t\t<img decoding=\"async\" src=\"http:\/\/slctorcy.fr\/WorldPress\/wp-content\/uploads\/2024\/11\/Logo-crotte-club.jpg\" class=\"eael-feature-list-img\" alt=\"\">\t\t\t\t\t\t\t\t<\/span>\n\t\t\t\t\t\t\t<\/div>\n\t\t\t\t\t\t<\/div>\n\t\t\t\t\t\t<div class=\"eael-feature-list-content-box\">\n                            <h2 class=\"eael-feature-list-title\"><\/h2>\t\t\t\t\t\t<p class=\"eael-feature-list-content\">Sac \u00e0 d\u00e9jection canine<\/p>\n\t\t\t\t\t\t<\/div>\n\n\t\t\t\t\t<\/li>\n\t\t\t\t\t\t\t<\/ul>\n\t\t<\/div>\n\t\t\t\t<\/div>\n\t\t\t\t<\/div>\n\t\t\t\t<\/div>\n\t\t<div class=\"elementor-element elementor-element-b0b4496 e-flex e-con-boxed e-con e-parent\" data-id=\"b0b4496\" data-element_type=\"container\">\n\t\t\t\t\t<div class=\"e-con-inner\">\n\t\t\t\t<div class=\"elementor-element elementor-element-65e5d84 elementor-widget elementor-widget-spacer\" data-id=\"65e5d84\" data-element_type=\"widget\" data-widget_type=\"spacer.default\">\n\t\t\t\t<div class=\"elementor-widget-container\">\n\t\t\t\t\t<div class=\"elementor-spacer\">\n\t\t\t<div class=\"elementor-spacer-inner\"><\/div>\n\t\t<\/div>\n\t\t\t\t<\/div>\n\t\t\t\t<\/div>\n\t\t\t\t\t<\/div>\n\t\t\t\t<\/div>\n\t\t<div class=\"elementor-element elementor-element-3e4ca32 e-flex e-con-boxed e-con e-parent\" data-id=\"3e4ca32\" data-element_type=\"container\">\n\t\t\t\t\t<div class=\"e-con-inner\">\n\t\t\t\t<div class=\"elementor-element elementor-element-852a0dd elementor-widget elementor-widget-spacer\" data-id=\"852a0dd\" data-element_type=\"widget\" data-widget_type=\"spacer.default\">\n\t\t\t\t<div class=\"elementor-widget-container\">\n\t\t\t\t\t<div class=\"elementor-spacer\">\n\t\t\t<div class=\"elementor-spacer-inner\"><\/div>\n\t\t<\/div>\n\t\t\t\t<\/div>\n\t\t\t\t<\/div>\n\t\t\t\t\t<\/div>\n\t\t\t\t<\/div>\n\t\t\t\t<\/div>\n\t\t","protected":false},"excerpt":{"rendered":"<p>J&rsquo;arrive J&rsquo;arrive aux cours ou \u00e0 toutes activit\u00e9s en avance afin que mon chien ait le temps de se d\u00e9tendre et de faire ses besoins.\u00a0 Le parking est r\u00e9serv\u00e9 aux&#8230;<\/p>\n","protected":false},"author":1,"featured_media":0,"parent":0,"menu_order":0,"comment_status":"closed","ping_status":"closed","template":"","meta":{"_kad_post_transparent":"","_kad_post_title":"hide","_kad_post_layout":"fullwidth","_kad_post_sidebar_id":"","_kad_post_content_style":"unboxed","_kad_post_vertical_padding":"hide","_kad_post_feature":"hide","_kad_post_feature_position":"","_kad_post_header":false,"_kad_post_footer":false,"footnotes":""},"folder":[25],"class_list":["post-2391","page","type-page","status-publish","hentry"],"_links":{"self":[{"href":"https:\/\/slctorcy.fr\/WorldPress\/wp-json\/wp\/v2\/pages\/2391","targetHints":{"allow":["GET"]}}],"collection":[{"href":"https:\/\/slctorcy.fr\/WorldPress\/wp-json\/wp\/v2\/pages"}],"about":[{"href":"https:\/\/slctorcy.fr\/WorldPress\/wp-json\/wp\/v2\/types\/page"}],"author":[{"embeddable":true,"href":"https:\/\/slctorcy.fr\/WorldPress\/wp-json\/wp\/v2\/users\/1"}],"replies":[{"embeddable":true,"href":"https:\/\/slctorcy.fr\/WorldPress\/wp-json\/wp\/v2\/comments?post=2391"}],"version-history":[{"count":31,"href":"https:\/\/slctorcy.fr\/WorldPress\/wp-json\/wp\/v2\/pages\/2391\/revisions"}],"predecessor-version":[{"id":2561,"href":"https:\/\/slctorcy.fr\/WorldPress\/wp-json\/wp\/v2\/pages\/2391\/revisions\/2561"}],"wp:attachment":[{"href":"https:\/\/slctorcy.fr\/WorldPress\/wp-json\/wp\/v2\/media?parent=2391"}],"wp:term":[{"taxonomy":"folder","embeddable":true,"href":"https:\/\/slctorcy.fr\/WorldPress\/wp-json\/wp\/v2\/folder?post=2391"}],"curies":[{"name":"wp","href":"https:\/\/api.w.org\/{rel}","templated":true}]}}