{"id":2337,"date":"2024-11-01T18:32:56","date_gmt":"2024-11-01T17:32:56","guid":{"rendered":"http:\/\/slctorcy.fr\/WorldPress\/?page_id=2337"},"modified":"2026-03-16T07:48:49","modified_gmt":"2026-03-16T06:48:49","slug":"horaires-cours","status":"publish","type":"page","link":"https:\/\/slctorcy.fr\/WorldPress\/horaires-cours\/","title":{"rendered":"Horaires cours"},"content":{"rendered":"\t\t<div data-elementor-type=\"wp-page\" data-elementor-id=\"2337\" class=\"elementor elementor-2337\">\n\t\t\t\t<div class=\"elementor-element elementor-element-8131280 e-con-full e-flex e-con e-child\" data-id=\"8131280\" data-element_type=\"container\" data-settings=\"{&quot;background_background&quot;:&quot;classic&quot;,&quot;shape_divider_top&quot;:&quot;curve&quot;}\">\n\t\t\t\t<div class=\"elementor-shape elementor-shape-top\" data-negative=\"false\">\n\t\t\t<svg xmlns=\"http:\/\/www.w3.org\/2000\/svg\" viewBox=\"0 0 1000 100\" preserveAspectRatio=\"none\">\n    <path class=\"elementor-shape-fill\" d=\"M1000,4.3V0H0v4.3C0.9,23.1,126.7,99.2,500,100S1000,22.7,1000,4.3z\"\/>\n<\/svg>\t\t<\/div>\n\t\t\t\t<div class=\"elementor-element elementor-element-72c2f0a elementor-widget elementor-widget-heading\" data-id=\"72c2f0a\" data-element_type=\"widget\" data-widget_type=\"heading.default\">\n\t\t\t\t<div class=\"elementor-widget-container\">\n\t\t\t<h2 class=\"elementor-heading-title elementor-size-default\">HORAIRES DES COURS \/ ACTIVITES<\/h2>\t\t<\/div>\n\t\t\t\t<\/div>\n\t\t\t\t<\/div>\n\t\t<div class=\"elementor-element elementor-element-9125997 e-flex e-con-boxed e-con e-parent\" data-id=\"9125997\" data-element_type=\"container\">\n\t\t\t\t\t<div class=\"e-con-inner\">\n\t\t\t\t<div class=\"elementor-element elementor-element-fc3f741 elementor-widget elementor-widget-text-editor\" data-id=\"fc3f741\" data-element_type=\"widget\" data-widget_type=\"text-editor.default\">\n\t\t\t\t<div class=\"elementor-widget-container\">\n\t\t\t\t\t\t\t<p>L&rsquo;accueil du club est ouvert tous les samedi et dimanche matin pour tous renseignements<\/p>\t\t\t\t\t\t<\/div>\n\t\t\t\t<\/div>\n\t\t\t\t\t<\/div>\n\t\t\t\t<\/div>\n\t\t<div class=\"elementor-element elementor-element-7dc1504 e-con-full e-flex e-con e-parent\" data-id=\"7dc1504\" data-element_type=\"container\">\n\t\t<div class=\"elementor-element elementor-element-05319b4 e-con-full e-flex e-con e-child\" data-id=\"05319b4\" data-element_type=\"container\" data-settings=\"{&quot;background_background&quot;:&quot;classic&quot;}\">\n\t\t\t\t<\/div>\n\t\t<div class=\"elementor-element elementor-element-020ad5d e-con-full e-flex e-con e-child\" data-id=\"020ad5d\" data-element_type=\"container\" data-settings=\"{&quot;background_background&quot;:&quot;classic&quot;}\">\n\t\t<div class=\"elementor-element elementor-element-86fcde8 e-con-full e-flex e-con e-child\" data-id=\"86fcde8\" data-element_type=\"container\">\n\t\t\t\t<div class=\"elementor-element elementor-element-26e50b4 elementor-widget__width-initial elementor-widget-tablet__width-initial elementor-widget-mobile__width-initial elementor-widget elementor-widget-heading\" data-id=\"26e50b4\" data-element_type=\"widget\" data-widget_type=\"heading.default\">\n\t\t\t\t<div class=\"elementor-widget-container\">\n\t\t\t<h2 class=\"elementor-heading-title elementor-size-default\">Ecole des chiots<\/h2>\t\t<\/div>\n\t\t\t\t<\/div>\n\t\t\t\t<div class=\"elementor-element elementor-element-a4e87a0 elementor-widget__width-initial elementor-widget elementor-widget-text-editor\" data-id=\"a4e87a0\" data-element_type=\"widget\" data-widget_type=\"text-editor.default\">\n\t\t\t\t<div class=\"elementor-widget-container\">\n\t\t\t\t\t\t\t<ul><li>Chiots 3 mois \u00e0 4 mois (r\u00e9volus) : Samedi \/ Dimanche\u00a0 9h30 \u2013 10h15<\/li><li>Chiots 4 mois \u00e0 5 mois (r\u00e9volus) : Samedi \/ Dimanche\u00a0 10h30 \u2013 11h15<\/li><li>Chiots 5 mois \u00e0 6 mois (r\u00e9volus) : Samedi \/ Dimanche\u00a0 11h30 \u2013 12h15<\/li><\/ul>\t\t\t\t\t\t<\/div>\n\t\t\t\t<\/div>\n\t\t\t\t<div class=\"elementor-element elementor-element-745b517 elementor-widget elementor-widget-image\" data-id=\"745b517\" data-element_type=\"widget\" data-widget_type=\"image.default\">\n\t\t\t\t<div class=\"elementor-widget-container\">\n\t\t\t\t\t\t\t\t\t\t\t\t\t<img fetchpriority=\"high\" decoding=\"async\" width=\"300\" height=\"225\" src=\"https:\/\/slctorcy.fr\/WorldPress\/wp-content\/uploads\/2024\/10\/Terrain-chiot_1_400x300-300x225.jpg\" class=\"attachment-medium size-medium wp-image-462\" alt=\"\" srcset=\"https:\/\/slctorcy.fr\/WorldPress\/wp-content\/uploads\/2024\/10\/Terrain-chiot_1_400x300-300x225.jpg 300w, https:\/\/slctorcy.fr\/WorldPress\/wp-content\/uploads\/2024\/10\/Terrain-chiot_1_400x300.jpg 400w\" sizes=\"(max-width: 300px) 100vw, 300px\" \/>\t\t\t\t\t\t\t\t\t\t\t\t\t<\/div>\n\t\t\t\t<\/div>\n\t\t\t\t<\/div>\n\t\t\t\t<div class=\"elementor-element elementor-element-59754f7 elementor-widget__width-initial elementor-widget-tablet__width-initial elementor-widget elementor-widget-button\" data-id=\"59754f7\" data-element_type=\"widget\" data-widget_type=\"button.default\">\n\t\t\t\t<div class=\"elementor-widget-container\">\n\t\t\t\t\t\t\t<div class=\"elementor-button-wrapper\">\n\t\t\t\t\t<a class=\"elementor-button elementor-button-link elementor-size-sm\" href=\"http:\/\/slctorcy.fr\/WorldPress\/ecole-des-chiots\/\">\n\t\t\t\t\t\t<span class=\"elementor-button-content-wrapper\">\n\t\t\t\t\t\t\t\t\t<span class=\"elementor-button-text\">En savoir plus<\/span>\n\t\t\t\t\t<\/span>\n\t\t\t\t\t<\/a>\n\t\t\t\t<\/div>\n\t\t\t\t\t\t<\/div>\n\t\t\t\t<\/div>\n\t\t\t\t<\/div>\n\t\t<div class=\"elementor-element elementor-element-1eba70f e-con-full e-flex e-con e-child\" data-id=\"1eba70f\" data-element_type=\"container\" data-settings=\"{&quot;background_background&quot;:&quot;classic&quot;}\">\n\t\t\t\t<div class=\"elementor-element elementor-element-41691f0 elementor-widget elementor-widget-spacer\" data-id=\"41691f0\" data-element_type=\"widget\" data-widget_type=\"spacer.default\">\n\t\t\t\t<div class=\"elementor-widget-container\">\n\t\t\t\t\t<div class=\"elementor-spacer\">\n\t\t\t<div class=\"elementor-spacer-inner\"><\/div>\n\t\t<\/div>\n\t\t\t\t<\/div>\n\t\t\t\t<\/div>\n\t\t\t\t<\/div>\n\t\t<div class=\"elementor-element elementor-element-8dbb632 e-con-full e-flex e-con e-child\" data-id=\"8dbb632\" data-element_type=\"container\" data-settings=\"{&quot;background_background&quot;:&quot;classic&quot;}\">\n\t\t<div class=\"elementor-element elementor-element-c63c45c e-con-full e-flex e-con e-child\" data-id=\"c63c45c\" data-element_type=\"container\">\n\t\t\t\t<div class=\"elementor-element elementor-element-7457e3d elementor-widget__width-initial elementor-widget-mobile__width-initial elementor-widget elementor-widget-heading\" data-id=\"7457e3d\" data-element_type=\"widget\" data-widget_type=\"heading.default\">\n\t\t\t\t<div class=\"elementor-widget-container\">\n\t\t\t<h2 class=\"elementor-heading-title elementor-size-default\">Ecole des ados<\/h2>\t\t<\/div>\n\t\t\t\t<\/div>\n\t\t\t\t<div class=\"elementor-element elementor-element-a46efbf elementor-widget__width-initial elementor-widget-mobile__width-initial elementor-widget elementor-widget-text-editor\" data-id=\"a46efbf\" data-element_type=\"widget\" data-widget_type=\"text-editor.default\">\n\t\t\t\t<div class=\"elementor-widget-container\">\n\t\t\t\t\t\t\t<p>Chiots 6 mois \u00e0 1 an (r\u00e9volus) : Samedi \/ \u00a09h00 \u2013 10h00<\/p>\t\t\t\t\t\t<\/div>\n\t\t\t\t<\/div>\n\t\t\t\t<div class=\"elementor-element elementor-element-66f51fa elementor-widget elementor-widget-image\" data-id=\"66f51fa\" data-element_type=\"widget\" data-widget_type=\"image.default\">\n\t\t\t\t<div class=\"elementor-widget-container\">\n\t\t\t\t\t\t\t\t\t\t\t\t\t<img decoding=\"async\" width=\"300\" height=\"225\" src=\"https:\/\/slctorcy.fr\/WorldPress\/wp-content\/uploads\/2024\/10\/400X300_Ecole-ados-2-300x225.jpg\" class=\"attachment-medium size-medium wp-image-452\" alt=\"\" srcset=\"https:\/\/slctorcy.fr\/WorldPress\/wp-content\/uploads\/2024\/10\/400X300_Ecole-ados-2-300x225.jpg 300w, https:\/\/slctorcy.fr\/WorldPress\/wp-content\/uploads\/2024\/10\/400X300_Ecole-ados-2.jpg 400w\" sizes=\"(max-width: 300px) 100vw, 300px\" \/>\t\t\t\t\t\t\t\t\t\t\t\t\t<\/div>\n\t\t\t\t<\/div>\n\t\t\t\t<\/div>\n\t\t\t\t<div class=\"elementor-element elementor-element-6d379d9 elementor-widget__width-initial elementor-widget elementor-widget-button\" data-id=\"6d379d9\" data-element_type=\"widget\" data-widget_type=\"button.default\">\n\t\t\t\t<div class=\"elementor-widget-container\">\n\t\t\t\t\t\t\t<div class=\"elementor-button-wrapper\">\n\t\t\t\t\t<a class=\"elementor-button elementor-button-link elementor-size-sm\" href=\"http:\/\/slctorcy.fr\/WorldPress\/ecole-des-ados\/\">\n\t\t\t\t\t\t<span class=\"elementor-button-content-wrapper\">\n\t\t\t\t\t\t\t\t\t<span class=\"elementor-button-text\">En savoir plus<\/span>\n\t\t\t\t\t<\/span>\n\t\t\t\t\t<\/a>\n\t\t\t\t<\/div>\n\t\t\t\t\t\t<\/div>\n\t\t\t\t<\/div>\n\t\t\t\t<\/div>\n\t\t<div class=\"elementor-element elementor-element-b3e70de e-con-full e-flex e-con e-child\" data-id=\"b3e70de\" data-element_type=\"container\" data-settings=\"{&quot;background_background&quot;:&quot;classic&quot;}\">\n\t\t<div class=\"elementor-element elementor-element-75f30b5 e-con-full e-flex e-con e-child\" data-id=\"75f30b5\" data-element_type=\"container\">\n\t\t\t\t<div class=\"elementor-element elementor-element-cbb2a6b elementor-widget__width-initial elementor-widget-tablet__width-initial elementor-widget elementor-widget-heading\" data-id=\"cbb2a6b\" data-element_type=\"widget\" data-widget_type=\"heading.default\">\n\t\t\t\t<div class=\"elementor-widget-container\">\n\t\t\t<h2 class=\"elementor-heading-title elementor-size-default\">Education<\/h2>\t\t<\/div>\n\t\t\t\t<\/div>\n\t\t\t\t<div class=\"elementor-element elementor-element-f54dc11 elementor-widget__width-initial elementor-widget-tablet__width-initial elementor-widget elementor-widget-text-editor\" data-id=\"f54dc11\" data-element_type=\"widget\" data-widget_type=\"text-editor.default\">\n\t\t\t\t<div class=\"elementor-widget-container\">\n\t\t\t\t\t\t\t<ul><li>\u00c9ducation 1 : Samedi \/ \u00a0Dimanche 10h00 \u2013 11h00<\/li><li>\u00c9ducation 2 : Samedi \/ \u00a0Dimanche 11h00 \u2013 12h00<\/li><\/ul>\t\t\t\t\t\t<\/div>\n\t\t\t\t<\/div>\n\t\t\t\t<div class=\"elementor-element elementor-element-d5e448f elementor-widget elementor-widget-image\" data-id=\"d5e448f\" data-element_type=\"widget\" data-widget_type=\"image.default\">\n\t\t\t\t<div class=\"elementor-widget-container\">\n\t\t\t\t\t\t\t\t\t\t\t\t\t<img decoding=\"async\" width=\"300\" height=\"225\" src=\"https:\/\/slctorcy.fr\/WorldPress\/wp-content\/uploads\/2024\/10\/Educ_1_13_400X300-300x225.jpg\" class=\"attachment-medium size-medium wp-image-472\" alt=\"\" srcset=\"https:\/\/slctorcy.fr\/WorldPress\/wp-content\/uploads\/2024\/10\/Educ_1_13_400X300-300x225.jpg 300w, https:\/\/slctorcy.fr\/WorldPress\/wp-content\/uploads\/2024\/10\/Educ_1_13_400X300.jpg 400w\" sizes=\"(max-width: 300px) 100vw, 300px\" \/>\t\t\t\t\t\t\t\t\t\t\t\t\t<\/div>\n\t\t\t\t<\/div>\n\t\t\t\t<\/div>\n\t\t\t\t<div class=\"elementor-element elementor-element-c30e0b5 elementor-widget__width-initial elementor-widget-tablet__width-initial elementor-widget elementor-widget-button\" data-id=\"c30e0b5\" data-element_type=\"widget\" data-widget_type=\"button.default\">\n\t\t\t\t<div class=\"elementor-widget-container\">\n\t\t\t\t\t\t\t<div class=\"elementor-button-wrapper\">\n\t\t\t\t\t<a class=\"elementor-button elementor-button-link elementor-size-sm\" href=\"http:\/\/slctorcy.fr\/WorldPress\/education\/\">\n\t\t\t\t\t\t<span class=\"elementor-button-content-wrapper\">\n\t\t\t\t\t\t\t\t\t<span class=\"elementor-button-text\">En savoir plus<\/span>\n\t\t\t\t\t<\/span>\n\t\t\t\t\t<\/a>\n\t\t\t\t<\/div>\n\t\t\t\t\t\t<\/div>\n\t\t\t\t<\/div>\n\t\t\t\t<\/div>\n\t\t\t\t<\/div>\n\t\t<div class=\"elementor-element elementor-element-12d13ac e-flex e-con-boxed e-con e-parent\" data-id=\"12d13ac\" data-element_type=\"container\">\n\t\t\t\t\t<div class=\"e-con-inner\">\n\t\t\t\t<div class=\"elementor-element elementor-element-9d1c149 elementor-widget elementor-widget-spacer\" data-id=\"9d1c149\" data-element_type=\"widget\" data-widget_type=\"spacer.default\">\n\t\t\t\t<div class=\"elementor-widget-container\">\n\t\t\t\t\t<div class=\"elementor-spacer\">\n\t\t\t<div class=\"elementor-spacer-inner\"><\/div>\n\t\t<\/div>\n\t\t\t\t<\/div>\n\t\t\t\t<\/div>\n\t\t\t\t<div class=\"elementor-element elementor-element-3b700c9 elementor-invisible elementor-widget elementor-widget-heading\" data-id=\"3b700c9\" data-element_type=\"widget\" data-settings=\"{&quot;_animation&quot;:&quot;flash&quot;}\" data-widget_type=\"heading.default\">\n\t\t\t\t<div class=\"elementor-widget-container\">\n\t\t\t<h2 class=\"elementor-heading-title elementor-size-default\">Attention nouveaux horaires HOOPERS N2-N3<\/h2>\t\t<\/div>\n\t\t\t\t<\/div>\n\t\t\t\t\t<\/div>\n\t\t\t\t<\/div>\n\t\t<div class=\"elementor-element elementor-element-ee4aeae e-flex e-con-boxed e-con e-parent\" data-id=\"ee4aeae\" data-element_type=\"container\">\n\t\t\t\t\t<div class=\"e-con-inner\">\n\t\t<div class=\"elementor-element elementor-element-dae53c0 e-con-full e-flex e-con e-child\" data-id=\"dae53c0\" data-element_type=\"container\" data-settings=\"{&quot;background_background&quot;:&quot;classic&quot;}\">\n\t\t\t\t<\/div>\n\t\t<div class=\"elementor-element elementor-element-3a153ba e-con-full e-flex e-con e-child\" data-id=\"3a153ba\" data-element_type=\"container\">\n\t\t<div class=\"elementor-element elementor-element-8c91698 e-con-full e-flex e-con e-child\" data-id=\"8c91698\" data-element_type=\"container\" data-settings=\"{&quot;background_background&quot;:&quot;classic&quot;}\">\n\t\t<div class=\"elementor-element elementor-element-74a3173 e-con-full e-flex e-con e-child\" data-id=\"74a3173\" data-element_type=\"container\">\n\t\t\t\t<div class=\"elementor-element elementor-element-72fc72b elementor-widget__width-initial elementor-widget-tablet__width-initial elementor-widget elementor-widget-heading\" data-id=\"72fc72b\" data-element_type=\"widget\" data-widget_type=\"heading.default\">\n\t\t\t\t<div class=\"elementor-widget-container\">\n\t\t\t<h2 class=\"elementor-heading-title elementor-size-default\">Activit\u00e9s<\/h2>\t\t<\/div>\n\t\t\t\t<\/div>\n\t\t\t\t<div class=\"elementor-element elementor-element-a88199c elementor-widget__width-initial elementor-widget-tablet__width-initial elementor-widget elementor-widget-text-editor\" data-id=\"a88199c\" data-element_type=\"widget\" data-widget_type=\"text-editor.default\">\n\t\t\t\t<div class=\"elementor-widget-container\">\n\t\t\t\t\t\t\t<ul><li>Agility \u00a0Loisirs : tous les samedis et dimanches matin de 9h &#8211; 10h15 (d\u00e9butant samedi), 9h30 &#8211; 10h30 (d\u00e9butant dimanche),10h30 &#8211; 11H30 (interm\u00e9diaire), 11h30 &#8211; 12h30 (loisirs ++)\u00a0<\/li><li>Agility Comp\u00e9tition : tous les samedis apr\u00e8s-midi (Grade 1&amp;2 de 14h \u00e0 15h30 \/ Grade 3 de 15h30 \u00e0 17h)<\/li><li>Dog Dancing : samedi ou dimanche de 11h \u00e0 12h<\/li><li>Flyball : dimanche 14h<\/li><li>Hoopers N1-N2 : samedi de 13h30 \u00e0 15h00<\/li><li>Hoopers N0 : samedi de 15h15 \u00e0 16h15<\/li><li>Hoopers d\u00e9butant : samedi de 16h15 \u00e0 17h15<\/li><li>Hooper N2-N3 : dimanche de 10h \u00e0 11h<\/li><li>Ob\u00e9issance \u00c9duc + : samedi 14h \u00e0 15h<\/li><li>Ob\u00e9issance enchainement : samedi de 15h \u00e0 16h<\/li><li>Rally O : dimanche de 9 \u00e0 10h<\/li><\/ul>\t\t\t\t\t\t<\/div>\n\t\t\t\t<\/div>\n\t\t\t\t<div class=\"elementor-element elementor-element-ad5fa91 elementor-widget elementor-widget-image\" data-id=\"ad5fa91\" data-element_type=\"widget\" data-widget_type=\"image.default\">\n\t\t\t\t<div class=\"elementor-widget-container\">\n\t\t\t\t\t\t\t\t\t\t\t\t\t<img loading=\"lazy\" decoding=\"async\" width=\"300\" height=\"225\" src=\"https:\/\/slctorcy.fr\/WorldPress\/wp-content\/uploads\/2024\/10\/Agility_terrain_1-300x225.jpg\" class=\"attachment-medium size-medium wp-image-440\" alt=\"\" srcset=\"https:\/\/slctorcy.fr\/WorldPress\/wp-content\/uploads\/2024\/10\/Agility_terrain_1-300x225.jpg 300w, https:\/\/slctorcy.fr\/WorldPress\/wp-content\/uploads\/2024\/10\/Agility_terrain_1.jpg 400w\" sizes=\"(max-width: 300px) 100vw, 300px\" \/>\t\t\t\t\t\t\t\t\t\t\t\t\t<\/div>\n\t\t\t\t<\/div>\n\t\t\t\t<\/div>\n\t\t\t\t<div class=\"elementor-element elementor-element-4e121fc elementor-widget__width-initial elementor-widget-tablet__width-initial elementor-widget elementor-widget-button\" data-id=\"4e121fc\" data-element_type=\"widget\" data-widget_type=\"button.default\">\n\t\t\t\t<div class=\"elementor-widget-container\">\n\t\t\t\t\t\t\t<div class=\"elementor-button-wrapper\">\n\t\t\t\t\t<a class=\"elementor-button elementor-button-link elementor-size-sm\" href=\"http:\/\/slctorcy.fr\/WorldPress\/education\/\">\n\t\t\t\t\t\t<span class=\"elementor-button-content-wrapper\">\n\t\t\t\t\t\t\t\t\t<span class=\"elementor-button-text\">En savoir plus<\/span>\n\t\t\t\t\t<\/span>\n\t\t\t\t\t<\/a>\n\t\t\t\t<\/div>\n\t\t\t\t\t\t<\/div>\n\t\t\t\t<\/div>\n\t\t\t\t<\/div>\n\t\t\t\t<\/div>\n\t\t\t\t\t<\/div>\n\t\t\t\t<\/div>\n\t\t\t\t<\/div>\n\t\t","protected":false},"excerpt":{"rendered":"<p>HORAIRES DES COURS \/ ACTIVITES L&rsquo;accueil du club est ouvert tous les samedi et dimanche matin pour tous renseignements Ecole des chiots Chiots 3 mois \u00e0 4 mois (r\u00e9volus) :&#8230;<\/p>\n","protected":false},"author":1,"featured_media":0,"parent":0,"menu_order":0,"comment_status":"closed","ping_status":"closed","template":"","meta":{"_kad_post_transparent":"","_kad_post_title":"hide","_kad_post_layout":"fullwidth","_kad_post_sidebar_id":"","_kad_post_content_style":"unboxed","_kad_post_vertical_padding":"hide","_kad_post_feature":"hide","_kad_post_feature_position":"","_kad_post_header":false,"_kad_post_footer":false,"footnotes":""},"folder":[25],"class_list":["post-2337","page","type-page","status-publish","hentry"],"_links":{"self":[{"href":"https:\/\/slctorcy.fr\/WorldPress\/wp-json\/wp\/v2\/pages\/2337","targetHints":{"allow":["GET"]}}],"collection":[{"href":"https:\/\/slctorcy.fr\/WorldPress\/wp-json\/wp\/v2\/pages"}],"about":[{"href":"https:\/\/slctorcy.fr\/WorldPress\/wp-json\/wp\/v2\/types\/page"}],"author":[{"embeddable":true,"href":"https:\/\/slctorcy.fr\/WorldPress\/wp-json\/wp\/v2\/users\/1"}],"replies":[{"embeddable":true,"href":"https:\/\/slctorcy.fr\/WorldPress\/wp-json\/wp\/v2\/comments?post=2337"}],"version-history":[{"count":86,"href":"https:\/\/slctorcy.fr\/WorldPress\/wp-json\/wp\/v2\/pages\/2337\/revisions"}],"predecessor-version":[{"id":4891,"href":"https:\/\/slctorcy.fr\/WorldPress\/wp-json\/wp\/v2\/pages\/2337\/revisions\/4891"}],"wp:attachment":[{"href":"https:\/\/slctorcy.fr\/WorldPress\/wp-json\/wp\/v2\/media?parent=2337"}],"wp:term":[{"taxonomy":"folder","embeddable":true,"href":"https:\/\/slctorcy.fr\/WorldPress\/wp-json\/wp\/v2\/folder?post=2337"}],"curies":[{"name":"wp","href":"https:\/\/api.w.org\/{rel}","templated":true}]}}