{"id":673,"date":"2024-10-21T21:16:50","date_gmt":"2024-10-21T19:16:50","guid":{"rendered":"https:\/\/slctorcy.fr\/WorldPress\/?page_id=673"},"modified":"2024-11-03T14:49:41","modified_gmt":"2024-11-03T13:49:41","slug":"activites","status":"publish","type":"page","link":"http:\/\/slctorcy.fr\/WorldPress\/activites\/","title":{"rendered":"Activit\u00e9s"},"content":{"rendered":"\t\t<div data-elementor-type=\"wp-page\" data-elementor-id=\"673\" class=\"elementor elementor-673\">\n\t\t\t\t<div class=\"elementor-element elementor-element-8997909 e-con-full e-flex e-con e-child\" data-id=\"8997909\" data-element_type=\"container\" data-settings=\"{&quot;background_background&quot;:&quot;classic&quot;,&quot;shape_divider_top&quot;:&quot;curve&quot;}\">\n\t\t\t\t<div class=\"elementor-shape elementor-shape-top\" data-negative=\"false\">\n\t\t\t<svg xmlns=\"http:\/\/www.w3.org\/2000\/svg\" viewBox=\"0 0 1000 100\" preserveAspectRatio=\"none\">\n    <path class=\"elementor-shape-fill\" d=\"M1000,4.3V0H0v4.3C0.9,23.1,126.7,99.2,500,100S1000,22.7,1000,4.3z\"\/>\n<\/svg>\t\t<\/div>\n\t\t\t\t<div class=\"elementor-element elementor-element-aee9e5b elementor-widget elementor-widget-heading\" data-id=\"aee9e5b\" data-element_type=\"widget\" data-widget_type=\"heading.default\">\n\t\t\t\t<div class=\"elementor-widget-container\">\n\t\t\t<h2 class=\"elementor-heading-title elementor-size-default\">NOS ACTIVTES<\/h2>\t\t<\/div>\n\t\t\t\t<\/div>\n\t\t\t\t<\/div>\n\t\t<div class=\"elementor-element elementor-element-bc436f5 e-flex e-con-boxed e-con e-parent\" data-id=\"bc436f5\" data-element_type=\"container\">\n\t\t\t\t\t<div class=\"e-con-inner\">\n\t\t\t\t<div class=\"elementor-element elementor-element-bb6f928 elementor-widget elementor-widget-text-editor\" data-id=\"bb6f928\" data-element_type=\"widget\" data-widget_type=\"text-editor.default\">\n\t\t\t\t<div class=\"elementor-widget-container\">\n\t\t\t\t\t\t\t<p>Le club propose diff\u00e9rentes disciplines sportives canines pour votre plus grand plaisir ainsi que celle de votre chien<\/p><p>Chaque activit\u00e9 est r\u00e9serv\u00e9e aux adh\u00e9rents du club uniquement.<\/p>\t\t\t\t\t\t<\/div>\n\t\t\t\t<\/div>\n\t\t\t\t<div class=\"elementor-element elementor-element-d734788 elementor-widget elementor-widget-text-editor\" data-id=\"d734788\" data-element_type=\"widget\" data-widget_type=\"text-editor.default\">\n\t\t\t\t<div class=\"elementor-widget-container\">\n\t\t\t\t\t\t\t<p>Chaque activit\u00e9 est soumise \u00e0 certains crit\u00e8res et acceptation du responsable<\/p>\t\t\t\t\t\t<\/div>\n\t\t\t\t<\/div>\n\t\t\t\t\t<\/div>\n\t\t\t\t<\/div>\n\t\t<div class=\"elementor-element elementor-element-fa1a985 animated-slow e-flex e-con-boxed e-con e-parent\" data-id=\"fa1a985\" data-element_type=\"container\" data-settings=\"{&quot;background_background&quot;:&quot;classic&quot;,&quot;animation&quot;:&quot;none&quot;}\">\n\t\t\t\t\t<div class=\"e-con-inner\">\n\t\t\t\t<div class=\"elementor-element elementor-element-0103037 elementor-widget elementor-widget-text-editor\" data-id=\"0103037\" data-element_type=\"widget\" data-widget_type=\"text-editor.default\">\n\t\t\t\t<div class=\"elementor-widget-container\">\n\t\t\t\t\t\t\t<p>Venez d\u00e9couvrir nos diff\u00e9rents activit\u00e9s \/ sport canins \u00a0<\/p>\t\t\t\t\t\t<\/div>\n\t\t\t\t<\/div>\n\t\t\t\t<div class=\"elementor-element elementor-element-e10bab8 eael-fg-card-content-align-center elementor-widget elementor-widget-eael-filterable-gallery\" data-id=\"e10bab8\" data-element_type=\"widget\" data-settings=\"{&quot;_animation&quot;:&quot;none&quot;,&quot;photo_gallery&quot;:&quot;yes&quot;,&quot;pagination&quot;:&quot;false&quot;}\" data-widget_type=\"eael-filterable-gallery.default\">\n\t\t\t\t<div class=\"elementor-widget-container\">\n\t\t\t<style id=\"eael-fg-inline-css-e10bab8\">@media only screen and (max-width: 2399px) {\n\t\t\t\t\t.elementor-element.elementor-element-e10bab8 .eael-filterable-gallery-item-wrap {\n\t\t\t\t\t        width: 33.333333333333%;\n\t\t\t\t\t    }\n\t\t\t\t\t}@media only screen and (max-width: 1024px) {\n\t\t\t\t\t.elementor-element.elementor-element-e10bab8  .eael-filterable-gallery-item-wrap {\n\t\t\t\t\t        width: 50%;\n\t\t\t\t\t    }\n\t\t\t\t\t}@media only screen and (max-width: 767px) {\n\t\t\t\t\t.elementor-element.elementor-element-e10bab8  .eael-filterable-gallery-item-wrap {\n\t\t\t\t\t        width: 100%;\n\t\t\t\t\t    }\n\t\t\t\t\t}<\/style>        <div id=\"eael-filter-gallery-wrapper-e10bab8\" class=\"eael-filter-gallery-wrapper\" data-layout-mode=\"card\" data-breakpoints=\"{&quot;mobile&quot;:{&quot;label&quot;:&quot;Portrait mobile&quot;,&quot;value&quot;:767,&quot;default_value&quot;:767,&quot;direction&quot;:&quot;max&quot;,&quot;is_enabled&quot;:true},&quot;mobile_extra&quot;:{&quot;label&quot;:&quot;Mobile Paysage&quot;,&quot;value&quot;:880,&quot;default_value&quot;:880,&quot;direction&quot;:&quot;max&quot;,&quot;is_enabled&quot;:false},&quot;tablet&quot;:{&quot;label&quot;:&quot;Tablette en mode portrait&quot;,&quot;value&quot;:1024,&quot;default_value&quot;:1024,&quot;direction&quot;:&quot;max&quot;,&quot;is_enabled&quot;:true},&quot;tablet_extra&quot;:{&quot;label&quot;:&quot;Tablette en mode paysage&quot;,&quot;value&quot;:1200,&quot;default_value&quot;:1200,&quot;direction&quot;:&quot;max&quot;,&quot;is_enabled&quot;:false},&quot;laptop&quot;:{&quot;label&quot;:&quot;Portable&quot;,&quot;value&quot;:1366,&quot;default_value&quot;:1366,&quot;direction&quot;:&quot;max&quot;,&quot;is_enabled&quot;:false},&quot;widescreen&quot;:{&quot;label&quot;:&quot;\\u00c9cran large&quot;,&quot;value&quot;:2400,&quot;default_value&quot;:2400,&quot;direction&quot;:&quot;min&quot;,&quot;is_enabled&quot;:false}}\" data-default_control_key=\"0\" data-custom_default_control=\"1\">\n            \n            \n            <div class=\"eael-filter-gallery-container eael-filter-gallery-grid\" data-images-per-page=\"\" data-total-gallery-items=\"6\" data-nomore-item-text=\"\" data-is-randomize=\"no\" data-settings=\"{&quot;grid_style&quot;:&quot;grid&quot;,&quot;popup&quot;:&quot;buttons&quot;,&quot;duration&quot;:500,&quot;gallery_enabled&quot;:&quot;yes&quot;,&quot;video_gallery_yt_privacy&quot;:&quot;&quot;,&quot;control_all_text&quot;:null,&quot;post_id&quot;:673,&quot;widget_id&quot;:&quot;e10bab8&quot;}\" data-search-all=\"\" data-gallery-items=\"WyI8ZGl2IGNsYXNzPVwiZWFlbC1maWx0ZXJhYmxlLWdhbGxlcnktaXRlbS13cmFwXCI+XG5cdFx0XHRcdDxkaXYgY2xhc3M9XCJlYWVsLWdhbGxlcnktZ3JpZC1pdGVtXCI+PGRpdiBjbGFzcz1cImdhbGxlcnktaXRlbS10aHVtYm5haWwtd3JhcFwiPjxpbWcgc3JjPVwiaHR0cDpcL1wvc2xjdG9yY3kuZnJcL1dvcmxkUHJlc3NcL3dwLWNvbnRlbnRcL3VwbG9hZHNcLzIwMjRcLzEwXC9BZ2lsaXR5X1Jpd2FsbC5qcGdcIiBkYXRhLWxhenktc3JjPVwiaHR0cDpcL1wvc2xjdG9yY3kuZnJcL1dvcmxkUHJlc3NcL3dwLWNvbnRlbnRcL3VwbG9hZHNcLzIwMjRcLzEwXC9BZ2lsaXR5X1Jpd2FsbC5qcGdcIiBhbHQ9XCJBR0lMSVRZXCIgY2xhc3M9XCJnYWxsZXJ5LWl0ZW0tdGh1bWJuYWlsXCI+PGRpdiBjbGFzcz1cImdhbGxlcnktaXRlbS1jYXB0aW9uLXdyYXAgY2FyZC1ob3Zlci1iZyBjYXB0aW9uLXN0eWxlLWhvdmVyZXIgXCI+XG4gICAgICAgICAgICAgICAgICAgICAgICAgICAgPGRpdiBjbGFzcz1cImdhbGxlcnktaXRlbS1idXR0b25zXCI+ICAgICAgICAgICAgICAgIDxhIGhyZWY9XCJodHRwOlwvXC9zbGN0b3JjeS5mclwvV29ybGRQcmVzc1wvYWdpbGl0eS0yXC9cIiBhcmlhLWxhYmVsPVwiZWFlbC1pdGVtLW1heWJlLWxpbmtcIj4gPHNwYW4gY2xhc3M9XCJmZy1pdGVtLWljb24taW5uZXJcIj48aSBjbGFzcz1cImZhcyBmYS1hcnJvdy1jaXJjbGUtcmlnaHRcIiBhcmlhLWhpZGRlbj1cInRydWVcIj48XC9pPjxcL3NwYW4+PFwvYT48XC9kaXY+XG4gICAgICAgICAgICAgICAgICAgICAgICA8XC9kaXY+PFwvZGl2PjxkaXYgY2xhc3M9XCJnYWxsZXJ5LWl0ZW0tY2FwdGlvbi13cmFwIGNhcHRpb24tc3R5bGUtY2FyZCBcIj48ZGl2IGNsYXNzPVwiZ2FsbGVyeS1pdGVtLWNhcHRpb24tb3ZlclwiPjxoMiBjbGFzcz1cImZnLWl0ZW0tdGl0bGVcIj5BR0lMSVRZPFwvaDI+PGRpdiBjbGFzcz1cImZnLWl0ZW0tY29udGVudFwiPjxwPlJlam9pZ25leiBub3VzIHN1ciBsZXMgcGFyY291cnM8XC9wPlxuPFwvZGl2PjxcL2Rpdj48XC9kaXY+PFwvZGl2PjxcL2Rpdj4iLCI8ZGl2IGNsYXNzPVwiZWFlbC1maWx0ZXJhYmxlLWdhbGxlcnktaXRlbS13cmFwXCI+XG5cdFx0XHRcdDxkaXYgY2xhc3M9XCJlYWVsLWdhbGxlcnktZ3JpZC1pdGVtXCI+PGRpdiBjbGFzcz1cImdhbGxlcnktaXRlbS10aHVtYm5haWwtd3JhcFwiPjxpbWcgc3JjPVwiaHR0cDpcL1wvc2xjdG9yY3kuZnJcL1dvcmxkUHJlc3NcL3dwLWNvbnRlbnRcL3VwbG9hZHNcLzIwMjRcLzEwXC9Eb2ctZGFuY2luZ192ZXJvLTEuanBnXCIgZGF0YS1sYXp5LXNyYz1cImh0dHA6XC9cL3NsY3RvcmN5LmZyXC9Xb3JsZFByZXNzXC93cC1jb250ZW50XC91cGxvYWRzXC8yMDI0XC8xMFwvRG9nLWRhbmNpbmdfdmVyby0xLmpwZ1wiIGFsdD1cIkRPRyBEQU5DSU5HXCIgY2xhc3M9XCJnYWxsZXJ5LWl0ZW0tdGh1bWJuYWlsXCI+PGRpdiBjbGFzcz1cImdhbGxlcnktaXRlbS1jYXB0aW9uLXdyYXAgY2FyZC1ob3Zlci1iZyBjYXB0aW9uLXN0eWxlLWhvdmVyZXIgXCI+XG4gICAgICAgICAgICAgICAgICAgICAgICAgICAgPGRpdiBjbGFzcz1cImdhbGxlcnktaXRlbS1idXR0b25zXCI+ICAgICAgICAgICAgICAgIDxhIGhyZWY9XCJodHRwOlwvXC9zbGN0b3JjeS5mclwvV29ybGRQcmVzc1wvZG9nLWRhbmNpbmdcL1wiIGFyaWEtbGFiZWw9XCJlYWVsLWl0ZW0tbWF5YmUtbGlua1wiPiA8c3BhbiBjbGFzcz1cImZnLWl0ZW0taWNvbi1pbm5lclwiPjxpIGNsYXNzPVwiZmFzIGZhLWFycm93LWNpcmNsZS1yaWdodFwiIGFyaWEtaGlkZGVuPVwidHJ1ZVwiPjxcL2k+PFwvc3Bhbj48XC9hPjxcL2Rpdj5cbiAgICAgICAgICAgICAgICAgICAgICAgIDxcL2Rpdj48XC9kaXY+PGRpdiBjbGFzcz1cImdhbGxlcnktaXRlbS1jYXB0aW9uLXdyYXAgY2FwdGlvbi1zdHlsZS1jYXJkIFwiPjxkaXYgY2xhc3M9XCJnYWxsZXJ5LWl0ZW0tY2FwdGlvbi1vdmVyXCI+PGgyIGNsYXNzPVwiZmctaXRlbS10aXRsZVwiPkRPRyBEQU5DSU5HPFwvaDI+PGRpdiBjbGFzcz1cImZnLWl0ZW0tY29udGVudFwiPjxwPkRhbnNleiBhdmVjIHZvdHJlIGNoaWVuIHN1ciBkZXMgY2hvclx1MDBlOWdyYXBoaWVzPFwvcD5cbjxcL2Rpdj48XC9kaXY+PFwvZGl2PjxcL2Rpdj48XC9kaXY+IiwiPGRpdiBjbGFzcz1cImVhZWwtZmlsdGVyYWJsZS1nYWxsZXJ5LWl0ZW0td3JhcFwiPlxuXHRcdFx0XHQ8ZGl2IGNsYXNzPVwiZWFlbC1nYWxsZXJ5LWdyaWQtaXRlbVwiPjxkaXYgY2xhc3M9XCJnYWxsZXJ5LWl0ZW0tdGh1bWJuYWlsLXdyYXBcIj48aW1nIHNyYz1cImh0dHA6XC9cL3NsY3RvcmN5LmZyXC9Xb3JsZFByZXNzXC93cC1jb250ZW50XC91cGxvYWRzXC8yMDI0XC8xMFwvQ2hpZW4tU2FuZHJhLmpwZ1wiIGRhdGEtbGF6eS1zcmM9XCJodHRwOlwvXC9zbGN0b3JjeS5mclwvV29ybGRQcmVzc1wvd3AtY29udGVudFwvdXBsb2Fkc1wvMjAyNFwvMTBcL0NoaWVuLVNhbmRyYS5qcGdcIiBhbHQ9XCJGTFlCQUxMXCIgY2xhc3M9XCJnYWxsZXJ5LWl0ZW0tdGh1bWJuYWlsXCI+PGRpdiBjbGFzcz1cImdhbGxlcnktaXRlbS1jYXB0aW9uLXdyYXAgY2FyZC1ob3Zlci1iZyBjYXB0aW9uLXN0eWxlLWhvdmVyZXIgXCI+XG4gICAgICAgICAgICAgICAgICAgICAgICAgICAgPGRpdiBjbGFzcz1cImdhbGxlcnktaXRlbS1idXR0b25zXCI+ICAgICAgICAgICAgICAgIDxhIGhyZWY9XCJodHRwOlwvXC9zbGN0b3JjeS5mclwvV29ybGRQcmVzc1wvZmx5YmFsbC0yXC9cIiBhcmlhLWxhYmVsPVwiZWFlbC1pdGVtLW1heWJlLWxpbmtcIj4gPHNwYW4gY2xhc3M9XCJmZy1pdGVtLWljb24taW5uZXJcIj48aSBjbGFzcz1cImZhcyBmYS1hcnJvdy1jaXJjbGUtcmlnaHRcIiBhcmlhLWhpZGRlbj1cInRydWVcIj48XC9pPjxcL3NwYW4+PFwvYT48XC9kaXY+XG4gICAgICAgICAgICAgICAgICAgICAgICA8XC9kaXY+PFwvZGl2PjxkaXYgY2xhc3M9XCJnYWxsZXJ5LWl0ZW0tY2FwdGlvbi13cmFwIGNhcHRpb24tc3R5bGUtY2FyZCBcIj48ZGl2IGNsYXNzPVwiZ2FsbGVyeS1pdGVtLWNhcHRpb24tb3ZlclwiPjxoMiBjbGFzcz1cImZnLWl0ZW0tdGl0bGVcIj5GTFlCQUxMPFwvaDI+PGRpdiBjbGFzcz1cImZnLWl0ZW0tY29udGVudFwiPjxwPkRpc2NpcGxpbmUgcXVpIGFsbGllIHZpdGVzc2UgZXQgdHJhdmFpbCBkJnJzcXVvO1x1MDBlOXF1aXBlPFwvcD5cbjxcL2Rpdj48XC9kaXY+PFwvZGl2PjxcL2Rpdj48XC9kaXY+IiwiPGRpdiBjbGFzcz1cImVhZWwtZmlsdGVyYWJsZS1nYWxsZXJ5LWl0ZW0td3JhcFwiPlxuXHRcdFx0XHQ8ZGl2IGNsYXNzPVwiZWFlbC1nYWxsZXJ5LWdyaWQtaXRlbVwiPjxkaXYgY2xhc3M9XCJnYWxsZXJ5LWl0ZW0tdGh1bWJuYWlsLXdyYXBcIj48aW1nIHNyYz1cImh0dHA6XC9cL3NsY3RvcmN5LmZyXC9Xb3JsZFByZXNzXC93cC1jb250ZW50XC91cGxvYWRzXC8yMDI0XC8xMFwvSG9vcGVyLXBvcC5qcGdcIiBkYXRhLWxhenktc3JjPVwiaHR0cDpcL1wvc2xjdG9yY3kuZnJcL1dvcmxkUHJlc3NcL3dwLWNvbnRlbnRcL3VwbG9hZHNcLzIwMjRcLzEwXC9Ib29wZXItcG9wLmpwZ1wiIGFsdD1cIkhPT1BFUlNcIiBjbGFzcz1cImdhbGxlcnktaXRlbS10aHVtYm5haWxcIj48ZGl2IGNsYXNzPVwiZ2FsbGVyeS1pdGVtLWNhcHRpb24td3JhcCBjYXJkLWhvdmVyLWJnIGNhcHRpb24tc3R5bGUtaG92ZXJlciBcIj5cbiAgICAgICAgICAgICAgICAgICAgICAgICAgICA8ZGl2IGNsYXNzPVwiZ2FsbGVyeS1pdGVtLWJ1dHRvbnNcIj4gICAgICAgICAgICAgICAgPGEgaHJlZj1cImh0dHA6XC9cL3NsY3RvcmN5LmZyXC9Xb3JsZFByZXNzXC9ob29wZXJzXC9cIiBhcmlhLWxhYmVsPVwiZWFlbC1pdGVtLW1heWJlLWxpbmtcIj4gPHNwYW4gY2xhc3M9XCJmZy1pdGVtLWljb24taW5uZXJcIj48aSBjbGFzcz1cImZhcyBmYS1hcnJvdy1jaXJjbGUtcmlnaHRcIiBhcmlhLWhpZGRlbj1cInRydWVcIj48XC9pPjxcL3NwYW4+PFwvYT48XC9kaXY+XG4gICAgICAgICAgICAgICAgICAgICAgICA8XC9kaXY+PFwvZGl2PjxkaXYgY2xhc3M9XCJnYWxsZXJ5LWl0ZW0tY2FwdGlvbi13cmFwIGNhcHRpb24tc3R5bGUtY2FyZCBcIj48ZGl2IGNsYXNzPVwiZ2FsbGVyeS1pdGVtLWNhcHRpb24tb3ZlclwiPjxoMiBjbGFzcz1cImZnLWl0ZW0tdGl0bGVcIj5IT09QRVJTPFwvaDI+PGRpdiBjbGFzcz1cImZnLWl0ZW0tY29udGVudFwiPjxwPk5vdXZlbGxlIGRpc2NpcGxpbmUgZGUgcGFyY291cnMgc2FucyBzYXV0PFwvcD5cbjxcL2Rpdj48XC9kaXY+PFwvZGl2PjxcL2Rpdj48XC9kaXY+IiwiPGRpdiBjbGFzcz1cImVhZWwtZmlsdGVyYWJsZS1nYWxsZXJ5LWl0ZW0td3JhcFwiPlxuXHRcdFx0XHQ8ZGl2IGNsYXNzPVwiZWFlbC1nYWxsZXJ5LWdyaWQtaXRlbVwiPjxkaXYgY2xhc3M9XCJnYWxsZXJ5LWl0ZW0tdGh1bWJuYWlsLXdyYXBcIj48aW1nIHNyYz1cImh0dHA6XC9cL3NsY3RvcmN5LmZyXC9Xb3JsZFByZXNzXC93cC1jb250ZW50XC91cGxvYWRzXC8yMDI0XC8xMFwvT2JlaXNzYW5jZV8xLmpwZ1wiIGRhdGEtbGF6eS1zcmM9XCJodHRwOlwvXC9zbGN0b3JjeS5mclwvV29ybGRQcmVzc1wvd3AtY29udGVudFwvdXBsb2Fkc1wvMjAyNFwvMTBcL09iZWlzc2FuY2VfMS5qcGdcIiBhbHQ9XCJPQkVJU1NBTkNFXCIgY2xhc3M9XCJnYWxsZXJ5LWl0ZW0tdGh1bWJuYWlsXCI+PGRpdiBjbGFzcz1cImdhbGxlcnktaXRlbS1jYXB0aW9uLXdyYXAgY2FyZC1ob3Zlci1iZyBjYXB0aW9uLXN0eWxlLWhvdmVyZXIgXCI+XG4gICAgICAgICAgICAgICAgICAgICAgICAgICAgPGRpdiBjbGFzcz1cImdhbGxlcnktaXRlbS1idXR0b25zXCI+ICAgICAgICAgICAgICAgIDxhIGhyZWY9XCJodHRwOlwvXC9zbGN0b3JjeS5mclwvV29ybGRQcmVzc1wvb2JlaXNzYW5jZVwvXCIgYXJpYS1sYWJlbD1cImVhZWwtaXRlbS1tYXliZS1saW5rXCI+IDxzcGFuIGNsYXNzPVwiZmctaXRlbS1pY29uLWlubmVyXCI+PGkgY2xhc3M9XCJmYXMgZmEtYXJyb3ctY2lyY2xlLXJpZ2h0XCIgYXJpYS1oaWRkZW49XCJ0cnVlXCI+PFwvaT48XC9zcGFuPjxcL2E+PFwvZGl2PlxuICAgICAgICAgICAgICAgICAgICAgICAgPFwvZGl2PjxcL2Rpdj48ZGl2IGNsYXNzPVwiZ2FsbGVyeS1pdGVtLWNhcHRpb24td3JhcCBjYXB0aW9uLXN0eWxlLWNhcmQgXCI+PGRpdiBjbGFzcz1cImdhbGxlcnktaXRlbS1jYXB0aW9uLW92ZXJcIj48aDIgY2xhc3M9XCJmZy1pdGVtLXRpdGxlXCI+T0JFSVNTQU5DRTxcL2gyPjxkaXYgY2xhc3M9XCJmZy1pdGVtLWNvbnRlbnRcIj48cD5EaXNjaXBsaW5lIHNwb3J0aXZlIFx1MDBlMCBwYXJ0IGVudGlcdTAwZThyZTxcL3A+XG48XC9kaXY+PFwvZGl2PjxcL2Rpdj48XC9kaXY+PFwvZGl2PiIsIjxkaXYgY2xhc3M9XCJlYWVsLWZpbHRlcmFibGUtZ2FsbGVyeS1pdGVtLXdyYXBcIj5cblx0XHRcdFx0PGRpdiBjbGFzcz1cImVhZWwtZ2FsbGVyeS1ncmlkLWl0ZW1cIj48ZGl2IGNsYXNzPVwiZ2FsbGVyeS1pdGVtLXRodW1ibmFpbC13cmFwXCI+PGltZyBzcmM9XCJodHRwOlwvXC9zbGN0b3JjeS5mclwvV29ybGRQcmVzc1wvd3AtY29udGVudFwvdXBsb2Fkc1wvMjAyNFwvMTBcL1JhbGx5LW9fMy5qcGdcIiBkYXRhLWxhenktc3JjPVwiaHR0cDpcL1wvc2xjdG9yY3kuZnJcL1dvcmxkUHJlc3NcL3dwLWNvbnRlbnRcL3VwbG9hZHNcLzIwMjRcLzEwXC9SYWxseS1vXzMuanBnXCIgYWx0PVwiUkFMTFlfT1wiIGNsYXNzPVwiZ2FsbGVyeS1pdGVtLXRodW1ibmFpbFwiPjxkaXYgY2xhc3M9XCJnYWxsZXJ5LWl0ZW0tY2FwdGlvbi13cmFwIGNhcmQtaG92ZXItYmcgY2FwdGlvbi1zdHlsZS1ob3ZlcmVyIFwiPlxuICAgICAgICAgICAgICAgICAgICAgICAgICAgIDxkaXYgY2xhc3M9XCJnYWxsZXJ5LWl0ZW0tYnV0dG9uc1wiPiAgICAgICAgICAgICAgICA8YSBocmVmPVwiaHR0cDpcL1wvc2xjdG9yY3kuZnJcL1dvcmxkUHJlc3NcL3JhbGx5LW9cL1wiIGFyaWEtbGFiZWw9XCJlYWVsLWl0ZW0tbWF5YmUtbGlua1wiPiA8c3BhbiBjbGFzcz1cImZnLWl0ZW0taWNvbi1pbm5lclwiPjxpIGNsYXNzPVwiZmFzIGZhLWFycm93LWNpcmNsZS1yaWdodFwiIGFyaWEtaGlkZGVuPVwidHJ1ZVwiPjxcL2k+PFwvc3Bhbj48XC9hPjxcL2Rpdj5cbiAgICAgICAgICAgICAgICAgICAgICAgIDxcL2Rpdj48XC9kaXY+PGRpdiBjbGFzcz1cImdhbGxlcnktaXRlbS1jYXB0aW9uLXdyYXAgY2FwdGlvbi1zdHlsZS1jYXJkIFwiPjxkaXYgY2xhc3M9XCJnYWxsZXJ5LWl0ZW0tY2FwdGlvbi1vdmVyXCI+PGgyIGNsYXNzPVwiZmctaXRlbS10aXRsZVwiPlJBTExZX088XC9oMj48ZGl2IGNsYXNzPVwiZmctaXRlbS1jb250ZW50XCI+PHA+TVx1MDBlOWxhbmdlIGQmcnNxdW87b2JcdTAwZTlpc3NhbmNlIGV0IGRlIGRvZyBkYW5jaW5nPFwvcD5cbjxcL2Rpdj48XC9kaXY+PFwvZGl2PjxcL2Rpdj48XC9kaXY+Il0=\" data-init-show=\"6\">\n                <div class=\"eael-filterable-gallery-item-wrap\">\n\t\t\t\t<div class=\"eael-gallery-grid-item\"><div class=\"gallery-item-thumbnail-wrap\"><img decoding=\"async\" src=\"http:\/\/slctorcy.fr\/WorldPress\/wp-content\/uploads\/2024\/10\/Agility_Riwall.jpg\" data-lazy-src=\"http:\/\/slctorcy.fr\/WorldPress\/wp-content\/uploads\/2024\/10\/Agility_Riwall.jpg\" alt=\"AGILITY\" class=\"gallery-item-thumbnail\"><div class=\"gallery-item-caption-wrap card-hover-bg caption-style-hoverer \">\n                            <div class=\"gallery-item-buttons\">                <a href=\"http:\/\/slctorcy.fr\/WorldPress\/agility-2\/\" aria-label=\"eael-item-maybe-link\"> <span class=\"fg-item-icon-inner\"><i class=\"fas fa-arrow-circle-right\" aria-hidden=\"true\"><\/i><\/span><\/a><\/div>\n                        <\/div><\/div><div class=\"gallery-item-caption-wrap caption-style-card \"><div class=\"gallery-item-caption-over\"><h2 class=\"fg-item-title\">AGILITY<\/h2><div class=\"fg-item-content\"><p>Rejoignez nous sur les parcours<\/p>\n<\/div><\/div><\/div><\/div><\/div><div class=\"eael-filterable-gallery-item-wrap\">\n\t\t\t\t<div class=\"eael-gallery-grid-item\"><div class=\"gallery-item-thumbnail-wrap\"><img decoding=\"async\" src=\"http:\/\/slctorcy.fr\/WorldPress\/wp-content\/uploads\/2024\/10\/Dog-dancing_vero-1.jpg\" data-lazy-src=\"http:\/\/slctorcy.fr\/WorldPress\/wp-content\/uploads\/2024\/10\/Dog-dancing_vero-1.jpg\" alt=\"DOG DANCING\" class=\"gallery-item-thumbnail\"><div class=\"gallery-item-caption-wrap card-hover-bg caption-style-hoverer \">\n                            <div class=\"gallery-item-buttons\">                <a href=\"http:\/\/slctorcy.fr\/WorldPress\/dog-dancing\/\" aria-label=\"eael-item-maybe-link\"> <span class=\"fg-item-icon-inner\"><i class=\"fas fa-arrow-circle-right\" aria-hidden=\"true\"><\/i><\/span><\/a><\/div>\n                        <\/div><\/div><div class=\"gallery-item-caption-wrap caption-style-card \"><div class=\"gallery-item-caption-over\"><h2 class=\"fg-item-title\">DOG DANCING<\/h2><div class=\"fg-item-content\"><p>Dansez avec votre chien sur des chor\u00e9graphies<\/p>\n<\/div><\/div><\/div><\/div><\/div><div class=\"eael-filterable-gallery-item-wrap\">\n\t\t\t\t<div class=\"eael-gallery-grid-item\"><div class=\"gallery-item-thumbnail-wrap\"><img decoding=\"async\" src=\"http:\/\/slctorcy.fr\/WorldPress\/wp-content\/uploads\/2024\/10\/Chien-Sandra.jpg\" data-lazy-src=\"http:\/\/slctorcy.fr\/WorldPress\/wp-content\/uploads\/2024\/10\/Chien-Sandra.jpg\" alt=\"FLYBALL\" class=\"gallery-item-thumbnail\"><div class=\"gallery-item-caption-wrap card-hover-bg caption-style-hoverer \">\n                            <div class=\"gallery-item-buttons\">                <a href=\"http:\/\/slctorcy.fr\/WorldPress\/flyball-2\/\" aria-label=\"eael-item-maybe-link\"> <span class=\"fg-item-icon-inner\"><i class=\"fas fa-arrow-circle-right\" aria-hidden=\"true\"><\/i><\/span><\/a><\/div>\n                        <\/div><\/div><div class=\"gallery-item-caption-wrap caption-style-card \"><div class=\"gallery-item-caption-over\"><h2 class=\"fg-item-title\">FLYBALL<\/h2><div class=\"fg-item-content\"><p>Discipline qui allie vitesse et travail d&rsquo;\u00e9quipe<\/p>\n<\/div><\/div><\/div><\/div><\/div><div class=\"eael-filterable-gallery-item-wrap\">\n\t\t\t\t<div class=\"eael-gallery-grid-item\"><div class=\"gallery-item-thumbnail-wrap\"><img decoding=\"async\" src=\"http:\/\/slctorcy.fr\/WorldPress\/wp-content\/uploads\/2024\/10\/Hooper-pop.jpg\" data-lazy-src=\"http:\/\/slctorcy.fr\/WorldPress\/wp-content\/uploads\/2024\/10\/Hooper-pop.jpg\" alt=\"HOOPERS\" class=\"gallery-item-thumbnail\"><div class=\"gallery-item-caption-wrap card-hover-bg caption-style-hoverer \">\n                            <div class=\"gallery-item-buttons\">                <a href=\"http:\/\/slctorcy.fr\/WorldPress\/hoopers\/\" aria-label=\"eael-item-maybe-link\"> <span class=\"fg-item-icon-inner\"><i class=\"fas fa-arrow-circle-right\" aria-hidden=\"true\"><\/i><\/span><\/a><\/div>\n                        <\/div><\/div><div class=\"gallery-item-caption-wrap caption-style-card \"><div class=\"gallery-item-caption-over\"><h2 class=\"fg-item-title\">HOOPERS<\/h2><div class=\"fg-item-content\"><p>Nouvelle discipline de parcours sans saut<\/p>\n<\/div><\/div><\/div><\/div><\/div><div class=\"eael-filterable-gallery-item-wrap\">\n\t\t\t\t<div class=\"eael-gallery-grid-item\"><div class=\"gallery-item-thumbnail-wrap\"><img decoding=\"async\" src=\"http:\/\/slctorcy.fr\/WorldPress\/wp-content\/uploads\/2024\/10\/Obeissance_1.jpg\" data-lazy-src=\"http:\/\/slctorcy.fr\/WorldPress\/wp-content\/uploads\/2024\/10\/Obeissance_1.jpg\" alt=\"OBEISSANCE\" class=\"gallery-item-thumbnail\"><div class=\"gallery-item-caption-wrap card-hover-bg caption-style-hoverer \">\n                            <div class=\"gallery-item-buttons\">                <a href=\"http:\/\/slctorcy.fr\/WorldPress\/obeissance\/\" aria-label=\"eael-item-maybe-link\"> <span class=\"fg-item-icon-inner\"><i class=\"fas fa-arrow-circle-right\" aria-hidden=\"true\"><\/i><\/span><\/a><\/div>\n                        <\/div><\/div><div class=\"gallery-item-caption-wrap caption-style-card \"><div class=\"gallery-item-caption-over\"><h2 class=\"fg-item-title\">OBEISSANCE<\/h2><div class=\"fg-item-content\"><p>Discipline sportive \u00e0 part enti\u00e8re<\/p>\n<\/div><\/div><\/div><\/div><\/div><div class=\"eael-filterable-gallery-item-wrap\">\n\t\t\t\t<div class=\"eael-gallery-grid-item\"><div class=\"gallery-item-thumbnail-wrap\"><img decoding=\"async\" src=\"http:\/\/slctorcy.fr\/WorldPress\/wp-content\/uploads\/2024\/10\/Rally-o_3.jpg\" data-lazy-src=\"http:\/\/slctorcy.fr\/WorldPress\/wp-content\/uploads\/2024\/10\/Rally-o_3.jpg\" alt=\"RALLY_O\" class=\"gallery-item-thumbnail\"><div class=\"gallery-item-caption-wrap card-hover-bg caption-style-hoverer \">\n                            <div class=\"gallery-item-buttons\">                <a href=\"http:\/\/slctorcy.fr\/WorldPress\/rally-o\/\" aria-label=\"eael-item-maybe-link\"> <span class=\"fg-item-icon-inner\"><i class=\"fas fa-arrow-circle-right\" aria-hidden=\"true\"><\/i><\/span><\/a><\/div>\n                        <\/div><\/div><div class=\"gallery-item-caption-wrap caption-style-card \"><div class=\"gallery-item-caption-over\"><h2 class=\"fg-item-title\">RALLY_O<\/h2><div class=\"fg-item-content\"><p>M\u00e9lange d&rsquo;ob\u00e9issance et de dog dancing<\/p>\n<\/div><\/div><\/div><\/div><\/div>            <\/div>\n            \n                    <\/div>\n        \n        \t\t<\/div>\n\t\t\t\t<\/div>\n\t\t\t\t\t<\/div>\n\t\t\t\t<\/div>\n\t\t\t\t<\/div>\n\t\t","protected":false},"excerpt":{"rendered":"<p>NOS ACTIVTES Le club propose diff\u00e9rentes disciplines sportives canines pour votre plus grand plaisir ainsi que celle de votre chien Chaque activit\u00e9 est r\u00e9serv\u00e9e aux adh\u00e9rents du club uniquement. Chaque&#8230;<\/p>\n","protected":false},"author":1,"featured_media":0,"parent":0,"menu_order":0,"comment_status":"closed","ping_status":"closed","template":"","meta":{"_kad_post_transparent":"","_kad_post_title":"hide","_kad_post_layout":"fullwidth","_kad_post_sidebar_id":"","_kad_post_content_style":"unboxed","_kad_post_vertical_padding":"hide","_kad_post_feature":"hide","_kad_post_feature_position":"","_kad_post_header":false,"_kad_post_footer":false,"footnotes":""},"folder":[23],"class_list":["post-673","page","type-page","status-publish","hentry"],"_links":{"self":[{"href":"http:\/\/slctorcy.fr\/WorldPress\/wp-json\/wp\/v2\/pages\/673","targetHints":{"allow":["GET"]}}],"collection":[{"href":"http:\/\/slctorcy.fr\/WorldPress\/wp-json\/wp\/v2\/pages"}],"about":[{"href":"http:\/\/slctorcy.fr\/WorldPress\/wp-json\/wp\/v2\/types\/page"}],"author":[{"embeddable":true,"href":"http:\/\/slctorcy.fr\/WorldPress\/wp-json\/wp\/v2\/users\/1"}],"replies":[{"embeddable":true,"href":"http:\/\/slctorcy.fr\/WorldPress\/wp-json\/wp\/v2\/comments?post=673"}],"version-history":[{"count":35,"href":"http:\/\/slctorcy.fr\/WorldPress\/wp-json\/wp\/v2\/pages\/673\/revisions"}],"predecessor-version":[{"id":2683,"href":"http:\/\/slctorcy.fr\/WorldPress\/wp-json\/wp\/v2\/pages\/673\/revisions\/2683"}],"wp:attachment":[{"href":"http:\/\/slctorcy.fr\/WorldPress\/wp-json\/wp\/v2\/media?parent=673"}],"wp:term":[{"taxonomy":"folder","embeddable":true,"href":"http:\/\/slctorcy.fr\/WorldPress\/wp-json\/wp\/v2\/folder?post=673"}],"curies":[{"name":"wp","href":"https:\/\/api.w.org\/{rel}","templated":true}]}}